{"id":11,"date":"2019-07-25T10:16:51","date_gmt":"2019-07-25T10:16:51","guid":{"rendered":"http:\/\/atalakulo.hu\/holnap\/kozoshely\/?page_id=11"},"modified":"2019-10-07T08:46:10","modified_gmt":"2019-10-07T08:46:10","slug":"rolunk","status":"publish","type":"page","link":"http:\/\/atalakulo.hu\/holnap\/kozoshely\/rolunk\/","title":{"rendered":"R\u00f3lunk"},"content":{"rendered":"<h2>A k\u00f6z\u00f6ss\u00e9gi t\u00e9rr\u0151l, r\u00f6viden<\/h2>\n<p>A K\u00d6Z\u00d6S sz\u00f6vetkezeti alapon m\u0171k\u00f6dtetett k\u00f6z\u00f6ss\u00e9gi t\u00e9r, k\u00e1v\u00e9z\u00f3, konyha a Wekerletelepen. A helyi \u00e9lelmiszer, a helyi k\u00f6z\u00f6ss\u00e9g fontoss\u00e1ga, a z\u00f6ld tudatoss\u00e1g, a csomagol\u00e1smentess\u00e9g k\u00f6z\u00f6s a K\u00d6Z\u00d6S-be l\u00e1togat\u00f3kban. A K\u00d6Z\u00d6S otthont ad wekerletelepi k\u00f6z\u00f6ss\u00e9gi kezdem\u00e9nyez\u00e9seknek. A pult \u00e9s a konyha h\u00fasmentes \u00e9telekkel, eg\u00e9szs\u00e9ges italokkal v\u00e1rja a vend\u00e9geket piacnapokon \u2013 kedd \u00e9s p\u00e9ntek d\u00e9lel\u0151tt, cs\u00fct\u00f6rt\u00f6k d\u00e9lut\u00e1n. Minden h\u00e9ten t\u00f6bbsz\u00f6r sz\u00e1mtalan egy\u00e9b program \u2013 el\u0151ad\u00e1s, besz\u00e9lget\u00e9s, f\u0151z\u0151 \u2013 s\u00fct\u0151 &#8211; bef\u0151z\u0151 foglalkoz\u00e1sok &#8211; t\u00f6ltik be a nem \u00e9ppen m\u00e9retes teret, \u00e9s a hozz\u00e1 kapcsol\u00f3d\u00f3 hangulatos teraszt.<\/p>\n<h2>A sz\u00f6vetkezet<\/h2>\n<p>Az \u00c1talakul\u00f3 Wekerlei K\u00f6z\u00f6ss\u00e9gi Sz\u00f6vetkezet az \u00c1talakul\u00f3 Wekerle r\u00e9sze. Az \u00c1talakul\u00f3 Wekerle \u00e1ltal k\u00e9pviselt \u00e9rt\u00e9keket er\u0151s\u00edti, h\u00e1tteret biztos\u00edt a t\u00f6bb, mint 10 \u00e9ve foly\u00f3 munk\u00e1nak. C\u00e9lja lehet\u0151s\u00e9get teremteni a sz\u00f6vetkezeti tagok, hozz\u00e1tartoz\u00f3ik, a Wekerl\u00e9n, \u00e9s Kispesten \u00e9l\u0151k sz\u00e1m\u00e1ra fenntarthat\u00f3, szolid\u00e1ris \u00e9letet \u00e9lni. Mindezt egym\u00e1s seg\u00edts\u00e9g\u00e9vel, k\u00f6z\u00f6ss\u00e9gi egy\u00fcttm\u0171k\u00f6d\u00e9ssel, a helyi ell\u00e1t\u00f3 rendszerek, a helyi \u00e9lelmiszer ell\u00e1t\u00e1s meger\u0151s\u00edt\u00e9s\u00e9vel k\u00e9pzeli el. Alapokat \u00e9p\u00edt a k\u00f6z\u00f6ss\u00e9g alkalmazkod\u00f3 k\u00e9pess\u00e9g\u00e9nek er\u0151s\u00edt\u00e9se \u00e9rdek\u00e9ben a k\u00f6z\u00f6ss\u00e9gi gazdas\u00e1gi viszonyokban.<\/p>\n<h2>\u00c1talakul\u00f3 Wekerle<\/h2>\n<p>Az \u00c1talakul\u00f3 Wekerle mag\u00e1nszem\u00e9lyek, int\u00e9zm\u00e9nyek, civil szervezetek k\u00f6z\u00f6tti \u00f6sszefog\u00e1s a Wekerl\u00e9n. Magyarorsz\u00e1g els\u0151 hivatalos \u00c1talakul\u00f3 k\u00f6z\u00f6ss\u00e9ge, 2011 \u00f3ta a nemzetk\u00f6zi \u00c1talakul\u00f3 V\u00e1rosok H\u00e1l\u00f3zat tagja. Az \u00c1talakul\u00f3 mozgalom c\u00e9lja hogy a helyi k\u00f6z\u00f6ss\u00e9geket alkalmazkod\u00f3k\u00e9pess\u00e9, alkalmass\u00e1 tegye arra, hogy megbirk\u00f3zzanak a kl\u00edmav\u00e1ltoz\u00e1s \u00e9s az energiasz\u0171k\u00f6ss\u00e9g \u00e1ltal t\u00e1masztott kih\u00edv\u00e1sokkal. Ezt a c\u00e9l szolg\u00e1lja a k\u00f6z\u00f6ss\u00e9gek, k\u00f6z\u00f6ss\u00e9gi kapcsolatok, a helyi gazdas\u00e1g, helyi termel\u0151k \u00e9s kisv\u00e1llalkoz\u00e1sok er\u0151s\u00edt\u00e9se, a helyi \u00e9lelmiszer- \u00e9s energiarforr\u00e1sok felkutat\u00e1sa, vagy l\u00e9trehoz\u00e1sa, a kl\u00edmabar\u00e1t h\u00e1ztart\u00e1si, \u00e9s k\u00f6zleked\u00e9si megold\u00e1sok, \u00e9s sok m\u00e1s praktika. B\u0151vebben a <a href=\"https:\/\/www.facebook.com\/atalakulo.wekerle\/\" target=\"_blank\" rel=\"noopener noreferrer\">Facebook oldalunkon<\/a> tal\u00e1lsz aktu\u00e1lis inform\u00e1ci\u00f3kat.<\/p>\n<div class=\"container section-padding\">\n<div class=\"section-title-area\">\n<h2 class=\"section-title\">T\u00f6rt\u00e9net\u00fcnk<\/h2>\n<\/p><\/div>\n\t\t<div class=\"wpostahs-slider-wrp \" data-conf=\"{&quot;dots&quot;:&quot;true&quot;,&quot;arrows&quot;:&quot;true&quot;,&quot;loop&quot;:&quot;false&quot;,&quot;autoplay&quot;:&quot;true&quot;,&quot;autoplayInterval&quot;:3000,&quot;speed&quot;:300,&quot;fade&quot;:&quot;false&quot;,&quot;rtl&quot;:&quot;false&quot;,&quot;centermode&quot;:&quot;false&quot;,&quot;slidestoshow&quot;:3,&quot;lazyload&quot;:&quot;&quot;}\">\r\n\t\t\t<div class=\"wpostahs-slider wpostahs-slider-inner-wrp wpostahs-slider-design-2\">\r\n\t\t\t\t\n<div id=\"wpostahs-slider-nav-1\" class=\"wpostahs-slider-nav-1 wpostahs-slider-nav wpostahs-slick-slider\" data-slider-nav-for='wpostahs-slider-for-1'>\n\t\t\t\t<div class=\"wpostahs-slider-nav-title\">\n\t\t\t<div class=\"wpostahs-main-title\">\n\t\t\t\t<button><\/button>\n\t\t\t<\/div>\n\t\t\t<div class=\"wpostahs-title\">2008<\/div>\n\t\t<\/div>\n\t\t\t<div class=\"wpostahs-slider-nav-title\">\n\t\t\t<div class=\"wpostahs-main-title\">\n\t\t\t\t<button><\/button>\n\t\t\t<\/div>\n\t\t\t<div class=\"wpostahs-title\">2011<\/div>\n\t\t<\/div>\n\t\t\t<div class=\"wpostahs-slider-nav-title\">\n\t\t\t<div class=\"wpostahs-main-title\">\n\t\t\t\t<button><\/button>\n\t\t\t<\/div>\n\t\t\t<div class=\"wpostahs-title\">2012<\/div>\n\t\t<\/div>\n\t\t\t<div class=\"wpostahs-slider-nav-title\">\n\t\t\t<div class=\"wpostahs-main-title\">\n\t\t\t\t<button><\/button>\n\t\t\t<\/div>\n\t\t\t<div class=\"wpostahs-title\">2012<\/div>\n\t\t<\/div>\n\t\t\t<div class=\"wpostahs-slider-nav-title\">\n\t\t\t<div class=\"wpostahs-main-title\">\n\t\t\t\t<button><\/button>\n\t\t\t<\/div>\n\t\t\t<div class=\"wpostahs-title\">2013<\/div>\n\t\t<\/div>\n\t\t\t<div class=\"wpostahs-slider-nav-title\">\n\t\t\t<div class=\"wpostahs-main-title\">\n\t\t\t\t<button><\/button>\n\t\t\t<\/div>\n\t\t\t<div class=\"wpostahs-title\">2013<\/div>\n\t\t<\/div>\n\t\t\t<div class=\"wpostahs-slider-nav-title\">\n\t\t\t<div class=\"wpostahs-main-title\">\n\t\t\t\t<button><\/button>\n\t\t\t<\/div>\n\t\t\t<div class=\"wpostahs-title\">2016<\/div>\n\t\t<\/div>\n\t\t\t<div class=\"wpostahs-slider-nav-title\">\n\t\t\t<div class=\"wpostahs-main-title\">\n\t\t\t\t<button><\/button>\n\t\t\t<\/div>\n\t\t\t<div class=\"wpostahs-title\">2017<\/div>\n\t\t<\/div>\n\t\t\t<div class=\"wpostahs-slider-nav-title\">\n\t\t\t<div class=\"wpostahs-main-title\">\n\t\t\t\t<button><\/button>\n\t\t\t<\/div>\n\t\t\t<div class=\"wpostahs-title\">2017<\/div>\n\t\t<\/div>\n\t\t\t<div class=\"wpostahs-slider-nav-title\">\n\t\t\t<div class=\"wpostahs-main-title\">\n\t\t\t\t<button><\/button>\n\t\t\t<\/div>\n\t\t\t<div class=\"wpostahs-title\">2018<\/div>\n\t\t<\/div>\n\t\t\t<div class=\"wpostahs-slider-nav-title\">\n\t\t\t<div class=\"wpostahs-main-title\">\n\t\t\t\t<button><\/button>\n\t\t\t<\/div>\n\t\t\t<div class=\"wpostahs-title\">2018<\/div>\n\t\t<\/div>\n\t\t\t<div class=\"wpostahs-slider-nav-title\">\n\t\t\t<div class=\"wpostahs-main-title\">\n\t\t\t\t<button><\/button>\n\t\t\t<\/div>\n\t\t\t<div class=\"wpostahs-title\">2019<\/div>\n\t\t<\/div>\n\t<\/div>\n\n<div class=\"wpostahs-slider-for-1 wpostahs-slider-for wpostahs-slick-slider\">\n\t\t\t\n\t\t<div class=\"wpostahs-slider-nav-content\">\n\t\t<h2 class=\"wpostahs-centent-title\">2008<\/h2>\n\t\t\t<div class=\"wpostahs-centent\">\n\t\t\t\t<p><img fetchpriority=\"high\" fetchpriority=\"high\" decoding=\"async\" class=\"alignnone size-medium wp-image-506\" src=\"http:\/\/atalakulo.hu\/holnap\/kozoshely\/wp-content\/uploads\/sites\/3\/2013\/09\/20160521_191818-300x180.jpg\" alt=\"\" width=\"300\" height=\"180\" srcset=\"http:\/\/atalakulo.hu\/holnap\/kozoshely\/wp-content\/uploads\/sites\/3\/2013\/09\/20160521_191818-300x180.jpg 300w, http:\/\/atalakulo.hu\/holnap\/kozoshely\/wp-content\/uploads\/sites\/3\/2013\/09\/20160521_191818-768x461.jpg 768w, http:\/\/atalakulo.hu\/holnap\/kozoshely\/wp-content\/uploads\/sites\/3\/2013\/09\/20160521_191818-1024x614.jpg 1024w\" sizes=\"(max-width: 300px) 100vw, 300px\" \/><br \/>\nMegalakult az \u00c1talakul\u00f3 Wekerle, kin\u0151ve a Wekerlei T\u00e1rsask\u00f6r Z\u00f6ld Hajt\u00e1s klubj\u00e1t.<\/p>\n\t\t\t<\/div>\n\n\t\t\t\t<\/div>\n\t\t\t\n\t\t<div class=\"wpostahs-slider-nav-content\">\n\t\t<h2 class=\"wpostahs-centent-title\">2011<\/h2>\n\t\t\t<div class=\"wpostahs-centent\">\n\t\t\t\t<p><img decoding=\"async\" class=\"alignnone size-medium wp-image-512\" src=\"http:\/\/atalakulo.hu\/holnap\/kozoshely\/wp-content\/uploads\/sites\/3\/2013\/09\/magborzelogo-copy-300x300.jpg\" alt=\"\" width=\"300\" height=\"300\" srcset=\"http:\/\/atalakulo.hu\/holnap\/kozoshely\/wp-content\/uploads\/sites\/3\/2013\/09\/magborzelogo-copy-300x300.jpg 300w, http:\/\/atalakulo.hu\/holnap\/kozoshely\/wp-content\/uploads\/sites\/3\/2013\/09\/magborzelogo-copy-150x150.jpg 150w, http:\/\/atalakulo.hu\/holnap\/kozoshely\/wp-content\/uploads\/sites\/3\/2013\/09\/magborzelogo-copy.jpg 354w\" sizes=\"(max-width: 300px) 100vw, 300px\" \/><br \/>\nAz \u00c1talakul\u00f3 Wekerle a nemzetk\u00f6zi \u00c1talakul\u00f3 V\u00e1rosok mozgalom els\u0151 magyarorsz\u00e1gi tagja lett.<\/p>\n\t\t\t<\/div>\n\n\t\t\t\t<\/div>\n\t\t\t\n\t\t<div class=\"wpostahs-slider-nav-content\">\n\t\t<h2 class=\"wpostahs-centent-title\">2012<\/h2>\n\t\t\t<div class=\"wpostahs-centent\">\n\t\t\t\t<p><iframe title=\"T\u00e9vhitek helyett komposzt\u00e1ljunk!\" width=\"800\" height=\"450\" src=\"https:\/\/www.youtube.com\/embed\/CJZfUKm6NNM?feature=oembed\" frameborder=\"0\" allow=\"accelerometer; autoplay; encrypted-media; gyroscope; picture-in-picture\" allowfullscreen><\/iframe><\/p>\n<p>Az \u00f6nkorm\u00e1nyzattal k\u00f6z\u00f6s komposztprogramot ind\u00edtottunk, \u00e9s folyamatosan m\u0171k\u00f6dtetj\u00fck. Nemcsak a ker\u00fcleti lak\u00f3kkal, hanem az iskol\u00e1kkal is sz\u00edvesen egy\u00fcttm\u0171k\u00f6d\u00fcnk.<br \/>\nAzoknak, akik most kezden\u00e9nek bele, aj\u00e1nljuk kisfilm\u00fcnket.<\/p>\n\t\t\t<\/div>\n\n\t\t\t\t<\/div>\n\t\t\t\n\t\t<div class=\"wpostahs-slider-nav-content\">\n\t\t<h2 class=\"wpostahs-centent-title\">2012<\/h2>\n\t\t\t<div class=\"wpostahs-centent\">\n\t\t\t\t<p><img decoding=\"async\" class=\"alignnone size-medium wp-image-507\" src=\"http:\/\/atalakulo.hu\/holnap\/kozoshely\/wp-content\/uploads\/sites\/3\/2013\/09\/a-kispiac-bar\u00e1tai-300x225.png\" alt=\"\" width=\"300\" height=\"225\" srcset=\"http:\/\/atalakulo.hu\/holnap\/kozoshely\/wp-content\/uploads\/sites\/3\/2013\/09\/a-kispiac-bar\u00e1tai-300x225.png 300w, http:\/\/atalakulo.hu\/holnap\/kozoshely\/wp-content\/uploads\/sites\/3\/2013\/09\/a-kispiac-bar\u00e1tai.png 400w\" sizes=\"(max-width: 300px) 100vw, 300px\" \/><br \/>\nA Wekerlei Kispiac facebook oldal\u00e1nak megsz\u00fclet\u00e9se ez az \u00e9v. Itt igyeksz\u00fcnk besz\u00e1molni a Kispiaccal kapcsolatos, \u00e9s a Kispiacon \u00e1rus\u00edt\u00f3 termel\u0151kkel kapcsolatos t\u00f6rt\u00e9n\u00e9sekr\u0151l.<\/p>\n\t\t\t<\/div>\n\n\t\t\t\t<\/div>\n\t\t\t\n\t\t<div class=\"wpostahs-slider-nav-content\">\n\t\t<h2 class=\"wpostahs-centent-title\">2013<\/h2>\n\t\t\t<div class=\"wpostahs-centent\">\n\t\t\t\t<p><img loading=\"lazy\" loading=\"lazy\" decoding=\"async\" class=\"alignnone size-medium wp-image-509\" src=\"http:\/\/atalakulo.hu\/holnap\/kozoshely\/wp-content\/uploads\/sites\/3\/2013\/09\/FoldNapja_Szelektiv_Atalakulo_Wekerle_2013-300x200.jpg\" alt=\"\" width=\"300\" height=\"200\" srcset=\"http:\/\/atalakulo.hu\/holnap\/kozoshely\/wp-content\/uploads\/sites\/3\/2013\/09\/FoldNapja_Szelektiv_Atalakulo_Wekerle_2013-300x200.jpg 300w, http:\/\/atalakulo.hu\/holnap\/kozoshely\/wp-content\/uploads\/sites\/3\/2013\/09\/FoldNapja_Szelektiv_Atalakulo_Wekerle_2013-768x512.jpg 768w, http:\/\/atalakulo.hu\/holnap\/kozoshely\/wp-content\/uploads\/sites\/3\/2013\/09\/FoldNapja_Szelektiv_Atalakulo_Wekerle_2013-1024x683.jpg 1024w, http:\/\/atalakulo.hu\/holnap\/kozoshely\/wp-content\/uploads\/sites\/3\/2013\/09\/FoldNapja_Szelektiv_Atalakulo_Wekerle_2013.jpg 2048w\" sizes=\"auto, (max-width: 300px) 100vw, 300px\" \/><br \/>\nA F\u00f6ld Napj\u00e1ra mindig k\u00e9sz\u00fcl\u00fcnk. Ebben az \u00e9vben a B\u00e1rczy Istv\u00e1n teret tett\u00fck szebb\u00e9, hoztuk rendbe a ker\u00e9kp\u00e1r ugrat\u00f3t, \u00e9p\u00edtett\u00fcnk magas\u00e1gy\u00e1st, \u00e9s az akkor m\u00e9g l\u00e9tez\u0151 kukaszigetet is d\u00edsz\u00edtett\u00fck.<\/p>\n\t\t\t<\/div>\n\n\t\t\t\t<\/div>\n\t\t\t\n\t\t<div class=\"wpostahs-slider-nav-content\">\n\t\t<h2 class=\"wpostahs-centent-title\">2013<\/h2>\n\t\t\t<div class=\"wpostahs-centent\">\n\t\t\t\t<p><img loading=\"lazy\" loading=\"lazy\" decoding=\"async\" class=\"alignnone size-medium wp-image-513\" src=\"http:\/\/atalakulo.hu\/holnap\/kozoshely\/wp-content\/uploads\/sites\/3\/2013\/09\/magb\u00f6rze1-300x200.jpg\" alt=\"\" width=\"300\" height=\"200\" srcset=\"http:\/\/atalakulo.hu\/holnap\/kozoshely\/wp-content\/uploads\/sites\/3\/2013\/09\/magb\u00f6rze1-300x200.jpg 300w, http:\/\/atalakulo.hu\/holnap\/kozoshely\/wp-content\/uploads\/sites\/3\/2013\/09\/magb\u00f6rze1-768x511.jpg 768w, http:\/\/atalakulo.hu\/holnap\/kozoshely\/wp-content\/uploads\/sites\/3\/2013\/09\/magb\u00f6rze1.jpg 1024w\" sizes=\"auto, (max-width: 300px) 100vw, 300px\" \/><br \/>\nA Wekerlei Kult\u00farh\u00e1zzal k\u00f6z\u00f6sen ebben az \u00e9vben szervezt\u00fck az els\u0151 magb\u00f6rz\u00e9t, mely az\u00f3ta minden \u00e9vben sok \u00e9rdekl\u0151d\u0151t vonz.<\/p>\n\t\t\t<\/div>\n\n\t\t\t\t<\/div>\n\t\t\t\n\t\t<div class=\"wpostahs-slider-nav-content\">\n\t\t<h2 class=\"wpostahs-centent-title\">2016<\/h2>\n\t\t\t<div class=\"wpostahs-centent\">\n\t\t\t\t<p><img loading=\"lazy\" loading=\"lazy\" decoding=\"async\" class=\"alignnone size-medium wp-image-515\" src=\"http:\/\/atalakulo.hu\/holnap\/kozoshely\/wp-content\/uploads\/sites\/3\/2013\/09\/piacprogram-b\u00e1b-300x225.jpg\" alt=\"\" width=\"300\" height=\"225\" srcset=\"http:\/\/atalakulo.hu\/holnap\/kozoshely\/wp-content\/uploads\/sites\/3\/2013\/09\/piacprogram-b\u00e1b-300x225.jpg 300w, http:\/\/atalakulo.hu\/holnap\/kozoshely\/wp-content\/uploads\/sites\/3\/2013\/09\/piacprogram-b\u00e1b.jpg 320w\" sizes=\"auto, (max-width: 300px) 100vw, 300px\" \/><br \/>\nGyerekprogramokat a Kispiacra! A b\u00e1bsz\u00ednh\u00e1znak, k\u00f3stol\u00f3knak, mes\u00e9nek mindig \u00f6r\u00fclnek a legkisebbek.<\/p>\n\t\t\t<\/div>\n\n\t\t\t\t<\/div>\n\t\t\t\n\t\t<div class=\"wpostahs-slider-nav-content\">\n\t\t<h2 class=\"wpostahs-centent-title\">2017<\/h2>\n\t\t\t<div class=\"wpostahs-centent\">\n\t\t\t\t<p><img loading=\"lazy\" loading=\"lazy\" decoding=\"async\" class=\"alignnone size-medium wp-image-511\" src=\"http:\/\/atalakulo.hu\/holnap\/kozoshely\/wp-content\/uploads\/sites\/3\/2013\/09\/k\u00f6z\u00f6ss\u00e9gi-kar\u00e1csony-v1-169x300.jpg\" alt=\"\" width=\"169\" height=\"300\" srcset=\"http:\/\/atalakulo.hu\/holnap\/kozoshely\/wp-content\/uploads\/sites\/3\/2013\/09\/k\u00f6z\u00f6ss\u00e9gi-kar\u00e1csony-v1-169x300.jpg 169w, http:\/\/atalakulo.hu\/holnap\/kozoshely\/wp-content\/uploads\/sites\/3\/2013\/09\/k\u00f6z\u00f6ss\u00e9gi-kar\u00e1csony-v1-768x1365.jpg 768w, http:\/\/atalakulo.hu\/holnap\/kozoshely\/wp-content\/uploads\/sites\/3\/2013\/09\/k\u00f6z\u00f6ss\u00e9gi-kar\u00e1csony-v1-576x1024.jpg 576w, http:\/\/atalakulo.hu\/holnap\/kozoshely\/wp-content\/uploads\/sites\/3\/2013\/09\/k\u00f6z\u00f6ss\u00e9gi-kar\u00e1csony-v1.jpg 1746w\" sizes=\"auto, (max-width: 169px) 100vw, 169px\" \/><br \/>\nA hideg ellen\u00e9re minden alkalommal remek hangulata volt, van az \u00e1ltalunk szervezett k\u00f6z\u00f6ss\u00e9gi kar\u00e1csonyoknak a Kispiacon.<\/p>\n\t\t\t<\/div>\n\n\t\t\t\t<\/div>\n\t\t\t\n\t\t<div class=\"wpostahs-slider-nav-content\">\n\t\t<h2 class=\"wpostahs-centent-title\">2017<\/h2>\n\t\t\t<div class=\"wpostahs-centent\">\n\t\t\t\t<p><img loading=\"lazy\" loading=\"lazy\" decoding=\"async\" class=\"alignnone size-medium wp-image-508\" src=\"http:\/\/atalakulo.hu\/holnap\/kozoshely\/wp-content\/uploads\/sites\/3\/2013\/09\/Copy-of-piactervezes_kirakat_Atalakulo_Wekerle-2017-300x225.jpg\" alt=\"\" width=\"300\" height=\"225\" srcset=\"http:\/\/atalakulo.hu\/holnap\/kozoshely\/wp-content\/uploads\/sites\/3\/2013\/09\/Copy-of-piactervezes_kirakat_Atalakulo_Wekerle-2017-300x225.jpg 300w, http:\/\/atalakulo.hu\/holnap\/kozoshely\/wp-content\/uploads\/sites\/3\/2013\/09\/Copy-of-piactervezes_kirakat_Atalakulo_Wekerle-2017-768x576.jpg 768w, http:\/\/atalakulo.hu\/holnap\/kozoshely\/wp-content\/uploads\/sites\/3\/2013\/09\/Copy-of-piactervezes_kirakat_Atalakulo_Wekerle-2017-1024x768.jpg 1024w\" sizes=\"auto, (max-width: 300px) 100vw, 300px\" \/><br \/>\nA Kispiac \u00fajj\u00e1\u00e9p\u00edt\u00e9s\u00e9nek terv\u00e9t a kezdetekt\u0151l k\u00f6vetj\u00fck, alak\u00edtani igyeksz\u00fcnk, ez\u00e9rt k\u00f6z\u00f6ss\u00e9gi tervez\u00e9st is szervezt\u00fcnk.<\/p>\n\t\t\t<\/div>\n\n\t\t\t\t<\/div>\n\t\t\t\n\t\t<div class=\"wpostahs-slider-nav-content\">\n\t\t<h2 class=\"wpostahs-centent-title\">2018<\/h2>\n\t\t\t<div class=\"wpostahs-centent\">\n\t\t\t\t<p><img loading=\"lazy\" loading=\"lazy\" decoding=\"async\" class=\"alignnone size-medium wp-image-514\" src=\"http:\/\/atalakulo.hu\/holnap\/kozoshely\/wp-content\/uploads\/sites\/3\/2013\/09\/paradicsom-palanta-cserebere-300x169.jpg\" alt=\"\" width=\"300\" height=\"169\" srcset=\"http:\/\/atalakulo.hu\/holnap\/kozoshely\/wp-content\/uploads\/sites\/3\/2013\/09\/paradicsom-palanta-cserebere-300x169.jpg 300w, http:\/\/atalakulo.hu\/holnap\/kozoshely\/wp-content\/uploads\/sites\/3\/2013\/09\/paradicsom-palanta-cserebere-768x432.jpg 768w, http:\/\/atalakulo.hu\/holnap\/kozoshely\/wp-content\/uploads\/sites\/3\/2013\/09\/paradicsom-palanta-cserebere-1024x576.jpg 1024w, http:\/\/atalakulo.hu\/holnap\/kozoshely\/wp-content\/uploads\/sites\/3\/2013\/09\/paradicsom-palanta-cserebere.jpg 2048w\" sizes=\"auto, (max-width: 300px) 100vw, 300px\" \/><br \/>\nParadicsom pal\u00e1nt\u00e1kat 2012-ben lehetett el\u0151sz\u00f6r \u00f6r\u00f6kbe fogadni.<\/p>\n\t\t\t<\/div>\n\n\t\t\t\t<\/div>\n\t\t\t\n\t\t<div class=\"wpostahs-slider-nav-content\">\n\t\t<h2 class=\"wpostahs-centent-title\">2018<\/h2>\n\t\t\t<div class=\"wpostahs-centent\">\n\t\t\t\t<p><img fetchpriority=\"high\" fetchpriority=\"high\" decoding=\"async\" class=\"alignnone size-medium wp-image-506\" src=\"http:\/\/atalakulo.hu\/holnap\/kozoshely\/wp-content\/uploads\/sites\/3\/2013\/09\/20160521_191818-300x180.jpg\" alt=\"\" width=\"300\" height=\"180\" srcset=\"http:\/\/atalakulo.hu\/holnap\/kozoshely\/wp-content\/uploads\/sites\/3\/2013\/09\/20160521_191818-300x180.jpg 300w, http:\/\/atalakulo.hu\/holnap\/kozoshely\/wp-content\/uploads\/sites\/3\/2013\/09\/20160521_191818-768x461.jpg 768w, http:\/\/atalakulo.hu\/holnap\/kozoshely\/wp-content\/uploads\/sites\/3\/2013\/09\/20160521_191818-1024x614.jpg 1024w\" sizes=\"(max-width: 300px) 100vw, 300px\" \/><br \/>\n10 \u00e9ves az \u00c1talakul\u00f3 Wekerle. K\u00f6z\u00f6sen \u00fcnnepelt\u00fcnk.<\/p>\n\t\t\t<\/div>\n\n\t\t\t\t<\/div>\n\t\t\t\n\t\t<div class=\"wpostahs-slider-nav-content\">\n\t\t<h2 class=\"wpostahs-centent-title\">2019<\/h2>\n\t\t\t<div class=\"wpostahs-centent\">\n\t\t\t\t<p><img loading=\"lazy\" loading=\"lazy\" decoding=\"async\" class=\"alignnone size-medium wp-image-516\" src=\"http:\/\/atalakulo.hu\/holnap\/kozoshely\/wp-content\/uploads\/sites\/3\/2013\/09\/raklap-300x225.jpg\" alt=\"\" width=\"300\" height=\"225\" srcset=\"http:\/\/atalakulo.hu\/holnap\/kozoshely\/wp-content\/uploads\/sites\/3\/2013\/09\/raklap-300x225.jpg 300w, http:\/\/atalakulo.hu\/holnap\/kozoshely\/wp-content\/uploads\/sites\/3\/2013\/09\/raklap-768x576.jpg 768w, http:\/\/atalakulo.hu\/holnap\/kozoshely\/wp-content\/uploads\/sites\/3\/2013\/09\/raklap.jpg 960w\" sizes=\"auto, (max-width: 300px) 100vw, 300px\" \/><br \/>\nA Wekerlei Napokon, \u00e9s a Wekerlei Sz\u00e9kelykapu Napokon az \u00c1talakul\u00f3 Wekerle megalakul\u00e1sa \u00f3ta, rendszeresen r\u00e9szt vesz\u00fcnk. A raklap b\u00fatorainkat \u00e9vr\u0151l \u00e9vre jobban szeretik az emberek.<\/p>\n\t\t\t<\/div>\n\n\t\t\t\t<\/div>\n\t<\/div>\t\t\t<\/div>\r\n\t\t<\/div>\r\n\t\t<\/div>\n","protected":false},"excerpt":{"rendered":"<p>A k\u00f6z\u00f6ss\u00e9gi t\u00e9rr\u0151l, r\u00f6viden A K\u00d6Z\u00d6S sz\u00f6vetkezeti alapon m\u0171k\u00f6dtetett k\u00f6z\u00f6ss\u00e9gi t\u00e9r, k\u00e1v\u00e9z\u00f3, konyha a Wekerletelepen. A helyi \u00e9lelmiszer, a helyi k\u00f6z\u00f6ss\u00e9g fontoss\u00e1ga, a z\u00f6ld tudatoss\u00e1g, a csomagol\u00e1smentess\u00e9g k\u00f6z\u00f6s a K\u00d6Z\u00d6S-be &#8230;<\/p>\n","protected":false},"author":14,"featured_media":0,"parent":0,"menu_order":0,"comment_status":"closed","ping_status":"closed","template":"","meta":{"footnotes":""},"class_list":["post-11","page","type-page","status-publish","hentry","wpautop"],"aioseo_notices":[],"featured_image_src":null,"_links":{"self":[{"href":"http:\/\/atalakulo.hu\/holnap\/kozoshely\/wp-json\/wp\/v2\/pages\/11","targetHints":{"allow":["GET"]}}],"collection":[{"href":"http:\/\/atalakulo.hu\/holnap\/kozoshely\/wp-json\/wp\/v2\/pages"}],"about":[{"href":"http:\/\/atalakulo.hu\/holnap\/kozoshely\/wp-json\/wp\/v2\/types\/page"}],"author":[{"embeddable":true,"href":"http:\/\/atalakulo.hu\/holnap\/kozoshely\/wp-json\/wp\/v2\/users\/14"}],"replies":[{"embeddable":true,"href":"http:\/\/atalakulo.hu\/holnap\/kozoshely\/wp-json\/wp\/v2\/comments?post=11"}],"version-history":[{"count":22,"href":"http:\/\/atalakulo.hu\/holnap\/kozoshely\/wp-json\/wp\/v2\/pages\/11\/revisions"}],"predecessor-version":[{"id":769,"href":"http:\/\/atalakulo.hu\/holnap\/kozoshely\/wp-json\/wp\/v2\/pages\/11\/revisions\/769"}],"wp:attachment":[{"href":"http:\/\/atalakulo.hu\/holnap\/kozoshely\/wp-json\/wp\/v2\/media?parent=11"}],"curies":[{"name":"wp","href":"https:\/\/api.w.org\/{rel}","templated":true}]}}