{"id":1147,"date":"2021-01-25T07:05:31","date_gmt":"2021-01-25T07:05:31","guid":{"rendered":"http:\/\/atalakulo.hu\/holnap\/kozoshely\/?page_id=1147"},"modified":"2025-09-05T07:17:53","modified_gmt":"2025-09-05T07:17:53","slug":"adatkezelesi-tajekoztato","status":"publish","type":"page","link":"http:\/\/atalakulo.hu\/holnap\/kozoshely\/kapcsolat\/adatkezelesi-tajekoztato\/","title":{"rendered":"Adatkezel\u00e9si t\u00e1j\u00e9koztat\u00f3"},"content":{"rendered":"\n<p><strong>\u00c1talakul\u00f3 Wekerlei K\u00f6z\u00f6ss\u00e9gi Sz\u00f6vetkezet (\u00c1WK Sz\u00f6vetkezet)<\/strong> <br>( Al\u00fal tal\u00e1lhat\u00f3 a K\u00d6Z\u00d6S KONYHA KERT program kieg\u00e9sz\u00edt\u0151 t\u00e1j\u00e9koztat\u00f3t)<\/p>\n\n\n\n<p><strong>Adatkezel\u00e9si t\u00e1j\u00e9koztat\u00f3<\/strong><\/p>\n\n\n\n<p>A t\u00e1j\u00e9koztat\u00f3 c\u00e9lja az \u00c1WK Sz\u00f6vetkezet \u00fcgyfelei \u00e9s partnerei t\u00e1j\u00e9koztat\u00e1sa szem\u00e9lyes adataik kezel\u00e9s\u00e9t illet\u0151en.<\/p>\n\n\n\n<p>A Sz\u00f6vetkezet, mint adatkezel\u0151 a hat\u00e1lyos jogszab\u00e1lyokkal \u00f6sszhangban, az adatkezel\u00e9si \u00e9s adatv\u00e9delmi rendelkez\u00e9sek el\u0151\u00edr\u00e1sait betartva v\u00e9gzi a szem\u00e9lyes adatok kezel\u00e9s\u00e9t. Figyelembe veszi a jogszer\u0171s\u00e9g, tisztess\u00e9ges elj\u00e1r\u00e1s \u00e9s \u00e1tl\u00e1that\u00f3s\u00e1g, a c\u00e9lhoz k\u00f6t\u00f6tts\u00e9g, adattakar\u00e9koss\u00e1g, pontoss\u00e1g, korl\u00e1tozott t\u00e1rolhat\u00f3s\u00e1g alapelveit.<\/p>\n\n\n\n<p>Az adatkezel\u0151 a szem\u00e9lyes adatokat bizalmasan kezeli, \u00e9s megtesz minden biztons\u00e1gi, technikai \u00e9s szervez\u00e9si int\u00e9zked\u00e9st, hogy partnerei szem\u00e9lyes adatait biztons\u00e1gos, az Eur\u00f3pai Parlament \u00e9s a Tan\u00e1cs (EU) 2016\/679. rendelete \u00e1ltal el\u0151\u00edrt m\u00f3don kezelje, \u00e9s az adatok biztons\u00e1g\u00e1t garant\u00e1lja.<\/p>\n\n\n\n<p><strong>Adatkezel\u0151<\/strong>: \u00c1WK Sz\u00f6vetkezet<\/p>\n\n\n\n<p><strong>Sz\u00e9khely<\/strong>: 1192 Budapest, N\u00e1dasdy u. 1.<\/p>\n\n\n\n<p><strong>Ad\u00f3sz\u00e1m<\/strong>: 26772963-1-43<\/p>\n\n\n\n<p><strong>C\u00e9gjegyz\u00e9ksz\u00e1m<\/strong>: 01-02-054586<\/p>\n\n\n\n<p><strong>e-mail<\/strong>: awkszovetkezet@gmail.com<\/p>\n\n\n\n<p><strong>Honlap<\/strong>: www.kozoshely.hu<\/p>\n\n\n\n<p><strong>A szem\u00e9lyes adatok kezel\u00e9s\u00e9re vonatkoz\u00f3 ir\u00e1nyelvek<\/strong><\/p>\n\n\n\n<p>A Sz\u00f6vetkezet az adatokat mindig az \u00e9rintettek \u00f6nk\u00e9ntes, megfelel\u0151 t\u00e1j\u00e9koztat\u00e1son alapul\u00f3, egy\u00e9rtelm\u0171, online vagy pap\u00edralap\u00fa hozz\u00e1j\u00e1rul\u00e1sa alapj\u00e1n kezeli. A hozz\u00e1j\u00e1rul\u00e1sokat jelsz\u00f3val v\u00e9dett vagy m\u00e1s, illet\u00e9ktelenek sz\u00e1m\u00e1ra nem hozz\u00e1f\u00e9rhet\u0151 form\u00e1ban t\u00e1rolja. A Sz\u00f6vetkezet \u00e9rz\u00e9keny szem\u00e9lyes adatokat \u00e9s 18 \u00e9ven aluli gyermek szem\u00e9lyes adatait nem kezeli. Az adatokat a Sz\u00f6vetkezet kiz\u00e1r\u00f3lag kapcsolattart\u00e1sra haszn\u00e1lja. Az adatokat harmadik f\u00e9lnek (kiv\u00e9ve, ha erre k\u00fcl\u00f6n felhatalmaz\u00e1st kap), illetve a nyilv\u00e1noss\u00e1gnak nem teszi hozz\u00e1f\u00e9rhet\u0151v\u00e9, \u00e9s megteszi a sz\u00fcks\u00e9ges int\u00e9zked\u00e9seket adatv\u00e9delmi incidens elker\u00fcl\u00e9s\u00e9re. Ha az \u00e9rintett k\u00e9ri adatai t\u00f6rl\u00e9s\u00e9t, azt halad\u00e9ktalanul megtessz\u00fck. Az adatkezel\u00e9s jogszer\u0171s\u00e9g\u00e9t az adatkezel\u0151 a tev\u00e9kenys\u00e9ge minden f\u00e1zis\u00e1ban vizsg\u00e1lja, csak olyan adatot \u00e9s addig kezel, amelynek c\u00e9lj\u00e1t, jogalapj\u00e1t igazolni tudja.<\/p>\n\n\n\n<p><strong>A szem\u00e9lyes adatok kezel\u00e9s\u00e9re az adatkezel\u0151n\u00e9l a jogszab\u00e1lyok \u00e9rtelm\u00e9ben kiz\u00e1r\u00f3lag az al\u00e1bbi esetekben ker\u00fclhet sor:<\/strong><\/p>\n\n\n\n<p>1. ha az \u00e9rintett hozz\u00e1j\u00e1rul\u00e1s\u00e1t adta szem\u00e9lyes adatainak egy vagy t\u00f6bb konkr\u00e9t c\u00e9lb\u00f3l t\u00f6rt\u00e9n\u0151 kezel\u00e9s\u00e9hez,<\/p>\n\n\n\n<p>2. az adatkezel\u00e9s olyan szerz\u0151d\u00e9s teljes\u00edt\u00e9s\u00e9hez sz\u00fcks\u00e9ges, amelyben az \u00e9rintett az egyik f\u00e9l,<\/p>\n\n\n\n<p>3. az adatkezel\u00e9s az adatkezel\u0151re vonatkoz\u00f3 jogi k\u00f6telezetts\u00e9g teljes\u00edt\u00e9s\u00e9hez sz\u00fcks\u00e9ges,<\/p>\n\n\n\n<p>4. az adatkezel\u00e9s az \u00e9rintett vagy egy m\u00e1sik term\u00e9szetes szem\u00e9ly l\u00e9tfontoss\u00e1g\u00fa \u00e9rdekeinek v\u00e9delme miatt sz\u00fcks\u00e9ges,<\/p>\n\n\n\n<p>5. az adatkezel\u00e9s az adatkezel\u0151 vagy egy harmadik f\u00e9l jogos \u00e9rdekeinek \u00e9rv\u00e9nyes\u00edt\u00e9s\u00e9hez sz\u00fcks\u00e9ges.<\/p>\n\n\n\n<p>Az adatkezel\u0151 weboldal\u00e1n \u00e9s Facebook oldal\u00e1n megosztott Google \u0171rlapon kereszt\u00fcl fogad megrendel\u00e9seket. A <strong>v\u00e1s\u00e1rl\u00f3k<\/strong> mag\u00e1nszem\u00e9lyek \u00e9s jogi szem\u00e9lyek egyar\u00e1nt lehetnek. A megrendel\u00e9s sor\u00e1n az adatkezel\u0151 a kapcsolattart\u00e1s \u00e9rdek\u00e9ben a v\u00e1s\u00e1rl\u00f3 nev\u00e9t, e-mail c\u00edm\u00e9t k\u00e9ri el. A v\u00e1s\u00e1rl\u00f3 kapcsolattart\u00e1s c\u00e9lj\u00e1b\u00f3l megadhatja telefonsz\u00e1m\u00e1t is. Az adatkezel\u00e9s jogalapja az \u00e9rintett (a v\u00e1s\u00e1rl\u00f3) hozz\u00e1j\u00e1rul\u00e1sa. Az \u0171rlapon megadott adatokat a hozz\u00e1j\u00e1rul\u00e1s visszavon\u00e1s\u00e1ig t\u00e1roljuk. Amennyiben az \u00e9rintett a hozz\u00e1j\u00e1rul\u00e1st visszavonja, ezen k\u00e9r\u00e9snek halad\u00e9ktalanul eleget tesz\u00fcnk. Amennyiben a v\u00e1s\u00e1rl\u00f3 banki utal\u00e1st v\u00e1laszt, az adatkezel\u0151 d\u00edjbek\u00e9r\u0151t \u00e9s sz\u00e1ml\u00e1t \u00e1ll\u00edt ki, amelyhez kezelnie sz\u00fcks\u00e9ges a v\u00e1s\u00e1rl\u00f3 nev\u00e9t, lakc\u00edm\u00e9t.<\/p>\n\n\n\n<p>Az adatkezel\u0151 az \u00e1ltala forgalmazott term\u00e9kek ellen\u00e9rt\u00e9k\u00e9r\u0151l <strong>nyugt\u00e1t, vagy sz\u00e1ml\u00e1t<\/strong> \u00e1ll\u00edt ki. A nyugta nem tartalmaz szem\u00e9lyes adatokat. A sz\u00e1mla az \u00e9rintett nev\u00e9t, c\u00edm\u00e9t, esetleg ad\u00f3sz\u00e1m\u00e1t tartalmazza. A sz\u00e1mla ki\u00e1ll\u00edt\u00e1sa az adatkezel\u0151 jogszab\u00e1lyban r\u00f6gz\u00edtett k\u00f6telezetts\u00e9ge. A sz\u00e1ml\u00e1n szerepl\u0151 szem\u00e9lyes adatok kezel\u00e9s\u00e9nek jogalapja teh\u00e1t jogi k\u00f6telezetts\u00e9g teljes\u00edt\u00e9se. A sz\u00e1ml\u00e1n szerepl\u0151 szem\u00e9lyes adatokat az adatkezel\u0151 a Sz\u00e1mviteli t\u00f6rv\u00e9nyben r\u00f6gz\u00edtett meg\u0151rz\u00e9si k\u00f6telezetts\u00e9gnek eleget t\u00e9ve 8 \u00e9vig t\u00e1rolja.<\/p>\n\n\n\n<p>Az adatkezel\u0151 munk\u00e1ja sor\u00e1n <strong>alv\u00e1llalkoz\u00f3kkal, besz\u00e1ll\u00edt\u00f3kkal<\/strong> \u00e9s szolg\u00e1ltat\u00f3kkal is szerz\u0151d\u00e9ses viszonyban \u00e1llhat: a szerz\u0151d\u00e9s \u00e9s a kapcsolattart\u00e1s \u00e9rdek\u00e9ben sz\u00fcks\u00e9ges lehet szem\u00e9lyes adatok kezel\u00e9se. Ez esetben a szem\u00e9lyes adatok kezel\u00e9s\u00e9nek jogalapja a szerz\u0151d\u00e9sben v\u00e1llalt k\u00f6telezetts\u00e9g teljes\u00edt\u00e9se, jogi szem\u00e9ly kapcsolattart\u00f3j\u00e1nak szem\u00e9lyes adatai kapcs\u00e1n az \u00e9rintett kifejezett, el\u0151zetes t\u00e1j\u00e9koztat\u00e1son alapul\u00f3 hozz\u00e1j\u00e1rul\u00e1sa. A kapcsolattart\u00e1shoz sz\u00fcks\u00e9ges e-mail c\u00edmeket, telefonsz\u00e1mokat a szerz\u0151d\u00e9s megsz\u0171n\u00e9s\u00e9ig, a szerz\u0151d\u00e9sben \u00e9s a sz\u00e1ml\u00e1n szerepl\u0151 szem\u00e9lyes adatokat az adatkezel\u0151 a Sz\u00e1mviteli t\u00f6rv\u00e9nyben r\u00f6gz\u00edtett meg\u0151rz\u00e9si k\u00f6telezetts\u00e9gnek eleget t\u00e9ve 8 \u00e9vig t\u00e1rolja. &nbsp;<\/p>\n\n\n\n<p>Az adatkezel\u0151 alkalmank\u00e9nt rendezv\u00e9nyein <strong>fot\u00f3-, vagy vide\u00f3felv\u00e9teleket<\/strong> k\u00e9sz\u00edt \u00fcgyfeleir\u0151l, partnereir\u0151l, v\u00e1s\u00e1rl\u00f3ir\u00f3l. Amennyiben a felv\u00e9telen felismerhet\u0151 mag\u00e1nszem\u00e9ly l\u00e1that\u00f3, a felv\u00e9tel elk\u00e9sz\u00edt\u00e9s\u00e9re \u00e9s felhaszn\u00e1l\u00e1s\u00e1ra \u2013 az adatkezel\u0151 weboldal\u00e1n, k\u00f6z\u00f6ss\u00e9gi oldalain, vagy egy\u00e9b megjelen\u00e9sei kapcs\u00e1n \u2013 kiz\u00e1r\u00f3lag az \u00e9rintett (18 \u00e9ven aluli szem\u00e9ly eset\u00e9ben a t\u00f6rv\u00e9nyes k\u00e9pvisel\u0151) \u00edr\u00e1sos, megfelel\u0151 t\u00e1j\u00e9koztat\u00e1son alapul\u00f3, el\u0151zetes, \u00f6nk\u00e9ntes hozz\u00e1j\u00e1rul\u00e1s\u00e1val ker\u00fcl sor. Az adatkezel\u00e9s jogalapja az \u00e9rintett hozz\u00e1j\u00e1rul\u00e1sa. Amennyiben az \u00e9rintett a hozz\u00e1j\u00e1rul\u00e1st visszavonja \u00e9s k\u00e9ri a felv\u00e9tel felhaszn\u00e1l\u00e1s\u00e1nak megsz\u00fcntet\u00e9s\u00e9t, esetleg a felv\u00e9tel t\u00f6rl\u00e9s\u00e9t, az adatkezel\u0151 ezen k\u00e9r\u00e9snek halad\u00e9ktalanul eleget tesz.<\/p>\n\n\n\n<p>Az adatkezel\u0151 tev\u00e9kenys\u00e9g\u00e9vel kapcsolatos <strong>panaszkezel\u00e9s<\/strong> sor\u00e1n az adatkezel\u00e9s c\u00e9lja a panasz k\u00f6zl\u00e9s\u00e9nek lehet\u0151v\u00e9 t\u00e9tele, az \u00e9rintett \u00e9s panasza azonos\u00edt\u00e1sa, valamint a t\u00f6rv\u00e9ny szerint k\u00f6telez\u0151en r\u00f6gz\u00edtend\u0151 adatok felv\u00e9tele, illetve a panasz kivizsg\u00e1l\u00e1sa, annak rendez\u00e9s\u00e9vel \u00f6sszef\u00fcgg\u0151 kapcsolattart\u00e1s. Megtett panasz eset\u00e9n az \u00fcgyint\u00e9z\u00e9s, \u00e9s \u00edgy a szem\u00e9lyes adatok kezel\u00e9se \u2013 a fogyaszt\u00f3v\u00e9delemr\u0151l sz\u00f3l\u00f3 t\u00f6rv\u00e9ny alapj\u00e1n \u2013 k\u00f6telez\u0151. Az adatkezel\u0151 a panaszr\u00f3l felvett jegyz\u0151k\u00f6nyvet \u00e9s a v\u00e1lasz m\u00e1solati p\u00e9ld\u00e1ny\u00e1t 5 \u00e9vig meg\u0151rzi, ennek alapj\u00e1n a szem\u00e9lyes adatokat is ezen id\u0151tartam alatt kezeli.<\/p>\n\n\n\n<p><strong>Az adatkezel\u00e9s biztons\u00e1ga:<\/strong><\/p>\n\n\n\n<p>Az adatkezel\u0151 k\u00f6telezi mag\u00e1t arra, hogy gondoskodik az adatok biztons\u00e1g\u00e1r\u00f3l, megteszi tov\u00e1bb\u00e1 azokat a technikai \u00e9s szervez\u00e9si int\u00e9zked\u00e9seket \u00e9s fenntartja azokat az elj\u00e1r\u00e1si szab\u00e1lyokat, amelyek biztos\u00edtj\u00e1k, hogy a felvett, t\u00e1rolt, illetve kezelt adatok v\u00e9dettek legyenek, illet\u0151leg megakad\u00e1lyozza azok megsemmis\u00fcl\u00e9s\u00e9t, jogosulatlan felhaszn\u00e1l\u00e1s\u00e1t \u00e9s jogosulatlan megv\u00e1ltoztat\u00e1s\u00e1t. Az adatkezel\u0151 gondoskodik arr\u00f3l, hogy a kezelt adatokhoz illet\u00e9ktelen szem\u00e9ly ne f\u00e9rhessen hozz\u00e1, ne hozhassa nyilv\u00e1noss\u00e1gra, ne tov\u00e1bb\u00edthassa, valamint azokat ne m\u00f3dos\u00edthassa, t\u00f6r\u00f6lhesse.<\/p>\n\n\n\n<p>A b\u00edr\u00f3s\u00e1g, az \u00fcgy\u00e9sz, a nyomoz\u00f3 hat\u00f3s\u00e1g, a szab\u00e1lys\u00e9rt\u00e9si hat\u00f3s\u00e1g, a k\u00f6zigazgat\u00e1si hat\u00f3s\u00e1g, a Nemzeti Adatv\u00e9delmi \u00e9s Inform\u00e1ci\u00f3szabads\u00e1g Hat\u00f3s\u00e1g, a Magyar Nemzeti Bank, illet\u0151leg jogszab\u00e1ly felhatalmaz\u00e1sa alapj\u00e1n m\u00e1s szervek megkereshetik az adatkezel\u0151t. Az adatkezel\u0151 a hat\u00f3s\u00e1gok r\u00e9sz\u00e9re \u2013 amennyiben a hat\u00f3s\u00e1g a pontos c\u00e9lt \u00e9s az adatok k\u00f6r\u00e9t megjel\u00f6lte \u2013 szem\u00e9lyes adatot csak annyit \u00e9s olyan m\u00e9rt\u00e9kben ad ki, amely a megkeres\u00e9s c\u00e9lj\u00e1nak megval\u00f3s\u00edt\u00e1s\u00e1hoz elengedhetetlen\u00fcl sz\u00fcks\u00e9ges.<\/p>\n\n\n\n<p><strong>Az adatok t\u00e1rol\u00e1sa<\/strong><\/p>\n\n\n\n<p>A szem\u00e9lyes adatok t\u00e1rol\u00e1s\u00e1ra a Google online f\u00e1jlt\u00e1rol\u00f3 szolg\u00e1ltat\u00e1s\u00e1t vessz\u00fck ig\u00e9nybe.<\/p>\n\n\n\n<p><strong><u>Az adatkezel\u00e9ssel \u00e9rintettek jogai:<\/u><\/strong><\/p>\n\n\n\n<p><strong>\u00c1tl\u00e1that\u00f3 t\u00e1j\u00e9koztat\u00e1s<\/strong>: Jelen Adatkezel\u00e9si T\u00e1j\u00e9koztat\u00f3 is azt a c\u00e9lt szolg\u00e1lja, hogy vil\u00e1gos, t\u00f6m\u00f6r, \u00e1tl\u00e1that\u00f3, \u00e9rthet\u0151 inform\u00e1ci\u00f3kat ny\u00fajtson az adatkezel\u0151n\u00e9l alkalmazott adatkezel\u00e9si tev\u00e9kenys\u00e9gr\u0151l.<\/p>\n\n\n\n<p><strong>Hozz\u00e1f\u00e9r\u00e9si jog<\/strong>: Az \u00e9rintett jogosult arra, hogy az adatkezel\u0151t\u0151l visszajelz\u00e9st kapjon arra vonatkoz\u00f3an, hogy szem\u00e9lyes adatainak kezel\u00e9se folyamatban van-e, \u00e9s ha ilyen adatkezel\u00e9s folyamatban van, jogosult arra, hogy a szem\u00e9lyes adatokhoz \u00e9s a k\u00f6vetkez\u0151 inform\u00e1ci\u00f3khoz hozz\u00e1f\u00e9r\u00e9st kapjon:<\/p>\n\n\n\n<ul class=\"wp-block-list\">\n<li>az adatkezel\u00e9s c\u00e9lja,<\/li>\n\n\n\n<li>az \u00e9rintett szem\u00e9lyes adatok kateg\u00f3ri\u00e1i,<\/li>\n\n\n\n<li>azon c\u00edmzettek, akikkel a szem\u00e9lyes adatokat k\u00f6z\u00f6lt\u00e9k,<\/li>\n\n\n\n<li>a szem\u00e9lyes adatok t\u00e1rol\u00e1s\u00e1nak tervezett id\u0151tartama.<\/li>\n<\/ul>\n\n\n\n<p><strong>Helyesb\u00edt\u00e9shez val\u00f3 jog: <\/strong>Az \u00e9rintett jogosult arra, hogy k\u00e9r\u00e9s\u00e9re az adatkezel\u0151 helyesb\u00edtse a r\u00e1 vonatkoz\u00f3 pontatlan szem\u00e9lyes adatokat.<\/p>\n\n\n\n<p><strong>T\u00f6rl\u00e9shez val\u00f3 jog: <\/strong>Az \u00e9rintett jogosult arra, hogy k\u00e9r\u00e9s\u00e9re az adatkezel\u0151 t\u00f6r\u00f6lje a r\u00e1 vonatkoz\u00f3 szem\u00e9lyes adatokat. Az adatkezel\u0151 \u2013 ezen k\u00e9relem alapj\u00e1n \u2013 k\u00f6teles t\u00f6r\u00f6lni a szem\u00e9lyes adatokat, ha az al\u00e1bbi indokok valamelyike fenn\u00e1ll:<\/p>\n\n\n\n<ul class=\"wp-block-list\">\n<li>a szem\u00e9lyes adatokra m\u00e1r nincs sz\u00fcks\u00e9g abb\u00f3l a c\u00e9lb\u00f3l, amelyb\u0151l azokat gy\u0171jt\u00f6tt\u00e9k,<\/li>\n\n\n\n<li>az \u00e9rintett visszavonja kor\u00e1bban adott hozz\u00e1j\u00e1rul\u00e1s\u00e1t \u00e9s az adatkezel\u00e9snek nincs m\u00e1s jogalapja,<\/li>\n\n\n\n<li>az \u00e9rintett tiltakozik az adatkezel\u00e9s ellen \u00e9s nincs els\u0151bbs\u00e9get \u00e9lvez\u0151 jogszer\u0171 ok az adatkezel\u00e9sre,<\/li>\n\n\n\n<li>a szem\u00e9lyes adatokat jogellenesen kezelt\u00e9k,<\/li>\n\n\n\n<li>uni\u00f3s vagy tag\u00e1llami jogban el\u0151\u00edrt jogi k\u00f6telezetts\u00e9g teljes\u00edt\u00e9s\u00e9hez sz\u00fcks\u00e9ges t\u00f6r\u00f6lni az adatokat.<\/li>\n<\/ul>\n\n\n\n<p><strong>Adatkezel\u00e9s korl\u00e1toz\u00e1s\u00e1hoz val\u00f3 jog: <\/strong>\u00c9rintett jogosult k\u00e9rni, hogy az adatkezel\u0151 korl\u00e1tozza az adatkezel\u00e9st, els\u0151sorban akkor, ha:<\/p>\n\n\n\n<ul class=\"wp-block-list\">\n<li>vitatja az adatok pontoss\u00e1g\u00e1t,<\/li>\n\n\n\n<li>jogellenesnek tartja az adatkezel\u00e9st, de valamilyen okb\u00f3l m\u00e9gsem k\u00e9ri az adatok t\u00f6rl\u00e9s\u00e9t.<\/li>\n<\/ul>\n\n\n\n<p><strong>Adathordozhat\u00f3s\u00e1ghoz val\u00f3 jog:<\/strong> Az \u00e9rintett jogosult arra, hogy a r\u00e1 vonatkoz\u00f3 szem\u00e9lyes adatokat tagolt, sz\u00e9les k\u00f6rben haszn\u00e1lt, g\u00e9ppel olvashat\u00f3 form\u00e1tumban megkapja, tov\u00e1bb\u00e1 jogosult arra, hogy ezeket az adatokat egy m\u00e1sik adatkezel\u0151nek tov\u00e1bb\u00edtsa.<\/p>\n\n\n\n<p><strong>Tiltakoz\u00e1shoz val\u00f3 jog:<\/strong> Az \u00e9rintett jogosult arra, hogy a saj\u00e1t helyzet\u00e9vel kapcsolatos okokb\u00f3l, b\u00e1rmikor tiltakozzon szem\u00e9lyes adatainak kezel\u00e9se ellen, az Eur\u00f3pai Parlament \u00e9s a Tan\u00e1cs (EU) 2016\/679. rendelet\u00e9nek 21. cikk\u00e9ben \u00edrt m\u00f3don.<\/p>\n\n\n\n<p>Az Adatv\u00e9delmi Hat\u00f3s\u00e1g weboldala tov\u00e1bbi inform\u00e1ci\u00f3kat tartalmaz az adatv\u00e9delmi jogokr\u00f3l.<\/p>\n\n\n\n<p><strong>B\u00edr\u00f3s\u00e1ghoz fordul\u00e1s joga:<\/strong><\/p>\n\n\n\n<p>Az \u00e9rintett a jogainak megs\u00e9rt\u00e9se eset\u00e9n az adatkezel\u0151 ellen b\u00edr\u00f3s\u00e1ghoz fordulhat.<\/p>\n\n\n\n<p><strong>Panasszal a Nemzeti Adatv\u00e9delmi \u00e9s Inform\u00e1ci\u00f3szabads\u00e1g Hat\u00f3s\u00e1gn\u00e1l lehet \u00e9lni<\/strong>:<\/p>\n\n\n\n<p>Nemzeti Adatv\u00e9delmi \u00e9s Inform\u00e1ci\u00f3szabads\u00e1g Hat\u00f3s\u00e1g<\/p>\n\n\n\n<p>Sz\u00e9khely: 1055 Budapest, Falk Miksa u. 9-11.<\/p>\n\n\n\n<p>Levelez\u00e9si c\u00edm: 1363 Budapest, Pf. 9.<\/p>\n\n\n\n<p>Telefon: 0613911400<\/p>\n\n\n\n<p>Fax: 0613911410<\/p>\n\n\n\n<p>E-mail: ugyfelszolgalat@naih.hu<\/p>\n\n\n\n<p>Honlap: <a href=\"http:\/\/www.naih.hu\">http:\/\/www.naih.hu<\/a><\/p>\n\n\n\n<p>A t\u00e1j\u00e9koztat\u00f3 hat\u00e1lyos: 2021.01.24-t\u0151l visszavon\u00e1sig.<\/p>\n\n\n\n<blockquote class=\"wp-block-quote is-layout-flow wp-block-quote-is-layout-flow\">\n<p><\/p>\n<\/blockquote>\n\n\n\n<p><strong>K\u00d6Z\u00d6S KONYHA KERT program kieg\u00e9sz\u00edt\u0151 t\u00e1j\u00e9koztat\u00f3t<\/strong> <\/p>\n\n\n\n<p><strong>Adatkezel\u00e9si t\u00e1j\u00e9koztat\u00f3 \u2013 K\u00d6Z\u00d6S KERT KONYHA \u2013 Wekerle program<\/strong><\/p>\n\n\n\n<p>Adatainak v\u00e9delme fontos sz\u00e1munkra, ez\u00e9rt ez\u00faton szeretn\u00e9nk \u00d6nt t\u00e1j\u00e9koztatni a szem\u00e9lyes adatainak kezel\u00e9s\u00e9vel kapcsolatos tudnival\u00f3kr\u00f3l.<\/p>\n\n\n\n<ol class=\"wp-block-list\">\n<li><strong>Adatkezel\u0151 neve, el\u00e9rhet\u0151s\u00e9gei<\/strong><\/li>\n<\/ol>\n\n\n\n<p>Budapest F\u0151v\u00e1ros \u00d6nkorm\u00e1nyzata (a tov\u00e1bbiakban: Adatkezel\u0151)<\/p>\n\n\n\n<p>Sz\u00e9khely: 1052 Budapest, V\u00e1rosh\u00e1z u. 9-11. Lev\u00e9lc\u00edm: 1840 Budapest<\/p>\n\n\n\n<p>E-mail: ugyfelszolgalat@budapest.hu Telefon: +36 1 327-1000 Honlap: <a href=\"http:\/\/www.budapest.hu\">www.budapest.hu<\/a><\/p>\n\n\n\n<ol start=\"2\" class=\"wp-block-list\">\n<li><strong>Adatv\u00e9delmi tisztvisel\u0151 el\u00e9rhet\u0151s\u00e9gei<\/strong><\/li>\n<\/ol>\n\n\n\n<p>N\u00e9v: dr. Korm\u00e1ny-Kriv\u00e1cs Zita Telefon: +36 1-999-9190<\/p>\n\n\n\n<p>E-mail: <a href=\"mailto:adatvedelmitisztviselo@budapest.hu\">adatvedelmitisztviselo@budapest.hu<\/a><\/p>\n\n\n\n<ol start=\"3\" class=\"wp-block-list\">\n<li><strong>Adatfeldolgoz\u00f3<\/strong><\/li>\n<\/ol>\n\n\n\n<p>N\u00e9v: \u00c1talakul\u00f3 Wekerlei K\u00f6z\u00f6ss\u00e9gi Sz\u00f6vetkezet (AWK Sz\u00f6vetkezet, a tov\u00e1bbiakban: Adatfeldolgoz\u00f3)<\/p>\n\n\n\n<p>Sz\u00e9khely: 1192 Budapest, N\u00e1dasdy utca 1.<\/p>\n\n\n\n<p>E-mail: awkszovetkezet@gmail.com Telefon: +36 20 3305167 Honlap: <a href=\"https:\/\/atalakulo.hu\/holnap\/kozoshely\/rolunk\/\">https:\/\/atalakulo.hu\/holnap\/kozoshely\/rolunk\/<\/a>&nbsp;<\/p>\n\n\n\n<p>Adatfeldolgoz\u00e1si tev\u00e9kenys\u00e9g:&nbsp;<\/p>\n\n\n\n<p>pap\u00edralapon, z\u00e1rt bor\u00edt\u00e9kban a programban meghirdetett helysz\u00ednen leadott p\u00e1ly\u00e1zatok meg\u0151rz\u00e9se \u00e9s Adatkezel\u0151 r\u00e9sz\u00e9re t\u00f6rt\u00e9n\u0151 \u00e1tad\u00e1sa.&nbsp;<\/p>\n\n\n\n<p>digit\u00e1lisan, a program jelentkez\u00e9se online Google urlap fel\u00fcleten, az adatfeldolgoz\u00f3 \u00e1ltal\u00e1nos GDPR szerint.&nbsp;<\/p>\n\n\n\n<p><strong>3. A kutat\u00f3csoport adatkezel\u00e9si szerepe<\/strong><strong><br><\/strong>A program sor\u00e1n a r\u00e9sztvev\u0151kkel kapcsolatos kutat\u00e1si adatok gy\u0171jt\u00e9s\u00e9ben \u00e9s elemz\u00e9s\u00e9ben r\u00e9szt vesz a <strong>[ESSRG kft]<\/strong>, mint adatfeldolgoz\u00f3 a kutat\u00e1s c\u00e9lj\u00e1b\u00f3l. Az adatok kezel\u00e9se sor\u00e1n a kutat\u00f3csoport az adatv\u00e9delmi el\u0151\u00edr\u00e1soknak megfelel\u0151en j\u00e1r el, \u00e9s az adatokat kiz\u00e1r\u00f3lag a kutat\u00e1s c\u00e9lj\u00e1ra haszn\u00e1lja fel.<\/p>\n\n\n\n<p><strong>4. Kezelt adatok k\u00f6re<\/strong><strong><br><\/strong> A program sor\u00e1n a k\u00f6vetkez\u0151 adatokat kezelj\u00fck:<\/p>\n\n\n\n<ul class=\"wp-block-list\">\n<li>N\u00e9v<\/li>\n\n\n\n<li>E-mail c\u00edm<\/li>\n\n\n\n<li>Telefonsz\u00e1m<\/li>\n\n\n\n<li>Korcsoport<\/li>\n\n\n\n<li>Lak\u00f3ter\u00fclet<\/li>\n\n\n\n<li>\u00c9rdekl\u0151d\u00e9si ter\u00fclet \/ programon val\u00f3 r\u00e9szv\u00e9teli sz\u00e1nd\u00e9k<\/li>\n\n\n\n<li>K\u00e9rd\u0151\u00edves vagy kutat\u00e1si adatok (amennyiben r\u00e9szt vesz a kutat\u00e1sban)<br><\/li>\n<\/ul>\n\n\n\n<p><strong>5. Adatkezel\u00e9s c\u00e9lja \u00e9s jogalapja<\/strong><\/p>\n\n\n\n<ul class=\"wp-block-list\">\n<li>A jelentkez\u00e9sek feldolgoz\u00e1sa \u00e9s a program szervez\u00e9se (adatkezel\u00e9si jogalap: szerz\u0151d\u00e9s teljes\u00edt\u00e9se, \u00e9rintett \u00e9rdeke)<br><\/li>\n\n\n\n<li>Kutat\u00e1si adatok kezel\u00e9se (adatkezel\u00e9si jogalap: tudom\u00e1nyos kutat\u00e1s, illetve az \u00e9rintett \u00f6nk\u00e9ntes hozz\u00e1j\u00e1rul\u00e1sa)<br><\/li>\n\n\n\n<li>H\u00edrlevelek k\u00fcld\u00e9se (adatkezel\u00e9si jogalap: az \u00e9rintett \u00f6nk\u00e9ntes hozz\u00e1j\u00e1rul\u00e1sa) ( L\u00e1sd alul a hirlev\u00e9l feliratkoz\u00e1s\u00e1r\u00f3l sz\u00f3l\u00f3 kieg\u00e9sz\u00edt\u00e9se.)<br><\/li>\n<\/ul>\n\n\n\n<p><strong>6. H\u00edrlev\u00e9lre val\u00f3 feliratkoz\u00e1s<\/strong><strong><br><\/strong> Amennyiben szeretn\u00e9l h\u00edrlevelet kapni a programmal \u00e9s a K\u00d6Z\u00d6S KERT KONYHA k\u00f6z\u00f6ss\u00e9gi esem\u00e9nyeivel kapcsolatban, k\u00e9rj\u00fck, jelezd k\u00fcl\u00f6n hozz\u00e1j\u00e1rul\u00e1soddal a jelentkez\u00e9si \u0171rlapon. A feliratkoz\u00e1s \u00f6nk\u00e9ntes, \u00e9s b\u00e1rmikor visszavonhat\u00f3 az \u0171rlapon megadott leiratkoz\u00e1si link seg\u00edts\u00e9g\u00e9vel.&nbsp; ( L\u00e1sd alul a hirlev\u00e9l feliratkoz\u00e1s\u00e1r\u00f3l sz\u00f3l\u00f3 kieg\u00e9sz\u00edt\u00e9se.)<\/p>\n\n\n\n<p><strong>7. Adattov\u00e1bb\u00edt\u00e1s<\/strong><strong><br><\/strong>Az adatokat kiz\u00e1r\u00f3lag az adatkezel\u0151, az adatfeldolgoz\u00f3 \u00e9s a kutat\u00f3csoport dolgozza fel. Harmadik f\u00e9lnek az adatokat csak jogszab\u00e1lyi k\u00f6telezetts\u00e9g eset\u00e9n tov\u00e1bb\u00edtjuk.<\/p>\n\n\n\n<p><strong>8. Adatkezel\u00e9s id\u0151tartama<\/strong><\/p>\n\n\n\n<ul class=\"wp-block-list\">\n<li>A programhoz kapcsol\u00f3d\u00f3 alapadatokat a program lez\u00e1rult\u00e1t k\u00f6vet\u0151 <strong>[ 5 \u00e9v]<\/strong> id\u0151tartamig \u0151rizz\u00fck meg.<br><\/li>\n\n\n\n<li>Kutat\u00e1si adatokat az adatv\u00e9delmi el\u0151\u00edr\u00e1soknak megfelel\u0151en, anonimiz\u00e1lt form\u00e1ban hosszabb ideig is t\u00e1rolhatjuk, kiz\u00e1r\u00f3lag kutat\u00e1si c\u00e9lokra.<br><\/li>\n\n\n\n<li>H\u00edrlev\u00e9l-hozz\u00e1j\u00e1rul\u00e1s alapj\u00e1n kezelt adatokat a feliratkoz\u00e1s visszavon\u00e1s\u00e1ig t\u00e1roljuk.<br><\/li>\n<\/ul>\n\n\n\n<p><strong>9. Az \u00e9rintett jogai<\/strong><\/p>\n\n\n\n<ul class=\"wp-block-list\">\n<li>Hozz\u00e1f\u00e9r\u00e9s a szem\u00e9lyes adatokhoz<br><\/li>\n\n\n\n<li>Helyesb\u00edt\u00e9s, t\u00f6rl\u00e9s vagy a kezel\u00e9s korl\u00e1toz\u00e1sa<br><\/li>\n\n\n\n<li>Adathordozhat\u00f3s\u00e1ghoz val\u00f3 jog<br><\/li>\n\n\n\n<li>Hozz\u00e1j\u00e1rul\u00e1s visszavon\u00e1sa b\u00e1rmikor<br><\/li>\n\n\n\n<li>Panasz beny\u00fajt\u00e1sa a <strong>Nemzeti Adatv\u00e9delmi \u00e9s Inform\u00e1ci\u00f3szabads\u00e1g Hat\u00f3s\u00e1ghoz (NAIH)<\/strong><strong><br><\/strong><\/li>\n<\/ul>\n\n\n\n<p><strong>10. Kapcsolat<\/strong><strong><br><\/strong> Az adatkezel\u00e9ssel kapcsolatos k\u00e9rd\u00e9sekkel az al\u00e1bbi e-mail c\u00edmen lehet fordulni: [<a href=\"mailto:awkszovetkezet@gmail.com\">awkszovetkezet@gmail.com<\/a>]<\/p>\n\n\n\n<p><strong>H\u00edrlev\u00e9lre felirtakoz\u00e1s:&nbsp;<\/strong><\/p>\n\n\n\n<h3 class=\"wp-block-heading\"><strong>Adatkezel\u00e9si kieg\u00e9sz\u00edt\u00e9s h\u00edrlev\u00e9lre<\/strong><\/h3>\n\n\n\n<h3 class=\"wp-block-heading\"><strong>K\u00d6Z\u00d6S KONYHA KERT <\/strong><strong>H\u00edrlev\u00e9l k\u00fcld\u00e9se<\/strong><strong><br><\/strong> A programban val\u00f3 r\u00e9szv\u00e9telt\u0151l f\u00fcggetlen\u00fcl lehet\u0151s\u00e9g van feliratkozni a K\u00d6Z\u00d6S KERT KONYHA h\u00edrlev\u00e9lre, amelyben a szervez\u0151k programokr\u00f3l, esem\u00e9nyekr\u0151l, \u00faj lehet\u0151s\u00e9gekr\u0151l \u00e9s kapcsol\u00f3d\u00f3 h\u00edrekr\u0151l t\u00e1j\u00e9koztatj\u00e1k a feliratkoz\u00f3kat.<\/h3>\n\n\n\n<ul class=\"wp-block-list\">\n<li><strong>Kezelt adatok k\u00f6re:<\/strong> n\u00e9v, e-mail c\u00edm<\/li>\n\n\n\n<li><strong>Adatkezel\u00e9s c\u00e9lja:<\/strong> elektronikus h\u00edrlev\u00e9l k\u00fcld\u00e9se<\/li>\n\n\n\n<li><strong>Adatkezel\u00e9s jogalapja:<\/strong> az \u00e9rintett kifejezett hozz\u00e1j\u00e1rul\u00e1sa (GDPR 6. cikk (1) a) pont)<\/li>\n\n\n\n<li><strong>Adatkezel\u0151:<\/strong>\u00a0 \u00c1talakul\u00f3 Wekerlei K\u00f6z\u00f6ss\u00e9gi Sz\u00f6vetkezet\u00a0<\/li>\n\n\n\n<li><strong>Meg\u0151rz\u00e9si id\u0151:<\/strong> a hozz\u00e1j\u00e1rul\u00e1s visszavon\u00e1s\u00e1ig (leiratkoz\u00e1sig)<br><strong>Visszavon\u00e1s m\u00f3dja:<\/strong> minden h\u00edrlev\u00e9l v\u00e9g\u00e9n tal\u00e1lhat\u00f3 \u201eLeiratkoz\u00e1s\u201d linkre kattintva, vagy e-mailben jelezve<\/li>\n<\/ul>\n","protected":false},"excerpt":{"rendered":"<p>\u00c1talakul\u00f3 Wekerlei K\u00f6z\u00f6ss\u00e9gi Sz\u00f6vetkezet (\u00c1WK Sz\u00f6vetkezet) ( Al\u00fal tal\u00e1lhat\u00f3 a K\u00d6Z\u00d6S KONYHA KERT program kieg\u00e9sz\u00edt\u0151 t\u00e1j\u00e9koztat\u00f3t) Adatkezel\u00e9si t\u00e1j\u00e9koztat\u00f3 A t\u00e1j\u00e9koztat\u00f3 c\u00e9lja az \u00c1WK Sz\u00f6vetkezet \u00fcgyfelei \u00e9s partnerei t\u00e1j\u00e9koztat\u00e1sa szem\u00e9lyes adataik &#8230;<\/p>\n","protected":false},"author":17,"featured_media":0,"parent":19,"menu_order":0,"comment_status":"closed","ping_status":"closed","template":"template-fullwidth.php","meta":{"footnotes":""},"class_list":["post-1147","page","type-page","status-publish","hentry","wpautop"],"aioseo_notices":[],"featured_image_src":null,"_links":{"self":[{"href":"http:\/\/atalakulo.hu\/holnap\/kozoshely\/wp-json\/wp\/v2\/pages\/1147","targetHints":{"allow":["GET"]}}],"collection":[{"href":"http:\/\/atalakulo.hu\/holnap\/kozoshely\/wp-json\/wp\/v2\/pages"}],"about":[{"href":"http:\/\/atalakulo.hu\/holnap\/kozoshely\/wp-json\/wp\/v2\/types\/page"}],"author":[{"embeddable":true,"href":"http:\/\/atalakulo.hu\/holnap\/kozoshely\/wp-json\/wp\/v2\/users\/17"}],"replies":[{"embeddable":true,"href":"http:\/\/atalakulo.hu\/holnap\/kozoshely\/wp-json\/wp\/v2\/comments?post=1147"}],"version-history":[{"count":2,"href":"http:\/\/atalakulo.hu\/holnap\/kozoshely\/wp-json\/wp\/v2\/pages\/1147\/revisions"}],"predecessor-version":[{"id":1626,"href":"http:\/\/atalakulo.hu\/holnap\/kozoshely\/wp-json\/wp\/v2\/pages\/1147\/revisions\/1626"}],"up":[{"embeddable":true,"href":"http:\/\/atalakulo.hu\/holnap\/kozoshely\/wp-json\/wp\/v2\/pages\/19"}],"wp:attachment":[{"href":"http:\/\/atalakulo.hu\/holnap\/kozoshely\/wp-json\/wp\/v2\/media?parent=1147"}],"curies":[{"name":"wp","href":"https:\/\/api.w.org\/{rel}","templated":true}]}}