{"id":15,"date":"2019-07-25T10:18:05","date_gmt":"2019-07-25T10:18:05","guid":{"rendered":"http:\/\/atalakulo.hu\/holnap\/kozoshely\/?page_id=15"},"modified":"2021-12-05T10:47:15","modified_gmt":"2021-12-05T10:47:15","slug":"etlap","status":"publish","type":"page","link":"http:\/\/atalakulo.hu\/holnap\/kozoshely\/etlap\/","title":{"rendered":"Heti \u00e9tlap"},"content":{"rendered":"<table class=\"tg\">\n<thead>\n<tr>\n<th class=\"tg-brg8\">2021.12.07. \u2013<br \/>\n2021.12.10.<\/th>\n<th class=\"tg-1qbe\" style=\"text-align: center\">H\u00c9TF\u0150<\/th>\n<th class=\"tg-1qbe\" style=\"text-align: center\">KEDD<\/th>\n<th class=\"tg-1qbe\" style=\"text-align: center\">SZERDA<\/th>\n<th class=\"tg-1qbe\" style=\"text-align: center\">CS\u00dcT\u00d6RT\u00d6K<\/th>\n<th class=\"tg-1qbe\" style=\"text-align: center\">P\u00c9NTEK<\/th>\n<\/tr>\n<\/thead>\n<tbody>\n<tr>\n<td class=\"tg-hpy4\">Leves<\/td>\n<td class=\"tg-lboi\"><\/td>\n<td class=\"tg-lboi\" style=\"text-align: center\">P\u00f3rehagym\u00e1s burgonyaleves fodroskellel, szalmakrumplival<\/td>\n<td class=\"tg-0pky\" style=\"text-align: center\">Narancsos c\u00e9klakr\u00e9mleves<\/td>\n<td class=\"tg-h09u\" style=\"text-align: center\">Karal\u00e1b\u00e9 leves<\/td>\n<td class=\"tg-lboi\" style=\"text-align: center\">S\u00fct\u0151t\u00f6k kr\u00e9mleves t\u00f6kmagolajjal<\/td>\n<\/tr>\n<tr>\n<td class=\"tg-hpy4\">F\u0151\u00e9tel<\/td>\n<td class=\"tg-lboi\"><\/td>\n<td class=\"tg-lboi\" style=\"text-align: center\">Mexik\u00f3i chilis bab h\u00e1zi laposkeny\u00e9rrel, kukorica sals\u00e1val<\/td>\n<td class=\"tg-lboi\" style=\"text-align: center\">S\u00fclt z\u00f6lds\u00e9gek kuszkusszal \u00e9s satay sz\u00f3sszal (gy\u00f6mb\u00e9res-mogyor\u00f3s sz\u00f3sz)<\/td>\n<td class=\"tg-lboi\" style=\"text-align: center\">Gombapaprik\u00e1s kn\u00e9dlivel<\/td>\n<td class=\"tg-0pky\" style=\"text-align: center\">Pastrami szendvics saj\u00e1t kenyer\u00fcnkkel, savany\u00fa k\u00e1poszt\u00e1val \u00e9s h\u00e1zi must\u00e1rral<\/td>\n<\/tr>\n<\/tbody>\n<\/table>\n<p>\u00c9teleink soha nem tartalmaznak p\u00e1lmaolajat, a z\u00f6lds\u00e9gek Cegl\u00e9d k\u00f6rny\u00e9ki kistermel\u0151kt\u0151l vagy a Zs\u00e1mboki Biokert\u00e9szetb\u0151l sz\u00e1rmaznak.<\/p>\n<h2><\/h2>\n<h2>A f\u0151zd\u00e9nk<\/h2>\n<p>A K\u00d6Z\u00d6S-ben megadjuk a megfelel\u0151 tiszteletet a helyi z\u00f6lds\u00e9geknek, a sal\u00e1t\u00e1k mindennapjaink k\u00f6zponti szerepl\u0151i! Hidegen, melegen, sz\u00ednesen, roppan\u00f3san. Kisebb-nagyobb sal\u00e1tat\u00e1lakkal, \u00f3ri\u00e1s csal\u00e1di sal\u00e1tamandal\u00e1val lehet a termel\u0151i z\u00f6lds\u00e9geknek ad\u00f3zni. Ecetes uborka salit ne keress n\u00e1lunk, hisz a K\u00d6Z\u00d6S-ben friss f\u0171szerek, izgalmas olajok, savany\u00edtott, aszalt, spir\u00e1liz\u00e1lt, wokban karmelliz\u00e1lt finoms\u00e1gok tartoznak a sal\u00e1t\u00e1k alapterm\u00e9szethez&#8230;<\/p>\n<p>Amikor szezon van, ny\u00e1ri leveseket tal\u00e1lsz\u00a0 a napi \u00e9tlapon &#8211; hideg paradicsom leves, citromos cukkini kr\u00e9mleves, s\u00e1rgar\u00e9p\u00e1s lencseleves&#8230;friss\u00edt\u0151n, t\u00e1pl\u00e1l\u00f3n, \u00e9s term\u00e9szetesen, mindenmentesen.<\/p>\n<p>Fogjuk meg k\u00e9t k\u00e9zzel! K\u00e9zzel essz\u00fck a piac-\u00e9teleket &#8211; legyen sz\u00f3 gabonakolb\u00e1szos s\u00fclt z\u00f6lds\u00e9gtekercsr\u0151l f\u0171szeres csatnival, vagy z\u00f6ldf\u0171szeres m\u00e1ngold pit\u00e9r\u0151l egy kis curris vega majon\u00e9zzel, vagy az egyik kedvenc h\u00e1zi fas\u00edrtunkr\u00f3l&#8230; Ha kell, az\u00e9rt adunk hozz\u00e1 t\u00e1ny\u00e9rt is.<\/p>\n<p>Szereted a tepsiben s\u00fclt \u00e9teleket? \u0150sszel-t\u00e9len laktat\u00f3bb \u00e9telekkel k\u00e9sz\u00fcl\u00fcnk, tal\u00e1lsz n\u00e1lunk hagyom\u00e1nyos rakott ezt-azt, kr\u00e9mes krumplip\u00fcr\u00e9s p\u00e1sztorpit\u00e9ket, \u00e9s persze lasagne-t minden form\u00e1ban&#8230;<\/p>\n<h2>Italok<\/h2>\n<p>K\u00e1v\u00e9 minden form\u00e1ban. H\u00e1zi limon\u00e1d\u00e9k, friss\u00edt\u0151 fermentek, gy\u00f6mb\u00e9rs\u00f6r, jeges te\u00e1k, indiai f\u0171szeres te\u00e1k, h\u00e1zi, n\u00f6v\u00e9nyi tejes italok.<\/p>\n<p>&nbsp;<\/p>\n<style type=\"text\/css\">\n#foogallery-gallery-715 .fg-image { width: 300px; }\n#foogallery-gallery-715 { --fg-gutter: 10px; }<\/style>\n\t\t\t<div class=\"foogallery foogallery-container foogallery-default foogallery-lightbox-none fg-center fg-default fg-ready fg-light fg-border-thin fg-shadow-outline fg-loading-default fg-loaded-fade-in fg-caption-hover fg-hover-fade fg-hover-zoom\" id=\"foogallery-gallery-715\" data-foogallery=\"{&quot;item&quot;:{&quot;showCaptionTitle&quot;:true,&quot;showCaptionDescription&quot;:true},&quot;lazy&quot;:true}\" style=\"--fg-title-line-clamp: 0; --fg-description-line-clamp: 0;\" >\n\t<div class=\"fg-item fg-type-image fg-idle\"><figure class=\"fg-item-inner\"><a href=\"http:\/\/atalakulo.hu\/holnap\/kozoshely\/wp-content\/uploads\/sites\/3\/2020\/07\/c\u00e9kla-leves.jpg\" data-attachment-id=\"674\" data-e-disable-page-transition=\"true\" data-type=\"image\" class=\"fg-thumb\"><span class=\"fg-image-wrap\"><img fetchpriority=\"high\" decoding=\"async\" width=\"300\" height=\"300\" class=\"skip-lazy fg-image\" data-src-fg=\"http:\/\/atalakulo.hu\/holnap\/kozoshely\/wp-content\/uploads\/sites\/3\/cache\/2020\/07\/c\u00e9kla-leves\/3326644499.jpg\" src=\"data:image\/svg+xml,%3Csvg%20xmlns%3D%22http%3A%2F%2Fwww.w3.org%2F2000%2Fsvg%22%20width%3D%22300%22%20height%3D%22300%22%20viewBox%3D%220%200%20300%20300%22%3E%3C%2Fsvg%3E\" loading=\"eager\"><\/span><span class=\"fg-image-overlay\"><\/span><\/a><\/figure><div class=\"fg-loader\"><\/div><\/div><div class=\"fg-item fg-type-image fg-idle\"><figure class=\"fg-item-inner\"><a href=\"http:\/\/atalakulo.hu\/holnap\/kozoshely\/wp-content\/uploads\/sites\/3\/2020\/07\/dukka.jpg\" data-attachment-id=\"653\" data-e-disable-page-transition=\"true\" data-type=\"image\" class=\"fg-thumb\"><span class=\"fg-image-wrap\"><img decoding=\"async\" width=\"300\" height=\"300\" class=\"skip-lazy fg-image\" data-src-fg=\"http:\/\/atalakulo.hu\/holnap\/kozoshely\/wp-content\/uploads\/sites\/3\/cache\/2020\/07\/dukka\/514700521.jpg\" src=\"data:image\/svg+xml,%3Csvg%20xmlns%3D%22http%3A%2F%2Fwww.w3.org%2F2000%2Fsvg%22%20width%3D%22300%22%20height%3D%22300%22%20viewBox%3D%220%200%20300%20300%22%3E%3C%2Fsvg%3E\" loading=\"eager\"><\/span><span class=\"fg-image-overlay\"><\/span><\/a><\/figure><div class=\"fg-loader\"><\/div><\/div><div class=\"fg-item fg-type-image fg-idle\"><figure class=\"fg-item-inner\"><a href=\"http:\/\/atalakulo.hu\/holnap\/kozoshely\/wp-content\/uploads\/sites\/3\/2020\/09\/leves.jpg\" data-attachment-id=\"840\" data-e-disable-page-transition=\"true\" data-type=\"image\" class=\"fg-thumb\"><span class=\"fg-image-wrap\"><img decoding=\"async\" width=\"300\" height=\"300\" class=\"skip-lazy fg-image\" data-src-fg=\"http:\/\/atalakulo.hu\/holnap\/kozoshely\/wp-content\/uploads\/sites\/3\/cache\/2020\/09\/leves\/3083386367.jpg\" src=\"data:image\/svg+xml,%3Csvg%20xmlns%3D%22http%3A%2F%2Fwww.w3.org%2F2000%2Fsvg%22%20width%3D%22300%22%20height%3D%22300%22%20viewBox%3D%220%200%20300%20300%22%3E%3C%2Fsvg%3E\" loading=\"eager\"><\/span><span class=\"fg-image-overlay\"><\/span><\/a><\/figure><div class=\"fg-loader\"><\/div><\/div><div class=\"fg-item fg-type-image fg-idle\"><figure class=\"fg-item-inner\"><a href=\"http:\/\/atalakulo.hu\/holnap\/kozoshely\/wp-content\/uploads\/sites\/3\/2020\/08\/m\u00e1rtogat\u00f3s.jpg\" data-attachment-id=\"707\" data-e-disable-page-transition=\"true\" data-type=\"image\" class=\"fg-thumb\"><span class=\"fg-image-wrap\"><img decoding=\"async\" width=\"300\" height=\"300\" class=\"skip-lazy fg-image\" data-src-fg=\"http:\/\/atalakulo.hu\/holnap\/kozoshely\/wp-content\/uploads\/sites\/3\/cache\/2020\/08\/m\u00e1rtogat\u00f3s\/989748701.jpg\" src=\"data:image\/svg+xml,%3Csvg%20xmlns%3D%22http%3A%2F%2Fwww.w3.org%2F2000%2Fsvg%22%20width%3D%22300%22%20height%3D%22300%22%20viewBox%3D%220%200%20300%20300%22%3E%3C%2Fsvg%3E\" loading=\"eager\"><\/span><span class=\"fg-image-overlay\"><\/span><\/a><\/figure><div class=\"fg-loader\"><\/div><\/div><div class=\"fg-item fg-type-image fg-idle\"><figure class=\"fg-item-inner\"><a href=\"http:\/\/atalakulo.hu\/holnap\/kozoshely\/wp-content\/uploads\/sites\/3\/2020\/08\/fah\u00e9jas-csiga1.jpg\" data-attachment-id=\"711\" data-e-disable-page-transition=\"true\" data-type=\"image\" class=\"fg-thumb\"><span class=\"fg-image-wrap\"><img decoding=\"async\" width=\"300\" height=\"300\" class=\"skip-lazy fg-image\" data-src-fg=\"http:\/\/atalakulo.hu\/holnap\/kozoshely\/wp-content\/uploads\/sites\/3\/cache\/2020\/08\/fah\u00e9jas-csiga1\/3335294607.jpg\" src=\"data:image\/svg+xml,%3Csvg%20xmlns%3D%22http%3A%2F%2Fwww.w3.org%2F2000%2Fsvg%22%20width%3D%22300%22%20height%3D%22300%22%20viewBox%3D%220%200%20300%20300%22%3E%3C%2Fsvg%3E\" loading=\"eager\"><\/span><span class=\"fg-image-overlay\"><\/span><\/a><\/figure><div class=\"fg-loader\"><\/div><\/div><div class=\"fg-item fg-type-image fg-idle\"><figure class=\"fg-item-inner\"><a href=\"http:\/\/atalakulo.hu\/holnap\/kozoshely\/wp-content\/uploads\/sites\/3\/2020\/08\/m\u00e1rtogat\u00f3s1.jpg\" data-attachment-id=\"712\" data-e-disable-page-transition=\"true\" data-type=\"image\" class=\"fg-thumb\"><span class=\"fg-image-wrap\"><img decoding=\"async\" width=\"300\" height=\"300\" class=\"skip-lazy fg-image\" data-src-fg=\"http:\/\/atalakulo.hu\/holnap\/kozoshely\/wp-content\/uploads\/sites\/3\/cache\/2020\/08\/m\u00e1rtogat\u00f3s1\/3043128892.jpg\" src=\"data:image\/svg+xml,%3Csvg%20xmlns%3D%22http%3A%2F%2Fwww.w3.org%2F2000%2Fsvg%22%20width%3D%22300%22%20height%3D%22300%22%20viewBox%3D%220%200%20300%20300%22%3E%3C%2Fsvg%3E\" loading=\"eager\"><\/span><span class=\"fg-image-overlay\"><\/span><\/a><\/figure><div class=\"fg-loader\"><\/div><\/div><div class=\"fg-item fg-type-image fg-idle\"><figure class=\"fg-item-inner\"><a href=\"http:\/\/atalakulo.hu\/holnap\/kozoshely\/wp-content\/uploads\/sites\/3\/2020\/08\/hummuszt\u00e1l.jpg\" data-attachment-id=\"713\" data-e-disable-page-transition=\"true\" data-type=\"image\" class=\"fg-thumb\"><span class=\"fg-image-wrap\"><img decoding=\"async\" width=\"300\" height=\"300\" class=\"skip-lazy fg-image\" data-src-fg=\"http:\/\/atalakulo.hu\/holnap\/kozoshely\/wp-content\/uploads\/sites\/3\/cache\/2020\/08\/hummuszt\u00e1l\/1926844040.jpg\" src=\"data:image\/svg+xml,%3Csvg%20xmlns%3D%22http%3A%2F%2Fwww.w3.org%2F2000%2Fsvg%22%20width%3D%22300%22%20height%3D%22300%22%20viewBox%3D%220%200%20300%20300%22%3E%3C%2Fsvg%3E\" loading=\"eager\"><\/span><span class=\"fg-image-overlay\"><\/span><\/a><\/figure><div class=\"fg-loader\"><\/div><\/div><div class=\"fg-item fg-type-image fg-idle\"><figure class=\"fg-item-inner\"><a href=\"http:\/\/atalakulo.hu\/holnap\/kozoshely\/wp-content\/uploads\/sites\/3\/2020\/09\/pite.jpg\" data-attachment-id=\"843\" data-e-disable-page-transition=\"true\" data-type=\"image\" class=\"fg-thumb\"><span class=\"fg-image-wrap\"><img decoding=\"async\" width=\"300\" height=\"300\" class=\"skip-lazy fg-image\" data-src-fg=\"http:\/\/atalakulo.hu\/holnap\/kozoshely\/wp-content\/uploads\/sites\/3\/cache\/2020\/09\/pite\/3450878392.jpg\" src=\"data:image\/svg+xml,%3Csvg%20xmlns%3D%22http%3A%2F%2Fwww.w3.org%2F2000%2Fsvg%22%20width%3D%22300%22%20height%3D%22300%22%20viewBox%3D%220%200%20300%20300%22%3E%3C%2Fsvg%3E\" loading=\"eager\"><\/span><span class=\"fg-image-overlay\"><\/span><\/a><\/figure><div class=\"fg-loader\"><\/div><\/div><div class=\"fg-item fg-type-image fg-idle\"><figure class=\"fg-item-inner\"><a href=\"http:\/\/atalakulo.hu\/holnap\/kozoshely\/wp-content\/uploads\/sites\/3\/2020\/09\/kave-habos.jpg\" data-attachment-id=\"839\" data-e-disable-page-transition=\"true\" data-type=\"image\" class=\"fg-thumb\"><span class=\"fg-image-wrap\"><img decoding=\"async\" width=\"300\" height=\"300\" class=\"skip-lazy fg-image\" data-src-fg=\"http:\/\/atalakulo.hu\/holnap\/kozoshely\/wp-content\/uploads\/sites\/3\/cache\/2020\/09\/kave-habos\/2882670274.jpg\" src=\"data:image\/svg+xml,%3Csvg%20xmlns%3D%22http%3A%2F%2Fwww.w3.org%2F2000%2Fsvg%22%20width%3D%22300%22%20height%3D%22300%22%20viewBox%3D%220%200%20300%20300%22%3E%3C%2Fsvg%3E\" loading=\"eager\"><\/span><span class=\"fg-image-overlay\"><\/span><\/a><\/figure><div class=\"fg-loader\"><\/div><\/div><div class=\"fg-item fg-type-image fg-idle\"><figure class=\"fg-item-inner\"><a href=\"http:\/\/atalakulo.hu\/holnap\/kozoshely\/wp-content\/uploads\/sites\/3\/2020\/09\/kendermag.jpg\" data-attachment-id=\"842\" data-e-disable-page-transition=\"true\" data-type=\"image\" class=\"fg-thumb\"><span class=\"fg-image-wrap\"><img decoding=\"async\" width=\"300\" height=\"300\" class=\"skip-lazy fg-image\" data-src-fg=\"http:\/\/atalakulo.hu\/holnap\/kozoshely\/wp-content\/uploads\/sites\/3\/cache\/2020\/09\/kendermag\/923708944.jpg\" src=\"data:image\/svg+xml,%3Csvg%20xmlns%3D%22http%3A%2F%2Fwww.w3.org%2F2000%2Fsvg%22%20width%3D%22300%22%20height%3D%22300%22%20viewBox%3D%220%200%20300%20300%22%3E%3C%2Fsvg%3E\" loading=\"eager\"><\/span><span class=\"fg-image-overlay\"><\/span><\/a><\/figure><div class=\"fg-loader\"><\/div><\/div><\/div>\n\n","protected":false},"excerpt":{"rendered":"<p>2021.12.07. \u2013 2021.12.10. H\u00c9TF\u0150 KEDD SZERDA CS\u00dcT\u00d6RT\u00d6K P\u00c9NTEK Leves P\u00f3rehagym\u00e1s burgonyaleves fodroskellel, szalmakrumplival Narancsos c\u00e9klakr\u00e9mleves Karal\u00e1b\u00e9 leves S\u00fct\u0151t\u00f6k kr\u00e9mleves t\u00f6kmagolajjal F\u0151\u00e9tel Mexik\u00f3i chilis bab h\u00e1zi laposkeny\u00e9rrel, kukorica sals\u00e1val S\u00fclt z\u00f6lds\u00e9gek &#8230;<\/p>\n","protected":false},"author":14,"featured_media":0,"parent":0,"menu_order":0,"comment_status":"closed","ping_status":"closed","template":"","meta":{"footnotes":""},"class_list":["post-15","page","type-page","status-publish","hentry","wpautop"],"aioseo_notices":[],"featured_image_src":null,"_links":{"self":[{"href":"http:\/\/atalakulo.hu\/holnap\/kozoshely\/wp-json\/wp\/v2\/pages\/15","targetHints":{"allow":["GET"]}}],"collection":[{"href":"http:\/\/atalakulo.hu\/holnap\/kozoshely\/wp-json\/wp\/v2\/pages"}],"about":[{"href":"http:\/\/atalakulo.hu\/holnap\/kozoshely\/wp-json\/wp\/v2\/types\/page"}],"author":[{"embeddable":true,"href":"http:\/\/atalakulo.hu\/holnap\/kozoshely\/wp-json\/wp\/v2\/users\/14"}],"replies":[{"embeddable":true,"href":"http:\/\/atalakulo.hu\/holnap\/kozoshely\/wp-json\/wp\/v2\/comments?post=15"}],"version-history":[{"count":75,"href":"http:\/\/atalakulo.hu\/holnap\/kozoshely\/wp-json\/wp\/v2\/pages\/15\/revisions"}],"predecessor-version":[{"id":1548,"href":"http:\/\/atalakulo.hu\/holnap\/kozoshely\/wp-json\/wp\/v2\/pages\/15\/revisions\/1548"}],"wp:attachment":[{"href":"http:\/\/atalakulo.hu\/holnap\/kozoshely\/wp-json\/wp\/v2\/media?parent=15"}],"curies":[{"name":"wp","href":"https:\/\/api.w.org\/{rel}","templated":true}]}}