{"id":19,"date":"2019-07-25T10:18:59","date_gmt":"2019-07-25T10:18:59","guid":{"rendered":"http:\/\/atalakulo.hu\/holnap\/kozoshely\/?page_id=19"},"modified":"2021-03-28T00:29:49","modified_gmt":"2021-03-28T00:29:49","slug":"kapcsolat","status":"publish","type":"page","link":"http:\/\/atalakulo.hu\/holnap\/kozoshely\/kapcsolat\/","title":{"rendered":"Kapcsolat"},"content":{"rendered":"<h2>El\u00e9rhet\u0151s\u00e9geink<\/h2>\n<p>Keress minket emailben itt: <a href=\"mailto:awkszovetkezet@gmail.com\">awkszovetkezet@gmail.com<\/a><\/p>\n<p>Facebookon oldalunkon <a href=\"https:\/\/www.facebook.com\/K\u00d6Z\u00d6S-k\u00e1v\u00e9z\u00f3-\u00e9s-konyha-a-Wekerlei-kispiacon-105345237511367\/\" target=\"_blank\" rel=\"noopener noreferrer\">itt tal\u00e1lsz meg.<\/a><\/p>\n<h2>T\u00e9rk\u00e9p<\/h2>\n<p><iframe src=\"https:\/\/www.google.com\/maps\/embed?pb=!1m18!1m12!1m3!1d2697.910642754294!2d19.124535381564588!3d47.45268126083405!2m3!1f0!2f0!3f0!3m2!1i1024!2i768!4f13.1!3m3!1m2!1s0x4741c2c5ae1a6109%3A0xafa07fff00549bd9!2sWekerlei%20piac!5e0!3m2!1shu!2shu!4v1611824108873!5m2!1shu!2shu\" width=\"100%\" height=\"450\" frameborder=\"0\" style=\"border:0;\" allowfullscreen=\"\" aria-hidden=\"false\" tabindex=\"0\"><\/iframe><\/p>\n<h2>Adatkezel\u00e9si t\u00e1j\u00e9koztat\u00f3<\/h2>\n<p><a href=\"http:\/\/atalakulo.hu\/holnap\/kozoshely\/kapcsolat\/adatkezelesi-tajekoztato\/\">Szab\u00e1lyzatot itt tal\u00e1lod<\/a><\/p>\n","protected":false},"excerpt":{"rendered":"<p>El\u00e9rhet\u0151s\u00e9geink Keress minket emailben itt: awkszovetkezet@gmail.com Facebookon oldalunkon itt tal\u00e1lsz meg. T\u00e9rk\u00e9p Adatkezel\u00e9si t\u00e1j\u00e9koztat\u00f3 Szab\u00e1lyzatot itt tal\u00e1lod<\/p>\n","protected":false},"author":14,"featured_media":0,"parent":0,"menu_order":0,"comment_status":"closed","ping_status":"closed","template":"","meta":{"footnotes":""},"class_list":["post-19","page","type-page","status-publish","hentry","wpautop"],"aioseo_notices":[],"featured_image_src":null,"_links":{"self":[{"href":"http:\/\/atalakulo.hu\/holnap\/kozoshely\/wp-json\/wp\/v2\/pages\/19","targetHints":{"allow":["GET"]}}],"collection":[{"href":"http:\/\/atalakulo.hu\/holnap\/kozoshely\/wp-json\/wp\/v2\/pages"}],"about":[{"href":"http:\/\/atalakulo.hu\/holnap\/kozoshely\/wp-json\/wp\/v2\/types\/page"}],"author":[{"embeddable":true,"href":"http:\/\/atalakulo.hu\/holnap\/kozoshely\/wp-json\/wp\/v2\/users\/14"}],"replies":[{"embeddable":true,"href":"http:\/\/atalakulo.hu\/holnap\/kozoshely\/wp-json\/wp\/v2\/comments?post=19"}],"version-history":[{"count":30,"href":"http:\/\/atalakulo.hu\/holnap\/kozoshely\/wp-json\/wp\/v2\/pages\/19\/revisions"}],"predecessor-version":[{"id":1323,"href":"http:\/\/atalakulo.hu\/holnap\/kozoshely\/wp-json\/wp\/v2\/pages\/19\/revisions\/1323"}],"wp:attachment":[{"href":"http:\/\/atalakulo.hu\/holnap\/kozoshely\/wp-json\/wp\/v2\/media?parent=19"}],"curies":[{"name":"wp","href":"https:\/\/api.w.org\/{rel}","templated":true}]}}