{"id":289,"date":"2019-09-02T21:03:05","date_gmt":"2019-09-02T21:03:05","guid":{"rendered":"http:\/\/atalakulo.hu\/holnap\/kozoshely\/?page_id=289"},"modified":"2019-10-28T15:38:03","modified_gmt":"2019-10-28T15:38:03","slug":"szervezz-velunk","status":"publish","type":"page","link":"http:\/\/atalakulo.hu\/holnap\/kozoshely\/szervezz-velunk\/","title":{"rendered":"Szervezz vel\u00fcnk!"},"content":{"rendered":"<div class=\"section section-padding-top\">\n<div class=\"container\">\n<div class=\"row\">\n<div class=\"content featured-pages no-bg\" style=\"margin: 0\">\n<div class=\"col-lg-4 col-sm-12 holder third first\">\n<p><!-- BEGIN .content --><\/p>\n<div class=\"content shadow radius-full\">\n<p><!-- BEGIN .padded --><\/p>\n<div class=\"padded\">\n<div class=\"home-featured-banner\" style=\"background-image: url('http:\/\/atalakulo.hu\/holnap\/kozoshely\/wp-content\/uploads\/sites\/3\/2019\/08\/restaurant-background-1.jpg?w=640')\">\n<div class=\"flex-wrapper-2\">\n<div class=\"banner-title-wrapper-2\">\n<h1 class=\"headline img-headline\">Szervezz el\u0151ad\u00e1sokat!<\/h1>\n<p>&nbsp;<\/p>\n<\/div>\n<p><img decoding=\"async\" src=\"http:\/\/atalakulo.hu\/holnap\/kozoshely\/wp-content\/uploads\/sites\/3\/2019\/08\/picturebg.jpg\" \/><\/p>\n<\/div>\n<\/div>\n<p><!-- BEGIN .outline --><\/p>\n<div class=\"outline\">\n<p><!-- BEGIN .information --><\/p>\n<div class=\"information\">\n<p>Befogadunk, nyitottak vagyunk minden a hely szellemis\u00e9g\u00e9vel nem \u00fctk\u00f6z\u0151 programra. Szervezhetsz n\u00e1lunk a vitakult\u00far\u00e1t er\u0151s\u00edt\u0151, gondolat\u00e9breszt\u0151, z\u00f6ld\u00edt\u0151, k\u00f6z\u00f6ss\u00e9get er\u0151s\u00edt\u0151 el\u0151ad\u00e1sokat, tarthatsz n\u00e1lunk gyakorlati foglakoz\u00e1sokat, munkamegbesz\u00e9l\u00e9seket, \u00fczleti, bar\u00e1ti \u00f6sszej\u00f6veteleket. Az \u00e9telr\u0151l, italr\u00f3l sz\u00edvesen gondoskodunk. Mivel a K\u00d6Z\u00d6S-ben tartod a programot, t\u00e1rsszervez\u0151k lesz\u00fcnk. Keress minket a r\u00e9szletek\u00e9rt!<\/p>\n<p class=\"centered\">\n<p><!-- END .information --><\/p>\n<\/div>\n<p><!-- END .outline --><\/p>\n<\/div>\n<p><!-- END .padded --><\/p>\n<\/div>\n<p><!-- END .content --><\/p>\n<\/div>\n<\/div>\n<div class=\"col-lg-4 col-sm-12 holder third first\">\n<p><!-- BEGIN .content --><\/p>\n<div class=\"content shadow radius-full\">\n<p><!-- BEGIN .padded --><\/p>\n<div class=\"padded\">\n<div class=\"home-featured-banner\" style=\"background-image: url('http:\/\/atalakulo.hu\/holnap\/kozoshely\/wp-content\/uploads\/sites\/3\/2019\/08\/restaurant-background-1.jpg?w=640')\">\n<div class=\"flex-wrapper-2\">\n<div class=\"banner-title-wrapper-2\">\n<h1 class=\"headline img-headline\">Szervezz f\u0151z\u00e9seket!<\/h1>\n<p>&nbsp;<\/p>\n<\/div>\n<p><img decoding=\"async\" src=\"http:\/\/atalakulo.hu\/holnap\/kozoshely\/wp-content\/uploads\/sites\/3\/2019\/08\/picturebg.jpg\" \/><\/p>\n<\/div>\n<\/div>\n<p><!-- BEGIN .outline --><\/p>\n<div class=\"outline\">\n<p><!-- BEGIN .information --><\/p>\n<div class=\"information\">\n<p>Ha m\u00e1r egy ideje foglalkoztat, hogyan ehetn\u00e9l eg\u00e9szs\u00e9gesebben,\u00a0 hogyan f\u0151zhetn\u00e9l k\u00f6rnyezetk\u00edm\u00e9l\u0151bben, gyere el az egyik k\u00f6z\u00f6s f\u0151z\u00e9s\u00fcnkre. Ha m\u00e1r rendelkezel ismerettel a t\u00e9m\u00e1ban, szervezhetsz hozz\u00e1nk, tarthatsz n\u00e1lunk munkat\u00e1rsaid, ismer\u0151seid, bar\u00e1taid, rokonaid sz\u00e1m\u00e1ra gyakorlati workshop-ot. F\u0151zzetek k\u00f6z\u00f6sen! A sok gyakorlati ismeret mellett garant\u00e1lt a remek hangulat, \u00e9s tartalmas besz\u00e9lget\u00e9sek. \u00cdrj nek\u00fcnk a r\u00e9szletek\u00e9rt!<\/p>\n<p class=\"centered\">\n<p><!-- END .information --><\/p>\n<\/div>\n<p><!-- END .outline --><\/p>\n<\/div>\n<p><!-- END .padded --><\/p>\n<\/div>\n<p><!-- END .content --><\/p>\n<\/div>\n<\/div>\n<div class=\"col-lg-4 col-sm-12 holder third first\">\n<p><!-- BEGIN .content --><\/p>\n<div class=\"content shadow radius-full\">\n<p><!-- BEGIN .padded --><\/p>\n<div class=\"padded\">\n<div class=\"home-featured-banner\" style=\"background-image: url('http:\/\/atalakulo.hu\/holnap\/kozoshely\/wp-content\/uploads\/sites\/3\/2019\/08\/restaurant-background-1.jpg?w=640')\">\n<div class=\"flex-wrapper-2\">\n<div class=\"banner-title-wrapper-2\">\n<h1 class=\"headline img-headline\">Szervezz sz\u00fclinapi zs\u00fart!<\/h1>\n<p>&nbsp;<\/p>\n<\/div>\n<p><img decoding=\"async\" src=\"http:\/\/atalakulo.hu\/holnap\/kozoshely\/wp-content\/uploads\/sites\/3\/2019\/08\/picturebg.jpg\" \/><\/p>\n<\/div>\n<\/div>\n<p><!-- BEGIN .outline --><\/p>\n<div class=\"outline\">\n<p><!-- BEGIN .information --><\/p>\n<div class=\"information\">\n<p>Ha egy olyan helyen \u00fcnnepeln\u00e9l, ahol nem t\u00fal nagy a felhajt\u00e1s, de sz\u00e9p, sz\u00edvet melenget\u0151 az \u00fcnnep, az \u00fcnnepelt \u00e9s a\u00a0 vend\u00e9gsereg is remek\u00fcl \u00e9rzi mag\u00e1t a K\u00d6Z\u00d6S \u00e9pp neked val\u00f3. A teret elk\u00e9pzel\u00e9seidnek megfelel\u0151en rendezhetj\u00fck be,\u00a0 \u00e9s ha szeretn\u00e9d, figyel\u00fcnk arra is, hogy ami az \u00fcnnepi asztalra ker\u00fcl, az ne csak finom legyen, hanem minden szempontb\u00f3l j\u00f3l is essen \ud83d\ude42\u00a0 A <a href=\"http:\/\/atalakulo.hu\/holnap\/kozoshely\/esemenyek\/\">napt\u00e1r<\/a> seg\u00edts\u00e9g\u00e9vel tervezhetsz is!<\/p>\n<\/div>\n<\/div>\n<\/div>\n<\/div>\n<\/div>\n<\/div>\n<\/div>\n<\/div>\n<\/div>\n<p><a href=\"http:\/\/atalakulo.hu\/holnap\/kozoshely\/kapcsolat\/\">Besz\u00e9lj\u00fck meg a r\u00e9szleteket!<\/a><\/p>\n<div class=\"content shadow radius-full\">\n<div class=\"padded\"><noscript class=\"ninja-forms-noscript-message\">\n\tNotice: JavaScript is required for this content.<\/noscript>\n<div id=\"nf-form-1-cont\" class=\"nf-form-cont\" aria-live=\"polite\" aria-labelledby=\"nf-form-title-1\" aria-describedby=\"nf-form-errors-1\" role=\"form\">\n\n    <div class=\"nf-loading-spinner\"><\/div>\n\n<\/div>\n        <!-- That data is being printed as a workaround to page builders reordering the order of the scripts loaded-->\n        <script>var formDisplay=1;var nfForms=nfForms||[];var form=[];form.id='1';form.settings={\"objectType\":\"Form Setting\",\"editActive\":true,\"title\":\"Szervezz vel\\u00fcnk!\",\"key\":\"\",\"created_at\":\"2019-09-05 06:29:53\",\"default_label_pos\":\"above\",\"conditions\":[],\"show_title\":\"1\",\"clear_complete\":\"1\",\"hide_complete\":\"1\",\"wrapper_class\":\"\",\"element_class\":\"\",\"add_submit\":\"1\",\"logged_in\":\"\",\"not_logged_in_msg\":\"\",\"sub_limit_number\":\"\",\"sub_limit_msg\":\"\",\"calculations\":[],\"formContentData\":[\"nevem_1567665040107\",\"email_cimem_1567665058442\",\"amit_szerveznek_a_kozos_helyen_1567665119110\",\"elkuldom_1567665632436\"],\"container_styles_background-color\":\"\",\"container_styles_border\":\"\",\"container_styles_border-style\":\"\",\"container_styles_border-color\":\"\",\"container_styles_color\":\"\",\"container_styles_height\":\"\",\"container_styles_width\":\"\",\"container_styles_font-size\":\"\",\"container_styles_margin\":\"\",\"container_styles_padding\":\"\",\"container_styles_display\":\"\",\"container_styles_float\":\"\",\"container_styles_show_advanced_css\":\"0\",\"container_styles_advanced\":\"\",\"title_styles_background-color\":\"\",\"title_styles_border\":\"\",\"title_styles_border-style\":\"\",\"title_styles_border-color\":\"\",\"title_styles_color\":\"\",\"title_styles_height\":\"\",\"title_styles_width\":\"\",\"title_styles_font-size\":\"\",\"title_styles_margin\":\"\",\"title_styles_padding\":\"\",\"title_styles_display\":\"\",\"title_styles_float\":\"\",\"title_styles_show_advanced_css\":\"0\",\"title_styles_advanced\":\"\",\"row_styles_background-color\":\"\",\"row_styles_border\":\"\",\"row_styles_border-style\":\"\",\"row_styles_border-color\":\"\",\"row_styles_color\":\"\",\"row_styles_height\":\"\",\"row_styles_width\":\"\",\"row_styles_font-size\":\"\",\"row_styles_margin\":\"\",\"row_styles_padding\":\"\",\"row_styles_display\":\"\",\"row_styles_show_advanced_css\":\"0\",\"row_styles_advanced\":\"\",\"row-odd_styles_background-color\":\"\",\"row-odd_styles_border\":\"\",\"row-odd_styles_border-style\":\"\",\"row-odd_styles_border-color\":\"\",\"row-odd_styles_color\":\"\",\"row-odd_styles_height\":\"\",\"row-odd_styles_width\":\"\",\"row-odd_styles_font-size\":\"\",\"row-odd_styles_margin\":\"\",\"row-odd_styles_padding\":\"\",\"row-odd_styles_display\":\"\",\"row-odd_styles_show_advanced_css\":\"0\",\"row-odd_styles_advanced\":\"\",\"success-msg_styles_background-color\":\"\",\"success-msg_styles_border\":\"\",\"success-msg_styles_border-style\":\"\",\"success-msg_styles_border-color\":\"\",\"success-msg_styles_color\":\"\",\"success-msg_styles_height\":\"\",\"success-msg_styles_width\":\"\",\"success-msg_styles_font-size\":\"\",\"success-msg_styles_margin\":\"\",\"success-msg_styles_padding\":\"\",\"success-msg_styles_display\":\"\",\"success-msg_styles_show_advanced_css\":\"0\",\"success-msg_styles_advanced\":\"\",\"error_msg_styles_background-color\":\"\",\"error_msg_styles_border\":\"\",\"error_msg_styles_border-style\":\"\",\"error_msg_styles_border-color\":\"\",\"error_msg_styles_color\":\"\",\"error_msg_styles_height\":\"\",\"error_msg_styles_width\":\"\",\"error_msg_styles_font-size\":\"\",\"error_msg_styles_margin\":\"\",\"error_msg_styles_padding\":\"\",\"error_msg_styles_display\":\"\",\"error_msg_styles_show_advanced_css\":\"0\",\"error_msg_styles_advanced\":\"\",\"allow_public_link\":0,\"embed_form\":\"\",\"currency\":\"\",\"unique_field_error\":\"A form with this value has already been submitted.\",\"changeEmailErrorMsg\":\"K\\u00e9rlek \\u00e9rv\\u00e9nyes emailc\\u00edmet \\u00edrj be\",\"changeDateErrorMsg\":\"Please enter a valid date!\",\"confirmFieldErrorMsg\":\"These fields must match!\",\"fieldNumberNumMinError\":\"Number Min Error\",\"fieldNumberNumMaxError\":\"Number Max Error\",\"fieldNumberIncrementBy\":\"Please increment by \",\"formErrorsCorrectErrors\":\"Please correct errors before submitting this form.\",\"validateRequiredField\":\"Ezt a mez\\u0151t k\\u00f6telez\\u0151 kit\\u00f6lteni\",\"honeypotHoneypotError\":\"Honeypot Error\",\"fieldsMarkedRequired\":\"A csillaggal jel\\u00f6lt mez\\u0151ket k\\u00f6telez\\u0151 kit\\u00f6lteni\",\"drawerDisabled\":false,\"ninjaForms\":\"Ninja Forms\",\"fieldTextareaRTEInsertLink\":\"Insert Link\",\"fieldTextareaRTEInsertMedia\":\"Insert Media\",\"fieldTextareaRTESelectAFile\":\"Select a file\",\"formHoneypot\":\"If you are a human seeing this field, please leave it empty.\",\"fileUploadOldCodeFileUploadInProgress\":\"File Upload in Progress.\",\"fileUploadOldCodeFileUpload\":\"FILE UPLOAD\",\"currencySymbol\":false,\"thousands_sep\":\"&nbsp;\",\"decimal_point\":\",\",\"siteLocale\":\"hu_HU\",\"dateFormat\":\"m\\\/d\\\/Y\",\"startOfWeek\":\"1\",\"of\":\"of\",\"previousMonth\":\"Previous Month\",\"nextMonth\":\"Next Month\",\"months\":[\"January\",\"February\",\"March\",\"April\",\"May\",\"June\",\"July\",\"August\",\"September\",\"October\",\"November\",\"December\"],\"monthsShort\":[\"Jan\",\"Feb\",\"Mar\",\"Apr\",\"May\",\"Jun\",\"Jul\",\"Aug\",\"Sep\",\"Oct\",\"Nov\",\"Dec\"],\"weekdays\":[\"Sunday\",\"Monday\",\"Tuesday\",\"Wednesday\",\"Thursday\",\"Friday\",\"Saturday\"],\"weekdaysShort\":[\"Sun\",\"Mon\",\"Tue\",\"Wed\",\"Thu\",\"Fri\",\"Sat\"],\"weekdaysMin\":[\"Su\",\"Mo\",\"Tu\",\"We\",\"Th\",\"Fr\",\"Sa\"],\"recaptchaConsentMissing\":\"reCaptcha validation couldn&#039;t load.\",\"recaptchaMissingCookie\":\"reCaptcha v3 validation couldn&#039;t load the cookie needed to submit the form.\",\"recaptchaConsentEvent\":\"Accept reCaptcha cookies before sending the form.\",\"currency_symbol\":\"\",\"beforeForm\":\"\",\"beforeFields\":\"\",\"afterFields\":\"\",\"afterForm\":\"\"};form.fields=[{\"objectType\":\"Field\",\"objectDomain\":\"fields\",\"editActive\":false,\"order\":1,\"label\":\"Nevem\",\"key\":\"nevem_1567665040107\",\"type\":\"textbox\",\"created_at\":\"2019-09-05 06:29:53\",\"label_pos\":\"above\",\"required\":1,\"placeholder\":\"\",\"default\":\"\",\"wrapper_class\":\"\",\"element_class\":\"\",\"container_class\":\"\",\"input_limit\":\"\",\"input_limit_type\":\"characters\",\"input_limit_msg\":\"Character(s) left\",\"manual_key\":\"\",\"disable_input\":\"\",\"admin_label\":\"\",\"help_text\":\"\",\"desc_text\":\"\",\"disable_browser_autocomplete\":\"\",\"mask\":\"\",\"custom_mask\":\"\",\"wrap_styles_background-color\":\"\",\"wrap_styles_border\":\"\",\"wrap_styles_border-style\":\"\",\"wrap_styles_border-color\":\"\",\"wrap_styles_color\":\"\",\"wrap_styles_height\":\"\",\"wrap_styles_width\":\"\",\"wrap_styles_font-size\":\"\",\"wrap_styles_margin\":\"\",\"wrap_styles_padding\":\"\",\"wrap_styles_display\":\"\",\"wrap_styles_float\":\"\",\"wrap_styles_show_advanced_css\":0,\"wrap_styles_advanced\":\"\",\"label_styles_background-color\":\"\",\"label_styles_border\":\"\",\"label_styles_border-style\":\"\",\"label_styles_border-color\":\"\",\"label_styles_color\":\"\",\"label_styles_height\":\"\",\"label_styles_width\":\"\",\"label_styles_font-size\":\"\",\"label_styles_margin\":\"\",\"label_styles_padding\":\"\",\"label_styles_display\":\"\",\"label_styles_float\":\"\",\"label_styles_show_advanced_css\":0,\"label_styles_advanced\":\"\",\"element_styles_background-color\":\"\",\"element_styles_border\":\"\",\"element_styles_border-style\":\"\",\"element_styles_border-color\":\"\",\"element_styles_color\":\"\",\"element_styles_height\":\"\",\"element_styles_width\":\"\",\"element_styles_font-size\":\"\",\"element_styles_margin\":\"\",\"element_styles_padding\":\"\",\"element_styles_display\":\"\",\"element_styles_float\":\"\",\"element_styles_show_advanced_css\":0,\"element_styles_advanced\":\"\",\"cellcid\":\"c3277\",\"custom_name_attribute\":\"\",\"personally_identifiable\":\"\",\"value\":\"\",\"id\":1,\"beforeField\":\"\",\"afterField\":\"\",\"parentType\":\"textbox\",\"element_templates\":[\"textbox\",\"input\"],\"old_classname\":\"\",\"wrap_template\":\"wrap\"},{\"objectType\":\"Field\",\"objectDomain\":\"fields\",\"editActive\":false,\"order\":2,\"label\":\"Email c\\u00edmem\",\"key\":\"email_cimem_1567665058442\",\"type\":\"email\",\"created_at\":\"2019-09-05 06:29:53\",\"label_pos\":\"above\",\"required\":1,\"placeholder\":\"\",\"default\":\"\",\"wrapper_class\":\"\",\"element_class\":\"\",\"container_class\":\"\",\"admin_label\":\"\",\"help_text\":\"\",\"desc_text\":\"\",\"wrap_styles_background-color\":\"\",\"wrap_styles_border\":\"\",\"wrap_styles_border-style\":\"\",\"wrap_styles_border-color\":\"\",\"wrap_styles_color\":\"\",\"wrap_styles_height\":\"\",\"wrap_styles_width\":\"\",\"wrap_styles_font-size\":\"\",\"wrap_styles_margin\":\"\",\"wrap_styles_padding\":\"\",\"wrap_styles_display\":\"\",\"wrap_styles_float\":\"\",\"wrap_styles_show_advanced_css\":0,\"wrap_styles_advanced\":\"\",\"label_styles_background-color\":\"\",\"label_styles_border\":\"\",\"label_styles_border-style\":\"\",\"label_styles_border-color\":\"\",\"label_styles_color\":\"\",\"label_styles_height\":\"\",\"label_styles_width\":\"\",\"label_styles_font-size\":\"\",\"label_styles_margin\":\"\",\"label_styles_padding\":\"\",\"label_styles_display\":\"\",\"label_styles_float\":\"\",\"label_styles_show_advanced_css\":0,\"label_styles_advanced\":\"\",\"element_styles_background-color\":\"\",\"element_styles_border\":\"\",\"element_styles_border-style\":\"\",\"element_styles_border-color\":\"\",\"element_styles_color\":\"\",\"element_styles_height\":\"\",\"element_styles_width\":\"\",\"element_styles_font-size\":\"\",\"element_styles_margin\":\"\",\"element_styles_padding\":\"\",\"element_styles_display\":\"\",\"element_styles_float\":\"\",\"element_styles_show_advanced_css\":0,\"element_styles_advanced\":\"\",\"cellcid\":\"c3281\",\"custom_name_attribute\":\"email\",\"personally_identifiable\":1,\"value\":\"\",\"drawerDisabled\":false,\"id\":2,\"beforeField\":\"\",\"afterField\":\"\",\"parentType\":\"email\",\"element_templates\":[\"email\",\"input\"],\"old_classname\":\"\",\"wrap_template\":\"wrap\"},{\"objectType\":\"Field\",\"objectDomain\":\"fields\",\"editActive\":false,\"order\":3,\"label\":\"Amit szervezn\\u00e9k a K\\u00d6Z\\u00d6S helyen...\",\"key\":\"amit_szerveznek_a_kozos_helyen_1567665119110\",\"type\":\"textarea\",\"created_at\":\"2019-09-05 06:29:53\",\"label_pos\":\"above\",\"required\":1,\"placeholder\":\"\",\"default\":\"\",\"wrapper_class\":\"\",\"element_class\":\"\",\"container_class\":\"\",\"input_limit\":\"\",\"input_limit_type\":\"characters\",\"input_limit_msg\":\"Character(s) left\",\"manual_key\":\"\",\"disable_input\":\"\",\"admin_label\":\"\",\"help_text\":\"\",\"desc_text\":\"\",\"disable_browser_autocomplete\":\"\",\"textarea_rte\":\"\",\"disable_rte_mobile\":\"\",\"textarea_media\":\"\",\"wrap_styles_background-color\":\"\",\"wrap_styles_border\":\"\",\"wrap_styles_border-style\":\"\",\"wrap_styles_border-color\":\"\",\"wrap_styles_color\":\"\",\"wrap_styles_height\":\"\",\"wrap_styles_width\":\"\",\"wrap_styles_font-size\":\"\",\"wrap_styles_margin\":\"\",\"wrap_styles_padding\":\"\",\"wrap_styles_display\":\"\",\"wrap_styles_float\":\"\",\"wrap_styles_show_advanced_css\":0,\"wrap_styles_advanced\":\"\",\"label_styles_background-color\":\"\",\"label_styles_border\":\"\",\"label_styles_border-style\":\"\",\"label_styles_border-color\":\"\",\"label_styles_color\":\"\",\"label_styles_height\":\"\",\"label_styles_width\":\"\",\"label_styles_font-size\":\"\",\"label_styles_margin\":\"\",\"label_styles_padding\":\"\",\"label_styles_display\":\"\",\"label_styles_float\":\"\",\"label_styles_show_advanced_css\":0,\"label_styles_advanced\":\"\",\"element_styles_background-color\":\"\",\"element_styles_border\":\"\",\"element_styles_border-style\":\"\",\"element_styles_border-color\":\"\",\"element_styles_color\":\"\",\"element_styles_height\":\"\",\"element_styles_width\":\"\",\"element_styles_font-size\":\"\",\"element_styles_margin\":\"\",\"element_styles_padding\":\"\",\"element_styles_display\":\"\",\"element_styles_float\":\"\",\"element_styles_show_advanced_css\":0,\"element_styles_advanced\":\"\",\"cellcid\":\"c3284\",\"value\":\"\",\"drawerDisabled\":false,\"id\":3,\"beforeField\":\"\",\"afterField\":\"\",\"parentType\":\"textarea\",\"element_templates\":[\"textarea\",\"input\"],\"old_classname\":\"\",\"wrap_template\":\"wrap\"},{\"objectType\":\"Field\",\"objectDomain\":\"fields\",\"editActive\":false,\"order\":5,\"label\":\"Elk\\u00fcld\\u00f6m\",\"key\":\"elkuldom_1567665632436\",\"type\":\"submit\",\"created_at\":\"2019-09-05 06:29:53\",\"processing_label\":\"...k\\u00fcld\\u00e9s...\",\"container_class\":\"\",\"element_class\":\"\",\"wrap_styles_background-color\":\"\",\"wrap_styles_border\":\"\",\"wrap_styles_border-style\":\"\",\"wrap_styles_border-color\":\"\",\"wrap_styles_color\":\"\",\"wrap_styles_height\":\"\",\"wrap_styles_width\":\"\",\"wrap_styles_font-size\":\"\",\"wrap_styles_margin\":\"\",\"wrap_styles_padding\":\"\",\"wrap_styles_display\":\"\",\"wrap_styles_float\":\"\",\"wrap_styles_show_advanced_css\":0,\"wrap_styles_advanced\":\"\",\"label_styles_background-color\":\"\",\"label_styles_border\":\"\",\"label_styles_border-style\":\"\",\"label_styles_border-color\":\"\",\"label_styles_color\":\"\",\"label_styles_height\":\"\",\"label_styles_width\":\"\",\"label_styles_font-size\":\"\",\"label_styles_margin\":\"\",\"label_styles_padding\":\"\",\"label_styles_display\":\"\",\"label_styles_float\":\"\",\"label_styles_show_advanced_css\":0,\"label_styles_advanced\":\"\",\"element_styles_background-color\":\"\",\"element_styles_border\":\"\",\"element_styles_border-style\":\"\",\"element_styles_border-color\":\"\",\"element_styles_color\":\"\",\"element_styles_height\":\"\",\"element_styles_width\":\"\",\"element_styles_font-size\":\"\",\"element_styles_margin\":\"\",\"element_styles_padding\":\"\",\"element_styles_display\":\"\",\"element_styles_float\":\"\",\"element_styles_show_advanced_css\":0,\"element_styles_advanced\":\"\",\"submit_element_hover_styles_background-color\":\"\",\"submit_element_hover_styles_border\":\"\",\"submit_element_hover_styles_border-style\":\"\",\"submit_element_hover_styles_border-color\":\"\",\"submit_element_hover_styles_color\":\"\",\"submit_element_hover_styles_height\":\"\",\"submit_element_hover_styles_width\":\"\",\"submit_element_hover_styles_font-size\":\"\",\"submit_element_hover_styles_margin\":\"\",\"submit_element_hover_styles_padding\":\"\",\"submit_element_hover_styles_display\":\"\",\"submit_element_hover_styles_float\":\"\",\"submit_element_hover_styles_show_advanced_css\":0,\"submit_element_hover_styles_advanced\":\"\",\"cellcid\":\"c3287\",\"drawerDisabled\":false,\"id\":4,\"beforeField\":\"\",\"afterField\":\"\",\"value\":\"\",\"label_pos\":\"above\",\"parentType\":\"textbox\",\"element_templates\":[\"submit\",\"button\",\"input\"],\"old_classname\":\"\",\"wrap_template\":\"wrap-no-label\"}];nfForms.push(form);<\/script>\n        <\/div>\n<\/div>\n","protected":false},"excerpt":{"rendered":"<p>Szervezz el\u0151ad\u00e1sokat! &nbsp; Befogadunk, nyitottak vagyunk minden a hely szellemis\u00e9g\u00e9vel nem \u00fctk\u00f6z\u0151 programra. Szervezhetsz n\u00e1lunk a vitakult\u00far\u00e1t er\u0151s\u00edt\u0151, gondolat\u00e9breszt\u0151, z\u00f6ld\u00edt\u0151, k\u00f6z\u00f6ss\u00e9get er\u0151s\u00edt\u0151 el\u0151ad\u00e1sokat, tarthatsz n\u00e1lunk gyakorlati foglakoz\u00e1sokat, munkamegbesz\u00e9l\u00e9seket, \u00fczleti, bar\u00e1ti &#8230;<\/p>\n","protected":false},"author":14,"featured_media":0,"parent":0,"menu_order":0,"comment_status":"closed","ping_status":"closed","template":"","meta":{"footnotes":""},"class_list":["post-289","page","type-page","status-publish","hentry","wpautop"],"aioseo_notices":[],"featured_image_src":null,"_links":{"self":[{"href":"http:\/\/atalakulo.hu\/holnap\/kozoshely\/wp-json\/wp\/v2\/pages\/289","targetHints":{"allow":["GET"]}}],"collection":[{"href":"http:\/\/atalakulo.hu\/holnap\/kozoshely\/wp-json\/wp\/v2\/pages"}],"about":[{"href":"http:\/\/atalakulo.hu\/holnap\/kozoshely\/wp-json\/wp\/v2\/types\/page"}],"author":[{"embeddable":true,"href":"http:\/\/atalakulo.hu\/holnap\/kozoshely\/wp-json\/wp\/v2\/users\/14"}],"replies":[{"embeddable":true,"href":"http:\/\/atalakulo.hu\/holnap\/kozoshely\/wp-json\/wp\/v2\/comments?post=289"}],"version-history":[{"count":14,"href":"http:\/\/atalakulo.hu\/holnap\/kozoshely\/wp-json\/wp\/v2\/pages\/289\/revisions"}],"predecessor-version":[{"id":407,"href":"http:\/\/atalakulo.hu\/holnap\/kozoshely\/wp-json\/wp\/v2\/pages\/289\/revisions\/407"}],"wp:attachment":[{"href":"http:\/\/atalakulo.hu\/holnap\/kozoshely\/wp-json\/wp\/v2\/media?parent=289"}],"curies":[{"name":"wp","href":"https:\/\/api.w.org\/{rel}","templated":true}]}}