{"id":7,"date":"2019-07-25T09:30:56","date_gmt":"2019-07-25T09:30:56","guid":{"rendered":"http:\/\/atalakulo.hu\/holnap\/kozoshely\/?page_id=7"},"modified":"2021-12-05T10:25:29","modified_gmt":"2021-12-05T10:25:29","slug":"fooldal","status":"publish","type":"page","link":"http:\/\/atalakulo.hu\/holnap\/kozoshely\/","title":{"rendered":"F\u0151oldal"},"content":{"rendered":"\n<div class=\"wp-block-soliloquy-soliloquywp\"><div aria-live=\"polite\" id=\"soliloquy-container-1313_1\" class=\"soliloquy-container soliloquy-transition-fade  soliloquy-theme-base\" style=\"max-width:1110px;max-height:500px;\"><ul id=\"soliloquy-1313_1\" class=\"soliloquy-slider soliloquy-slides soliloquy-wrap soliloquy-clear\"><li aria-hidden=\"true\" class=\"soliloquy-item soliloquy-item-1 soliloquy-image-slide\" draggable=\"false\" style=\"list-style:none\"><img decoding=\"async\" id=\"soliloquy-image-1005\" class=\"soliloquy-image soliloquy-image-1\" src=\"http:\/\/atalakulo.hu\/holnap\/kozoshely\/wp-content\/uploads\/sites\/3\/2020\/11\/wekerlei-kispiac-molino-e1605733617407-1110x500_c.jpg\" alt=\"wekerlei kispiac molino\" \/><\/li><li aria-hidden=\"true\" class=\"soliloquy-item soliloquy-item-2 soliloquy-image-slide\" draggable=\"false\" style=\"list-style:none\"><img decoding=\"async\" id=\"soliloquy-image-1140\" class=\"soliloquy-image soliloquy-image-2\" src=\"http:\/\/atalakulo.hu\/holnap\/kozoshely\/wp-content\/uploads\/sites\/3\/2021\/01\/ko\u0308zo\u0308s.scone_.asztalon_u-scaled-1110x500_c.jpg\" alt=\"ko\u0308zo\u0308s.scone.asztalon_u\" \/><\/li><li aria-hidden=\"true\" class=\"soliloquy-item soliloquy-item-3 soliloquy-image-slide\" draggable=\"false\" style=\"list-style:none\"><img decoding=\"async\" id=\"soliloquy-image-1139\" class=\"soliloquy-image soliloquy-image-3\" src=\"http:\/\/atalakulo.hu\/holnap\/kozoshely\/wp-content\/uploads\/sites\/3\/2021\/01\/Ko\u0308zo\u0308s-szalve\u0301ta\u0301k-ka\u0301ve\u0301szacsko\u0301ban-su\u0308to\u030bto\u0308kkel-scaled-1110x500_c.jpg\" alt=\"Ko\u0308zo\u0308s szalve\u0301ta\u0301k ka\u0301ve\u0301szacsko\u0301ban su\u0308to\u030bto\u0308kkel\" \/><\/li><li aria-hidden=\"true\" class=\"soliloquy-item soliloquy-item-4 soliloquy-image-slide\" draggable=\"false\" style=\"list-style:none\"><img decoding=\"async\" id=\"soliloquy-image-1138\" class=\"soliloquy-image soliloquy-image-4\" src=\"http:\/\/atalakulo.hu\/holnap\/kozoshely\/wp-content\/uploads\/sites\/3\/2021\/01\/IMG_1273_u-scaled-1110x500_c.jpg\" alt=\"IMG_1273_u\" \/><\/li><li aria-hidden=\"true\" class=\"soliloquy-item soliloquy-item-5 soliloquy-image-slide\" draggable=\"false\" style=\"list-style:none\"><img decoding=\"async\" id=\"soliloquy-image-1136\" class=\"soliloquy-image soliloquy-image-5\" src=\"http:\/\/atalakulo.hu\/holnap\/kozoshely\/wp-content\/uploads\/sites\/3\/2021\/01\/hummusz-sajt-vaj-ko\u0308ro\u0308zo\u0308tt-majo-kolba\u0301sz_u-1110x500_c.jpg\" alt=\"hummusz-sajt-vaj-ko\u0308ro\u0308zo\u0308tt-majo-kolba\u0301sz_u\" \/><\/li><li aria-hidden=\"true\" class=\"soliloquy-item soliloquy-item-6 soliloquy-image-slide\" draggable=\"false\" style=\"list-style:none\"><img decoding=\"async\" id=\"soliloquy-image-806\" class=\"soliloquy-image soliloquy-image-6\" src=\"http:\/\/atalakulo.hu\/holnap\/kozoshely\/wp-content\/uploads\/sites\/3\/2020\/09\/kave-kendermagszelet-1110x500_c.jpeg\" alt=\"k\u00e1v\u00e9 kendermagszelet\" \/><\/li><li aria-hidden=\"true\" class=\"soliloquy-item soliloquy-item-7 soliloquy-image-slide\" draggable=\"false\" style=\"list-style:none\"><img decoding=\"async\" id=\"soliloquy-image-989\" class=\"soliloquy-image soliloquy-image-7\" src=\"http:\/\/atalakulo.hu\/holnap\/kozoshely\/wp-content\/uploads\/sites\/3\/2020\/11\/hummusz-zoldsegel-1110x500_c.jpg\" alt=\"hummusz z\u00f6lds\u00e9gel\" \/><\/li><li aria-hidden=\"true\" class=\"soliloquy-item soliloquy-item-8 soliloquy-image-slide\" draggable=\"false\" style=\"list-style:none\"><img decoding=\"async\" id=\"soliloquy-image-508\" class=\"soliloquy-image soliloquy-image-8\" src=\"http:\/\/atalakulo.hu\/holnap\/kozoshely\/wp-content\/uploads\/sites\/3\/2013\/09\/Copy-of-piactervezes_kirakat_Atalakulo_Wekerle-2017-1110x500_c.jpg\" alt=\"Copy of piactervezes_kirakat_Atalakulo_Wekerle 2017\" \/><\/li><\/ul><\/div><noscript><style type=\"text\/css\">#soliloquy-container-1313_1{opacity:1}<\/style><\/noscript><\/div>\n\n\n\n<div class=\"section section-padding-top\">\n<div class=\"container\">\n<div class=\"row\">\n<div class=\"content featured-pages no-bg\">\n<div class=\"col-lg-6 col-sm-12 holder third first\">\n<p><!-- BEGIN .content --><\/p>\n<div class=\"content shadow radius-full\">\n<p><!-- BEGIN .padded --><\/p>\n<div class=\"padded\">\n<div class=\"home-featured-banner\" style=\"background-image: url('http:\/\/atalakulo.hu\/holnap\/kozoshely\/wp-content\/uploads\/sites\/3\/2019\/08\/restaurant-background-1.jpg?w=640')\">\n<div class=\"flex-wrapper\">\n<div class=\"banner-title-wrapper\">\n<h1 class=\"headline img-headline\">Programjaink<\/h1>\n<\/div>\n<p><\/p>\n<\/div>\n<\/div>\n<p><!-- BEGIN .outline --><\/p>\n<div class=\"outline\">\n<p><!-- BEGIN .information --><\/p>\n<div class=\"information\">\n<ul>\n<li style=\"list-style-type: none\">\n<ul><div class=\"em em-view-container\" id=\"em-view-2050055137\" data-view=\"list\">\r\n\t<div class=\"em pixelbones em-list em-events-list\" id=\"em-events-list-2050055137\" data-view-id=\"2050055137\">\r\n\tNincs Esem\u00e9ny\t<\/div>\r\n<\/div>\n<\/ul>\n\n<p><!-- END .information --><\/p>\n<\/div>\n<p><!-- END .outline --><\/p>\n<\/div>\n<p><!-- END .padded --><\/p>\n<\/div>\n<p><!-- END .content --><\/p>\n<\/div>\n<\/div>\n<div class=\"col-lg-6 col-sm-12 holder third first\">\n<p><!-- BEGIN .content --><\/p>\n<div class=\"content shadow radius-full\">\n<p><!-- BEGIN .padded --><\/p>\n<div class=\"padded\">\n<div class=\"home-featured-banner\" style=\"background-image: url('http:\/\/atalakulo.hu\/holnap\/kozoshely\/wp-content\/uploads\/sites\/3\/2019\/08\/restaurant-background-1.jpg?w=640')\">\n<div class=\"flex-wrapper\">\n<div class=\"banner-title-wrapper\">\n<h1 class=\"headline img-headline\">E heti aj\u00e1nlat<\/h1>\n<\/div>\n<p><\/p>\n<\/div>\n<\/div>\n<p><!-- BEGIN .outline --><\/p>\n<div class=\"outline\">\n<p><!-- BEGIN .information --><\/p>\n<div class=\"information\">\n<p class=\"centered\">Befogadunk, nyitottak vagyunk minden olyan kezdem\u00e9nyez\u00e9sre, mely egyezik a hely szellemis\u00e9g\u00e9vel. Ha szeml\u00e9letform\u00e1l\u00f3 programot szervezn\u00e9l, keress minket! Ha m\u00e1r egy ideje gondolkozol azon, hogyan lehetne egyre t\u00f6bb embert megismertetni a n\u00f6v\u00e9nyi alap\u00fa konyh\u00e1val, akkor is keress minket!<\/p>\n<p class=\"centered\"><a href=\"http:\/\/atalakulo.hu\/holnap\/kozoshely\/szervezz-velunk\/\">Olvass tov\u00e1bb&#8230;<\/a><\/p>\n<p><!-- END .information --><\/p>\n<\/div>\n<p><!-- END .outline --><\/p>\n<\/div>\n<p><!-- END .padded --><\/p>\n<\/div>\n<p><!-- END .content --><\/p>\n<\/div>\n<\/div>\n<div class=\"col-lg-12 col-sm-12 holder third first\">\n<p><!-- BEGIN .content --><\/p>\n<div class=\"content shadow radius-full\">\n<p><!-- BEGIN .padded --><\/p>\n<div class=\"padded\">\n<div class=\"home-featured-banner\" style=\"background-image: url('http:\/\/atalakulo.hu\/holnap\/kozoshely\/wp-content\/uploads\/sites\/3\/2019\/08\/restaurant-background-1.jpg?w=640')\">\n<div class=\"flex-wrapper\">\n<div class=\"banner-title-wrapper\">\n<h1 class=\"headline img-headline\">\u00c9tlap<\/h1>\n<\/div>\n<p><\/p>\n<\/div>\n<\/div>\n<p><!-- BEGIN .outline --><\/p>\n<div class=\"outline\">\n<p><!-- BEGIN .information --><\/p>\n<div class=\"information\">\n\n\n<table class=\"tg\">\n<thead>\n  <tr>\n    <th class=\"tg-brg8\"><span style=\"font-weight:bold;font-style:italic\">2021.12.07 &#8211;<\/span><br><span style=\"font-weight:bold;font-style:italic\">2021.12.10.<\/span><\/th>\n    <th class=\"tg-1qbe\">H\u00e9tf\u0151<\/th>\n    <th class=\"tg-1qbe\">Kedd<\/th>\n    <th class=\"tg-1qbe\">Szerda<\/th>\n    <th class=\"tg-1qbe\">Cs\u00fct\u00f6rt\u00f6k<\/th>\n    <th class=\"tg-1qbe\">P\u00e9ntek<\/th>\n  <\/tr>\n<\/thead>\n<tbody>\n  <tr>\n    <td class=\"tg-hpy4\">Leves<\/td>\n    <td class=\"tg-lboi\"> <\/td>\n    <td class=\"tg-9wq8\">P\u00f3rehagym\u00e1s burgonyaleves fodroskellel, szalmakrumplival <\/td>\n    <td class=\"tg-c3ow\">Narancsos c\u00e9klakr\u00e9mleves<br><\/td>\n    <td class=\"tg-c4jf\">Karal\u00e1b\u00e9 leves<\/td>\n    <td class=\"tg-lboi\">S\u00fct\u0151t\u00f6k kr\u00e9mleves t\u00f6kmagolajjal \n<br><\/td>\n  <\/tr>\n  <tr>\n    <td class=\"tg-hpy4\">F\u0151\u00e9tel<\/td>\n    <td class=\"tg-lboi\"> <\/td>\n    <td class=\"tg-lboi\">Mexik\u00f3i chilis bab h\u00e1zi laposkeny\u00e9rrel, kukorica sals\u00e1val<\/td>\n    <td class=\"tg-lboi\">S\u00fclt z\u00f6lds\u00e9gek kuszkusszal \u00e9s satay sz\u00f3sszal (gy\u00f6mb\u00e9res-mogyor\u00f3s sz\u00f3sz) <\/td>\n    <td class=\"tg-9wq8\">Gombapaprik\u00e1s kn\u00e9dlivel <br><\/td>\n    <td class=\"tg-c3ow\">Pastrami szendvics saj\u00e1t kenyer\u00fcnkkel, savany\u00fa k\u00e1poszt\u00e1val \u00e9s h\u00e1zi must\u00e1rral\n<br> <\/td>\n  <\/tr>\n<\/tbody>\n<\/table>\n    \n  \n    \n<p class=\"centered\">A K\u00d6Z\u00d6Sben megfelel\u0151 tiszteletet adunk a helyi z\u00f6lds\u00e9geknek, a sal\u00e1t\u00e1k k\u00f6zponti szerepl\u0151k a mindennapjainkban! Hidegen, melegen, szinesen, ropog\u00f3san. Kisebb-nagyobb sal\u00e1tat\u00e1lakkal, \u00f3ri\u00e1s csal\u00e1di sal\u00e1tamandal\u00e1val lehet a termel\u0151i z\u00f6lds\u00e9geknek h\u00e1l\u00e1t adni. Ez nem az ecetes ubi salinak a helye \u2013 itt friss f\u0171szerek, izgi olajok, savany\u00edtott, aszalt, spir\u00e1liz\u00e1lt, wokban karmaliz\u00e1lt finoms\u00e1gok a sal\u00e1t\u00e1k alapterm\u00e9szethez tartoznak\u2026<\/p>\n<p class=\"centered\"><a href=\"http:\/\/atalakulo.hu\/holnap\/kozoshely\/etlap\/\">Olvass tov\u00e1bb&#8230;<\/a><\/p>\n<p><!-- END .information --><\/p>\n<p class=\"centered\"><a href=\"https:\/\/docs.google.com\/forms\/d\/e\/1FAIpQLSfx8u6WgFshBBNytL0t35YXtoXDvET9A1pDEnGA1Cq-HZIBlg\/viewform\">\u00c9telrendel\u00e9s&#8230;<\/a><\/p>\n<\/div>\n<p><!-- END .outline --><\/p>\n<\/div>\n<p><!-- END .padded --><\/p>\n<\/div>\n<p><!-- END .content --><\/p>\n<\/div>\n<\/div>\n<\/div>\n<p><!-- END .nobg --><\/p>\n<\/div>\n<\/div>\n<\/div>\n<section>\n\n<\/section>\n\n\n\n<div class=\"container content shadow radius-full\">\n<div class=\"content shadow radius-full\">\n<div class=\"padded information\">\n<div class=\"outline\">\n<h3 class=\"headline img-headline\">Legfrissebb cikkeink<\/h3>\n<hr>[wp_show_posts id=&#8221;315&#8243;]<\/div>\n<\/div>\n<\/div>\n<\/div>\n","protected":false},"excerpt":{"rendered":"Programjaink E heti aj\u00e1nlat Befogadunk, nyitottak vagyunk minden olyan kezdem\u00e9nyez\u00e9sre, mely egyezik a hely szellemis\u00e9g\u00e9vel. Ha szeml\u00e9letform\u00e1l\u00f3 programot szervezn\u00e9l, keress minket! Ha m\u00e1r egy ideje gondolkozol azon, hogyan lehetne egyre &#8230;","protected":false},"author":14,"featured_media":668,"parent":0,"menu_order":0,"comment_status":"closed","ping_status":"closed","template":"template-fullwidth.php","meta":{"footnotes":""},"class_list":["post-7","page","type-page","status-publish","has-post-thumbnail","hentry","no-wpautop"],"aioseo_notices":[],"featured_image_src":"http:\/\/atalakulo.hu\/holnap\/kozoshely\/wp-content\/uploads\/sites\/3\/2019\/07\/k\u00f6z\u00f6s-ajt\u00f3.jpg","_links":{"self":[{"href":"http:\/\/atalakulo.hu\/holnap\/kozoshely\/wp-json\/wp\/v2\/pages\/7","targetHints":{"allow":["GET"]}}],"collection":[{"href":"http:\/\/atalakulo.hu\/holnap\/kozoshely\/wp-json\/wp\/v2\/pages"}],"about":[{"href":"http:\/\/atalakulo.hu\/holnap\/kozoshely\/wp-json\/wp\/v2\/types\/page"}],"author":[{"embeddable":true,"href":"http:\/\/atalakulo.hu\/holnap\/kozoshely\/wp-json\/wp\/v2\/users\/14"}],"replies":[{"embeddable":true,"href":"http:\/\/atalakulo.hu\/holnap\/kozoshely\/wp-json\/wp\/v2\/comments?post=7"}],"version-history":[{"count":258,"href":"http:\/\/atalakulo.hu\/holnap\/kozoshely\/wp-json\/wp\/v2\/pages\/7\/revisions"}],"predecessor-version":[{"id":1615,"href":"http:\/\/atalakulo.hu\/holnap\/kozoshely\/wp-json\/wp\/v2\/pages\/7\/revisions\/1615"}],"wp:featuredmedia":[{"embeddable":true,"href":"http:\/\/atalakulo.hu\/holnap\/kozoshely\/wp-json\/wp\/v2\/media\/668"}],"wp:attachment":[{"href":"http:\/\/atalakulo.hu\/holnap\/kozoshely\/wp-json\/wp\/v2\/media?parent=7"}],"curies":[{"name":"wp","href":"https:\/\/api.w.org\/{rel}","templated":true}]}}