{"id":82,"date":"2019-07-31T16:19:44","date_gmt":"2019-07-31T16:19:44","guid":{"rendered":"http:\/\/atalakulo.hu\/holnap\/kozoshely\/?page_id=82"},"modified":"2019-08-15T08:57:34","modified_gmt":"2019-08-15T08:57:34","slug":"a-hely","status":"publish","type":"page","link":"http:\/\/atalakulo.hu\/holnap\/kozoshely\/a-hely\/","title":{"rendered":"A hely"},"content":{"rendered":"<h2>K\u00f6z\u00f6ss\u00e9gi t\u00e9r<\/h2>\n<p>A &#8222;K\u00d6Z\u00d6S&#8221; olyan k\u00f6z\u00f6ss\u00e9gi konyha \u00e9s k\u00e1v\u00e9z\u00f3, ahol minden a helyi k\u00f6z\u00f6ss\u00e9gr\u0151l, a helyi \u00e9lelmiszerr\u0151l, \u00e9s a z\u00f6ld tudatoss\u00e1gr\u00f3l sz\u00f3l. A Wekerlei kispiaci napokon is \u00e9rdemes ide bet\u00e9rni, j\u00f3t besz\u00e9lgetni, \u00e9s eg\u00e9szs\u00e9ges, helyi alapanyagokb\u00f3l k\u00e9sz\u00fclt, finom \u00e9teleket fogyasztani. Saj\u00e1t dobozban haza is lehet vinni bel\u0151le. A K\u00d6Z\u00d6S-ben minden a kistermel\u0151kr\u0151l, az eg\u00e9szs\u00e9ges \u00e9s k\u00f6rnyezetk\u00edm\u00e9l\u0151 \u00e9telekr\u0151l, \u00e9s a tudatos k\u00f6z\u00f6ss\u00e9gr\u0151l sz\u00f3l. Kistermel\u0151kt\u0151l szerezz\u00fck be az alapanyagokat, mindenben a minim\u00e1lis k\u00f6rnyezeti terhel\u00e9sre \u00e9s a maxim\u00e1lis boldogs\u00e1gra t\u00f6reksz\u00fcnk. Tudjuk, hogy minden kicsi l\u00e9p\u00e9s, ha k\u00f6z\u00f6sen tessz\u00fck, milyen sokat \u00e9r, meg persze egy\u00fctt vid\u00e1mabb is. \u00c1lmunk, hogy k\u00f6z\u00f6sen tal\u00e1ljuk meg azt az \u00e9letform\u00e1t, amivel kl\u00edmabar\u00e1tt\u00e1 alakulhatunk a mi embers\u00e9ges Wekerletelep\u00fcnk\u00f6n. Sz\u00e1m\u00edtunk r\u00e1d is, hogy beleteszed azt, amit tudsz, a k\u00f6z\u00f6sbe&#8230;<\/p>\n<p>A k\u00f6z\u00f6ss\u00e9gi konyha \u00e9s k\u00e1v\u00e9z\u00f3 a piacnapokon tart nyitva, azaz kedd, p\u00e9ntek d\u00e9lel\u0151tt \u00e9s cs\u00fct\u00f6rt\u00f6k d\u00e9lut\u00e1n. Sz\u00edvesen l\u00e1tjuk a gyerekeket, s\u0151t sz\u00e1m\u00edtunk r\u00e1juk! Fontos nek\u00fcnk, hogy \u0151k is otthon \u00e9rezz\u00e9k magukat n\u00e1lunk \u00e9s a kispiacon is. Gyereksarkunk \u00e9rtelmes j\u00e1t\u00e9kokkal v\u00e1rja \u0151ket. A rendes nyitva tart\u00e1son t\u00fal figyeld aktu\u00e1lis f\u0151z\u0151 \u2013 s\u00fct\u0151 \u2013 bef\u0151z\u0151 foglalkoz\u00e1sainkat, ahol sz\u00e1mos \u00f6tletet leshetsz el, sokat tanulhatsz, hogy a saj\u00e1t \u00e9s csal\u00e1dod, vagy ak\u00e1r a bar\u00e1taid \u00e9let\u00e9t z\u00f6ldebb mederbe tereld. Te\u00e1zhatsz mindezek mellett, a fiatalok \u00e1ltal szervezett j\u00f6v\u0151-sz\u00f6v\u0151 teah\u00e1zban, vagy vit\u00e1zhatsz, v\u00e9lem\u00e9nyt cser\u00e9lhetsz \u00f6kokaszin\u00f3nkban, de r\u00e9szt vehetsz k\u00f6z\u00f6ss\u00e9gi vas\u00e1rnapi eb\u00e9d\u00fcnk\u00f6n is, vagy tal\u00e1lkozhatunk a vas\u00e1rnap a v\u00e1s\u00e1rban. A konyh\u00e1n t\u00fal v\u00e1r jav\u00edt\u00f3m\u0171hely\u00fcnk, \u00e9s zacsk\u00f3varrod\u00e1nk, \u00e9s m\u00e9g v\u00e9letlen\u00fcl se habozz, ha z\u00f6ld szeml\u00e9letform\u00e1l\u00f3 programot szervezn\u00e9l, tartan\u00e1l, vagy n\u00f6v\u00e9nyi alap\u00fa \u00e9tellel kapcsolatos gyakorlati programr\u00f3l \u00e1lmodsz. Keress minket!<\/p>\n<h2>A piac<\/h2>\n<p>A Wekerl\u00e9n, a Gutenberg k\u00f6r\u00faton tal\u00e1lhat\u00f3 kispiac 2019-ben egy T\u00e9r-K\u00f6z p\u00e1ly\u00e1zatnak k\u00f6sz\u00f6nhet\u0151en meg\u00fajult. A p\u00e1ly\u00e1zat felt\u00e9tele volt a k\u00f6z\u00f6ss\u00e9g bevon\u00e1sa a p\u00e1ly\u00e1zat kidolgoz\u00e1s\u00e1ba. A k\u00f6z\u00f6ss\u00e9gi tervez\u00e9snek k\u00f6sz\u00f6nhet\u0151en \u00e9p\u00fclhetett k\u00f6z\u00f6ss\u00e9gi t\u00e9r, k\u00f6z\u00f6ss\u00e9gi konyha, valamint egy k\u00fclt\u00e9ri kemence \u00e9p\u00edt\u00e9s\u00e9nek felt\u00e9telei is megteremt\u0151dtek.<\/p>\n<p>A piacon kedd \u00e9s p\u00e9ntek d\u00e9lel\u0151tt van hagyom\u00e1nyos piacnap, cs\u00fct\u00f6rt\u00f6k d\u00e9lut\u00e1nonk\u00e9nt, (19 \u00f3r\u00e1ig) \u0151stermel\u0151i piac. A kistermel\u0151i \u00e1ru mindennapos jelenl\u00e9t\u00e9t kifejezetten fontos t\u00e9nyez\u0151nek tartjuk. A kistermel\u0151k jelentik sz\u00e1munkra a j\u00f6v\u0151t. Minden neh\u00e9zs\u00e9g ellen\u00e9re m\u00e9g mindig \u0151k biztos\u00edtj\u00e1k az emberis\u00e9g sz\u00e1m\u00e1ra sz\u00fcks\u00e9ges \u00e9lelmiszer 85%-t. Fontos, hogy a K\u00d6Z\u00d6S-ben a piacon beszerezhet\u0151, termel\u0151i \u00e1rub\u00f3l k\u00e9sz\u00fcljenek \u00e9teleink.\u00a0 Legfrissebb inform\u00e1ci\u00f3kat a wekerlei kispiacr\u00f3l a <a href=\"https:\/\/www.facebook.com\/wekerleikispiac\/\" target=\"_blank\" rel=\"noopener noreferrer\">Facebook oldalon<\/a> tal\u00e1lsz.<\/p>\n","protected":false},"excerpt":{"rendered":"<p>K\u00f6z\u00f6ss\u00e9gi t\u00e9r A &#8222;K\u00d6Z\u00d6S&#8221; olyan k\u00f6z\u00f6ss\u00e9gi konyha \u00e9s k\u00e1v\u00e9z\u00f3, ahol minden a helyi k\u00f6z\u00f6ss\u00e9gr\u0151l, a helyi \u00e9lelmiszerr\u0151l, \u00e9s a z\u00f6ld tudatoss\u00e1gr\u00f3l sz\u00f3l. A Wekerlei kispiaci napokon is \u00e9rdemes ide bet\u00e9rni, &#8230;<\/p>\n","protected":false},"author":14,"featured_media":0,"parent":0,"menu_order":0,"comment_status":"closed","ping_status":"closed","template":"","meta":{"footnotes":""},"class_list":["post-82","page","type-page","status-publish","hentry","wpautop"],"aioseo_notices":[],"featured_image_src":null,"_links":{"self":[{"href":"http:\/\/atalakulo.hu\/holnap\/kozoshely\/wp-json\/wp\/v2\/pages\/82","targetHints":{"allow":["GET"]}}],"collection":[{"href":"http:\/\/atalakulo.hu\/holnap\/kozoshely\/wp-json\/wp\/v2\/pages"}],"about":[{"href":"http:\/\/atalakulo.hu\/holnap\/kozoshely\/wp-json\/wp\/v2\/types\/page"}],"author":[{"embeddable":true,"href":"http:\/\/atalakulo.hu\/holnap\/kozoshely\/wp-json\/wp\/v2\/users\/14"}],"replies":[{"embeddable":true,"href":"http:\/\/atalakulo.hu\/holnap\/kozoshely\/wp-json\/wp\/v2\/comments?post=82"}],"version-history":[{"count":3,"href":"http:\/\/atalakulo.hu\/holnap\/kozoshely\/wp-json\/wp\/v2\/pages\/82\/revisions"}],"predecessor-version":[{"id":102,"href":"http:\/\/atalakulo.hu\/holnap\/kozoshely\/wp-json\/wp\/v2\/pages\/82\/revisions\/102"}],"wp:attachment":[{"href":"http:\/\/atalakulo.hu\/holnap\/kozoshely\/wp-json\/wp\/v2\/media?parent=82"}],"curies":[{"name":"wp","href":"https:\/\/api.w.org\/{rel}","templated":true}]}}