{"id":247,"date":"2018-01-22T19:58:38","date_gmt":"2018-01-22T19:58:38","guid":{"rendered":"http:\/\/atalakulo.hu\/holnap\/?page_id=247"},"modified":"2018-01-29T15:18:45","modified_gmt":"2018-01-29T15:18:45","slug":"bp-csepel-tamariska-haz","status":"publish","type":"page","link":"http:\/\/atalakulo.hu\/holnap\/vetitesek\/bp-csepel-tamariska-haz\/","title":{"rendered":"Bp. Csepel &#8211; Tamariska H\u00e1z"},"content":{"rendered":"<h3><strong>2018.02.14.<\/strong><br \/>\n18.30<\/h3>\n<p><b>Tamariska H\u00e1z<br \/>\n<\/b>1215 Budapest, Katona J\u00f3zsef u. 54. [<a href=\"https:\/\/goo.gl\/maps\/gJNCk1A47wB2\" target=\"_blank\" rel=\"noopener\">t\u00e9rk\u00e9p]<\/a><\/p>\n<h5>H\u00e1zigazda<\/h5>\n<p><a href=\"http:\/\/tamariska.hu\/\" target=\"_blank\" rel=\"noopener\"><strong>Tamariska H\u00e1z<\/strong><\/a><\/p>\n<h5>Kapcsolat<\/h5>\n<p><strong>Szab\u00f3 \u00c1gnes<\/strong>\u00a0&#8211; agneskozossegi@gmail.com<\/p>\n<p><strong><a href=\"https:\/\/www.facebook.com\/events\/1949005492015417\/\" target=\"_blank\" rel=\"noopener\">Facebook Esem\u00e9ny<\/a><\/strong><\/p>\n","protected":false},"excerpt":{"rendered":"<p>2018.02.14. 18.30 Tamariska H\u00e1z 1215 Budapest, Katona J\u00f3zsef u. 54. [t\u00e9rk\u00e9p] H\u00e1zigazda Tamariska H\u00e1z Kapcsolat Szab\u00f3 \u00c1gnes\u00a0&#8211; agneskozossegi@gmail.com Facebook Esem\u00e9ny<\/p>\n","protected":false},"author":7,"featured_media":0,"parent":95,"menu_order":0,"comment_status":"closed","ping_status":"closed","template":"","meta":{"footnotes":""},"class_list":["post-247","page","type-page","status-publish","hentry","wpautop"],"aioseo_notices":[],"featured_image_src":null,"_links":{"self":[{"href":"http:\/\/atalakulo.hu\/holnap\/wp-json\/wp\/v2\/pages\/247","targetHints":{"allow":["GET"]}}],"collection":[{"href":"http:\/\/atalakulo.hu\/holnap\/wp-json\/wp\/v2\/pages"}],"about":[{"href":"http:\/\/atalakulo.hu\/holnap\/wp-json\/wp\/v2\/types\/page"}],"author":[{"embeddable":true,"href":"http:\/\/atalakulo.hu\/holnap\/wp-json\/wp\/v2\/users\/7"}],"replies":[{"embeddable":true,"href":"http:\/\/atalakulo.hu\/holnap\/wp-json\/wp\/v2\/comments?post=247"}],"version-history":[{"count":4,"href":"http:\/\/atalakulo.hu\/holnap\/wp-json\/wp\/v2\/pages\/247\/revisions"}],"predecessor-version":[{"id":396,"href":"http:\/\/atalakulo.hu\/holnap\/wp-json\/wp\/v2\/pages\/247\/revisions\/396"}],"up":[{"embeddable":true,"href":"http:\/\/atalakulo.hu\/holnap\/wp-json\/wp\/v2\/pages\/95"}],"wp:attachment":[{"href":"http:\/\/atalakulo.hu\/holnap\/wp-json\/wp\/v2\/media?parent=247"}],"curies":[{"name":"wp","href":"https:\/\/api.w.org\/{rel}","templated":true}]}}