{"id":265,"date":"2018-01-22T20:30:35","date_gmt":"2018-01-22T20:30:35","guid":{"rendered":"http:\/\/atalakulo.hu\/holnap\/?page_id=265"},"modified":"2018-01-30T22:19:23","modified_gmt":"2018-01-30T22:19:23","slug":"erd","status":"publish","type":"page","link":"http:\/\/atalakulo.hu\/holnap\/vetitesek\/erd\/","title":{"rendered":"\u00c9rd"},"content":{"rendered":"<h3><strong>2018.02.17.<\/strong><br \/>\n17.00-22.00<\/h3>\n<p><strong>Parkv\u00e1rosi K\u00f6z\u00f6ss\u00e9gi H\u00e1z<br \/>\n<\/strong>\u00c9rd, G\u00e9p\u00e9sz u. 14. [<a href=\"https:\/\/www.google.hu\/maps\/place\/Parkv%C3%A1rosi+K%C3%B6z%C3%B6ss%C3%A9gi+H%C3%A1z\/@47.4130278,18.8797183,17z\/data=!4m13!1m7!3m6!1s0x4741e1bbe876243f:0xf81805209e204675!2zw4lyZCwgR8OpcMOpc3ogdS4gMTQsIDIwMzA!3b1!8m2!3d47.412447!4d18.881628!3m4!1s0x4741e1bbe87ca64b:0xb707d7513a198fce!8m2!3d47.412409!4d18.8816532?hl=en\" target=\"_blank\" rel=\"noopener\">t\u00e9rk\u00e9p]<\/a><\/p>\n<h5>H\u00e1zigazda<\/h5>\n<p><a id=\"js_vf\" href=\"https:\/\/www.facebook.com\/ofkerd\/\" target=\"_blank\" rel=\"noopener\" data-hovercard=\"\/ajax\/hovercard\/page.php?id=126746134676485\" data-hovercard-position=\"below\">\u00c9rdi \u00d6kofilmklub<\/a><\/p>\n<h5>Megh\u00edvott vend\u00e9gek:<\/h5>\n<p><strong>Tracey Wheatley<\/strong>\u00a0&#8211; A V\u00e9degylet \u00e9s az \u00c1talakul\u00f3 K\u00f6z\u00f6ss\u00e9gek munkat\u00e1rsa \u00e9s az \u00c1talakul\u00f3 Wekerle tagja<\/p>\n<h5>Kapcsolat<\/h5>\n<p><strong><a href=\"https:\/\/www.facebook.com\/events\/1964289537231611\/\" target=\"_blank\" rel=\"noopener\">Facebook Esem\u00e9ny<\/a><\/strong><\/p>\n","protected":false},"excerpt":{"rendered":"<p>2018.02.17. 17.00-22.00 Parkv\u00e1rosi K\u00f6z\u00f6ss\u00e9gi H\u00e1z \u00c9rd, G\u00e9p\u00e9sz u. 14. [t\u00e9rk\u00e9p] H\u00e1zigazda \u00c9rdi \u00d6kofilmklub Megh\u00edvott vend\u00e9gek: Tracey Wheatley\u00a0&#8211; A V\u00e9degylet \u00e9s az \u00c1talakul\u00f3 K\u00f6z\u00f6ss\u00e9gek munkat\u00e1rsa \u00e9s az \u00c1talakul\u00f3 Wekerle tagja Kapcsolat Facebook Esem\u00e9ny<\/p>\n","protected":false},"author":7,"featured_media":0,"parent":95,"menu_order":0,"comment_status":"closed","ping_status":"closed","template":"","meta":{"footnotes":""},"class_list":["post-265","page","type-page","status-publish","hentry","wpautop"],"aioseo_notices":[],"featured_image_src":null,"_links":{"self":[{"href":"http:\/\/atalakulo.hu\/holnap\/wp-json\/wp\/v2\/pages\/265","targetHints":{"allow":["GET"]}}],"collection":[{"href":"http:\/\/atalakulo.hu\/holnap\/wp-json\/wp\/v2\/pages"}],"about":[{"href":"http:\/\/atalakulo.hu\/holnap\/wp-json\/wp\/v2\/types\/page"}],"author":[{"embeddable":true,"href":"http:\/\/atalakulo.hu\/holnap\/wp-json\/wp\/v2\/users\/7"}],"replies":[{"embeddable":true,"href":"http:\/\/atalakulo.hu\/holnap\/wp-json\/wp\/v2\/comments?post=265"}],"version-history":[{"count":3,"href":"http:\/\/atalakulo.hu\/holnap\/wp-json\/wp\/v2\/pages\/265\/revisions"}],"predecessor-version":[{"id":404,"href":"http:\/\/atalakulo.hu\/holnap\/wp-json\/wp\/v2\/pages\/265\/revisions\/404"}],"up":[{"embeddable":true,"href":"http:\/\/atalakulo.hu\/holnap\/wp-json\/wp\/v2\/pages\/95"}],"wp:attachment":[{"href":"http:\/\/atalakulo.hu\/holnap\/wp-json\/wp\/v2\/media?parent=265"}],"curies":[{"name":"wp","href":"https:\/\/api.w.org\/{rel}","templated":true}]}}