{"id":271,"date":"2018-01-22T20:34:39","date_gmt":"2018-01-22T20:34:39","guid":{"rendered":"http:\/\/atalakulo.hu\/holnap\/?page_id=271"},"modified":"2018-02-13T18:15:36","modified_gmt":"2018-02-13T18:15:36","slug":"szekszard","status":"publish","type":"page","link":"http:\/\/atalakulo.hu\/holnap\/vetitesek\/szekszard\/","title":{"rendered":"Szeksz\u00e1rd"},"content":{"rendered":"<h3><strong>2018.02.14.<\/strong><br \/>\n17.00<\/h3>\n<p><strong>Szeksz\u00e1rdi Waldorf \u00d3voda \u00e9s Iskola<br \/>\n<\/strong>Szeksz\u00e1rd, R\u00e1k\u00f3czi u. 132, 7100 [<a href=\"https:\/\/www.google.hu\/maps\/place\/Szeksz%C3%A1rdi+Waldorf+%C3%93voda+%C3%A9s+Iskola+%C3%A9s+AMI\/@46.3634479,18.7021254,17z\/data=!4m13!1m7!3m6!1s0x4742edfc94d33c0d:0xc6f6dd0605d42572!2zU3pla3N6w6FyZCwgUsOha8OzY3ppIHUuIDEzMiwgNzEwMA!3b1!8m2!3d46.3634442!4d18.7043141!3m4!1s0x4742edfc94d2fb47:0xf703a770c8fe6e13!8m2!3d46.3634442!4d18.7043141?hl=en\" target=\"_blank\" rel=\"noopener\">t\u00e9rk\u00e9p]<\/a><\/p>\n<h5>H\u00e1zigazda<\/h5>\n<p><a href=\"http:\/\/waldorfszekszard.hu\/\" target=\"_blank\" rel=\"noopener\"><strong>Szeksz\u00e1rdi Waldorf\u00a0Iskola<\/strong><\/a><\/p>\n<h5>Megh\u00edvott vend\u00e9gek<\/h5>\n<p><strong>Magyar Permakult\u00fara Egyes\u00fclet<\/strong><\/p>\n<h5>Kapcsolat<\/h5>\n<p><strong><a href=\"https:\/\/www.facebook.com\/events\/2032388497003458\/\" target=\"_blank\" rel=\"noopener\">Facebook Esem\u00e9ny<\/a><\/strong><\/p>\n","protected":false},"excerpt":{"rendered":"<p>2018.02.14. 17.00 Szeksz\u00e1rdi Waldorf \u00d3voda \u00e9s Iskola Szeksz\u00e1rd, R\u00e1k\u00f3czi u. 132, 7100 [t\u00e9rk\u00e9p] H\u00e1zigazda Szeksz\u00e1rdi Waldorf\u00a0Iskola Megh\u00edvott vend\u00e9gek Magyar Permakult\u00fara Egyes\u00fclet Kapcsolat Facebook Esem\u00e9ny<\/p>\n","protected":false},"author":7,"featured_media":0,"parent":95,"menu_order":0,"comment_status":"closed","ping_status":"closed","template":"","meta":{"footnotes":""},"class_list":["post-271","page","type-page","status-publish","hentry","wpautop"],"aioseo_notices":[],"featured_image_src":null,"_links":{"self":[{"href":"http:\/\/atalakulo.hu\/holnap\/wp-json\/wp\/v2\/pages\/271","targetHints":{"allow":["GET"]}}],"collection":[{"href":"http:\/\/atalakulo.hu\/holnap\/wp-json\/wp\/v2\/pages"}],"about":[{"href":"http:\/\/atalakulo.hu\/holnap\/wp-json\/wp\/v2\/types\/page"}],"author":[{"embeddable":true,"href":"http:\/\/atalakulo.hu\/holnap\/wp-json\/wp\/v2\/users\/7"}],"replies":[{"embeddable":true,"href":"http:\/\/atalakulo.hu\/holnap\/wp-json\/wp\/v2\/comments?post=271"}],"version-history":[{"count":4,"href":"http:\/\/atalakulo.hu\/holnap\/wp-json\/wp\/v2\/pages\/271\/revisions"}],"predecessor-version":[{"id":491,"href":"http:\/\/atalakulo.hu\/holnap\/wp-json\/wp\/v2\/pages\/271\/revisions\/491"}],"up":[{"embeddable":true,"href":"http:\/\/atalakulo.hu\/holnap\/wp-json\/wp\/v2\/pages\/95"}],"wp:attachment":[{"href":"http:\/\/atalakulo.hu\/holnap\/wp-json\/wp\/v2\/media?parent=271"}],"curies":[{"name":"wp","href":"https:\/\/api.w.org\/{rel}","templated":true}]}}