{"id":282,"date":"2018-01-22T20:47:21","date_gmt":"2018-01-22T20:47:21","guid":{"rendered":"http:\/\/atalakulo.hu\/holnap\/?page_id=282"},"modified":"2018-01-30T21:10:41","modified_gmt":"2018-01-30T21:10:41","slug":"bp-wekerle","status":"publish","type":"page","link":"http:\/\/atalakulo.hu\/holnap\/vetitesek\/bp-wekerle\/","title":{"rendered":"Bp. XIX.ker. &#8211; Wekerle"},"content":{"rendered":"<h3><strong>2018.02.14.<\/strong><br \/>\n18.00-21.00<\/h3>\n<p><strong>M\u00e1trix Oktat\u00e1si \u00e9s Vizsgak\u00f6zpont<br \/>\n<\/strong>1192 Budapest K\u00f3s K\u00e1roly t\u00e9r 4. [<a href=\"https:\/\/www.google.hu\/maps\/place\/Budapest,+K%C3%B3s+K%C3%A1roly+t%C3%A9r+4,+1192\/@47.4549955,19.1252113,17z\/data=!3m1!4b1!4m5!3m4!1s0x4741c2c52fd498d5:0xcdee5e9c657b19bc!8m2!3d47.4549919!4d19.1274?hl=en\" target=\"_blank\" rel=\"noopener\">t\u00e9rk\u00e9p]<\/a><\/p>\n<h5>H\u00e1zigazda<\/h5>\n<p><a href=\"https:\/\/www.facebook.com\/%C3%81talakul%C3%B3-Wekerle-Transition-Wekerle-215712931856549\/\" target=\"_blank\" rel=\"noopener\"><strong>\u00c1talakul\u00f3 Wekerle<\/strong><\/a><\/p>\n<h5>Kapcsolat<\/h5>\n<p><b>Tracey Wheatley (tracey@vedegylet.hu)<\/b><\/p>\n<p><strong><a href=\"https:\/\/www.facebook.com\/events\/952708524881636\/\" target=\"_blank\" rel=\"noopener\">Facebook Esem\u00e9ny<\/a><\/strong><\/p>\n","protected":false},"excerpt":{"rendered":"<p>2018.02.14. 18.00-21.00 M\u00e1trix Oktat\u00e1si \u00e9s Vizsgak\u00f6zpont 1192 Budapest K\u00f3s K\u00e1roly t\u00e9r 4. [t\u00e9rk\u00e9p] H\u00e1zigazda \u00c1talakul\u00f3 Wekerle Kapcsolat Tracey Wheatley (tracey@vedegylet.hu) Facebook Esem\u00e9ny<\/p>\n","protected":false},"author":7,"featured_media":0,"parent":95,"menu_order":0,"comment_status":"closed","ping_status":"closed","template":"","meta":{"footnotes":""},"class_list":["post-282","page","type-page","status-publish","hentry","wpautop"],"aioseo_notices":[],"featured_image_src":null,"_links":{"self":[{"href":"http:\/\/atalakulo.hu\/holnap\/wp-json\/wp\/v2\/pages\/282","targetHints":{"allow":["GET"]}}],"collection":[{"href":"http:\/\/atalakulo.hu\/holnap\/wp-json\/wp\/v2\/pages"}],"about":[{"href":"http:\/\/atalakulo.hu\/holnap\/wp-json\/wp\/v2\/types\/page"}],"author":[{"embeddable":true,"href":"http:\/\/atalakulo.hu\/holnap\/wp-json\/wp\/v2\/users\/7"}],"replies":[{"embeddable":true,"href":"http:\/\/atalakulo.hu\/holnap\/wp-json\/wp\/v2\/comments?post=282"}],"version-history":[{"count":6,"href":"http:\/\/atalakulo.hu\/holnap\/wp-json\/wp\/v2\/pages\/282\/revisions"}],"predecessor-version":[{"id":402,"href":"http:\/\/atalakulo.hu\/holnap\/wp-json\/wp\/v2\/pages\/282\/revisions\/402"}],"up":[{"embeddable":true,"href":"http:\/\/atalakulo.hu\/holnap\/wp-json\/wp\/v2\/pages\/95"}],"wp:attachment":[{"href":"http:\/\/atalakulo.hu\/holnap\/wp-json\/wp\/v2\/media?parent=282"}],"curies":[{"name":"wp","href":"https:\/\/api.w.org\/{rel}","templated":true}]}}