{"id":350,"date":"2018-01-24T17:48:41","date_gmt":"2018-01-24T17:48:41","guid":{"rendered":"http:\/\/atalakulo.hu\/holnap\/?page_id=350"},"modified":"2018-01-24T18:00:08","modified_gmt":"2018-01-24T18:00:08","slug":"rolunk","status":"publish","type":"page","link":"http:\/\/atalakulo.hu\/holnap\/rolunk\/","title":{"rendered":"R\u00f3lunk"},"content":{"rendered":"<p style=\"text-align: center\">A vet\u00edt\u00e9sek f\u0151szervez\u0151je a <a href=\"http:\/\/atalakulo.hu\/holnap\/wp-content\/uploads\/2018\/01\/VEtrans-300x229.png\" target=\"_blank\" rel=\"noopener\"><span style=\"text-decoration: underline\">V\u00e9degylet<\/span><\/a> \/ <span style=\"text-decoration: underline\"><a href=\"http:\/\/kozossegek.atalakulo.hu\/\" target=\"_blank\" rel=\"noopener\">\u00c1talakul\u00f3 K\u00f6z\u00f6ss\u00e9gek<\/a><\/span> \u00e9s az <a href=\"http:\/\/okofilmklub.hu\/\" target=\"_blank\" rel=\"noopener\">\u00d6kofilmkulb-Budapest<\/a>.<\/p>\n<p style=\"text-align: center\">Ha b\u00e1rmi k\u00e9rd\u00e9sed akad a filmmel vagy a vet\u00edt\u00e9sekkel kapcsolatban, \u00edrj nek\u00fcnk az <em>atalakulo.kozossegek [kukac] gmail.com<\/em> c\u00edmre.<\/p>\n<p>&nbsp;<\/p>\n<p><img fetchpriority=\"high\" decoding=\"async\" class=\"aligncenter wp-image-300\" src=\"http:\/\/atalakulo.hu\/holnap\/wp-content\/uploads\/2018\/01\/AK_logo_fekvo_slogen-300x177.jpg\" alt=\"\" width=\"388\" height=\"229\" srcset=\"http:\/\/atalakulo.hu\/holnap\/wp-content\/uploads\/2018\/01\/AK_logo_fekvo_slogen-300x177.jpg 300w, http:\/\/atalakulo.hu\/holnap\/wp-content\/uploads\/2018\/01\/AK_logo_fekvo_slogen-768x452.jpg 768w, http:\/\/atalakulo.hu\/holnap\/wp-content\/uploads\/2018\/01\/AK_logo_fekvo_slogen-1024x603.jpg 1024w, http:\/\/atalakulo.hu\/holnap\/wp-content\/uploads\/2018\/01\/AK_logo_fekvo_slogen.jpg 1772w\" sizes=\"(max-width: 388px) 100vw, 388px\" \/><\/p>\n<p><img decoding=\"async\" class=\"wp-image-301 aligncenter\" src=\"http:\/\/atalakulo.hu\/holnap\/wp-content\/uploads\/2018\/01\/VEtrans-300x229.png\" alt=\"\" width=\"265\" height=\"202\" srcset=\"http:\/\/atalakulo.hu\/holnap\/wp-content\/uploads\/2018\/01\/VEtrans-300x229.png 300w, http:\/\/atalakulo.hu\/holnap\/wp-content\/uploads\/2018\/01\/VEtrans-768x586.png 768w, http:\/\/atalakulo.hu\/holnap\/wp-content\/uploads\/2018\/01\/VEtrans.png 800w\" sizes=\"(max-width: 265px) 100vw, 265px\" \/><\/p>\n<p>&nbsp;<\/p>\n<p><img decoding=\"async\" class=\"size-full wp-image-302 aligncenter\" src=\"http:\/\/atalakulo.hu\/holnap\/wp-content\/uploads\/2018\/01\/\u00f6kofilmklub.png\" alt=\"\" width=\"198\" height=\"142\" \/><\/p>\n<p>&nbsp;<\/p>\n<p>&nbsp;<\/p>\n","protected":false},"excerpt":{"rendered":"<p>A vet\u00edt\u00e9sek f\u0151szervez\u0151je a V\u00e9degylet \/ \u00c1talakul\u00f3 K\u00f6z\u00f6ss\u00e9gek \u00e9s az \u00d6kofilmkulb-Budapest. Ha b\u00e1rmi k\u00e9rd\u00e9sed akad a filmmel vagy a vet\u00edt\u00e9sekkel kapcsolatban, \u00edrj nek\u00fcnk az atalakulo.kozossegek [kukac] gmail.com c\u00edmre. &nbsp; &nbsp; &nbsp; &nbsp;<\/p>\n","protected":false},"author":7,"featured_media":0,"parent":0,"menu_order":0,"comment_status":"closed","ping_status":"closed","template":"","meta":{"footnotes":""},"class_list":["post-350","page","type-page","status-publish","hentry","wpautop"],"aioseo_notices":[],"featured_image_src":null,"_links":{"self":[{"href":"http:\/\/atalakulo.hu\/holnap\/wp-json\/wp\/v2\/pages\/350","targetHints":{"allow":["GET"]}}],"collection":[{"href":"http:\/\/atalakulo.hu\/holnap\/wp-json\/wp\/v2\/pages"}],"about":[{"href":"http:\/\/atalakulo.hu\/holnap\/wp-json\/wp\/v2\/types\/page"}],"author":[{"embeddable":true,"href":"http:\/\/atalakulo.hu\/holnap\/wp-json\/wp\/v2\/users\/7"}],"replies":[{"embeddable":true,"href":"http:\/\/atalakulo.hu\/holnap\/wp-json\/wp\/v2\/comments?post=350"}],"version-history":[{"count":8,"href":"http:\/\/atalakulo.hu\/holnap\/wp-json\/wp\/v2\/pages\/350\/revisions"}],"predecessor-version":[{"id":359,"href":"http:\/\/atalakulo.hu\/holnap\/wp-json\/wp\/v2\/pages\/350\/revisions\/359"}],"wp:attachment":[{"href":"http:\/\/atalakulo.hu\/holnap\/wp-json\/wp\/v2\/media?parent=350"}],"curies":[{"name":"wp","href":"https:\/\/api.w.org\/{rel}","templated":true}]}}