{"id":40,"date":"2017-10-30T19:42:49","date_gmt":"2017-10-30T19:42:49","guid":{"rendered":"http:\/\/atalakulo.hu\/holnap\/?page_id=40"},"modified":"2018-02-09T19:02:26","modified_gmt":"2018-02-09T19:02:26","slug":"a-holnap-bajnokai","status":"publish","type":"page","link":"http:\/\/atalakulo.hu\/holnap\/a-holnap-bajnokai\/","title":{"rendered":"A Holnap Bajnokai"},"content":{"rendered":"<p>A helyi vet\u00edt\u00e9seket \u201e<b>a holnap bajnokai<\/b>\u201d szervezik; sz\u00edv\u00fcgy\u00fck, hogy saj\u00e1t k\u00f6rnyezet\u00fckben min\u00e9l t\u00f6bb embert inspir\u00e1ljanak egy rem\u00e9nyteli magyar holnap ir\u00e1ny\u00e1ba, aminek l\u00e9trej\u00f6tt\u00e9\u00e9rt sz\u00edvesen tesznek is.<\/p>\n<p><span style=\"text-decoration: underline;\"><a href=\"http:\/\/atalakulo.hu\/holnap\/a-holnap-bajnokai\/simon-peter-pecs\/\">Vill\u00e1minterj\u00fa Simon P\u00e9terrel<\/a><\/span>, a p\u00e9csi vet\u00edt\u00e9s szervez\u0151j\u00e9vel.<\/p>\n<p>&nbsp;<\/p>\n","protected":false},"excerpt":{"rendered":"<p>A helyi vet\u00edt\u00e9seket \u201ea holnap bajnokai\u201d szervezik; sz\u00edv\u00fcgy\u00fck, hogy saj\u00e1t k\u00f6rnyezet\u00fckben min\u00e9l t\u00f6bb embert inspir\u00e1ljanak egy rem\u00e9nyteli magyar holnap ir\u00e1ny\u00e1ba, aminek l\u00e9trej\u00f6tt\u00e9\u00e9rt sz\u00edvesen tesznek is. Vill\u00e1minterj\u00fa Simon P\u00e9terrel, a p\u00e9csi vet\u00edt\u00e9s szervez\u0151j\u00e9vel. &nbsp;<\/p>\n","protected":false},"author":1,"featured_media":0,"parent":0,"menu_order":0,"comment_status":"closed","ping_status":"closed","template":"","meta":{"footnotes":""},"class_list":["post-40","page","type-page","status-publish","hentry","wpautop"],"aioseo_notices":[],"featured_image_src":null,"_links":{"self":[{"href":"http:\/\/atalakulo.hu\/holnap\/wp-json\/wp\/v2\/pages\/40","targetHints":{"allow":["GET"]}}],"collection":[{"href":"http:\/\/atalakulo.hu\/holnap\/wp-json\/wp\/v2\/pages"}],"about":[{"href":"http:\/\/atalakulo.hu\/holnap\/wp-json\/wp\/v2\/types\/page"}],"author":[{"embeddable":true,"href":"http:\/\/atalakulo.hu\/holnap\/wp-json\/wp\/v2\/users\/1"}],"replies":[{"embeddable":true,"href":"http:\/\/atalakulo.hu\/holnap\/wp-json\/wp\/v2\/comments?post=40"}],"version-history":[{"count":16,"href":"http:\/\/atalakulo.hu\/holnap\/wp-json\/wp\/v2\/pages\/40\/revisions"}],"predecessor-version":[{"id":457,"href":"http:\/\/atalakulo.hu\/holnap\/wp-json\/wp\/v2\/pages\/40\/revisions\/457"}],"wp:attachment":[{"href":"http:\/\/atalakulo.hu\/holnap\/wp-json\/wp\/v2\/media?parent=40"}],"curies":[{"name":"wp","href":"https:\/\/api.w.org\/{rel}","templated":true}]}}