{"id":424,"date":"2018-02-07T17:22:03","date_gmt":"2018-02-07T17:22:03","guid":{"rendered":"http:\/\/atalakulo.hu\/holnap\/?page_id=424"},"modified":"2018-02-07T17:22:33","modified_gmt":"2018-02-07T17:22:33","slug":"bp-corvinus-2","status":"publish","type":"page","link":"http:\/\/atalakulo.hu\/holnap\/vetitesek\/bp-corvinus-2\/","title":{"rendered":"Bp IX. ker. &#8211; Corvinus"},"content":{"rendered":"<h3><strong>Febru\u00e1r 14.<br \/>\n<\/strong>17:20<\/h3>\n<p><strong>Corvinus Egyetem<br \/>\n<\/strong>F\u0151v\u00e1m t\u00e9r 8. Budapesti Corvinus Egyetem E.3005 terem, Bp.,\u00a01093 [<a href=\"https:\/\/www.google.hu\/maps\/place\/Corvinus+MBA+Center\/@47.4864286,19.0561616,17z\/data=!4m5!3m4!1s0x4741dc502488be69:0xc5b7e757fb438129!8m2!3d47.486135!4d19.057964?hl=en\" target=\"_blank\" rel=\"noopener\">t\u00e9rk\u00e9p]<\/a><\/p>\n<h5>H\u00e1zigazda<\/h5>\n<p><strong>K\u00f6zg\u00e1z Kino Filmklub<\/strong><\/p>\n<h5>Kapcsolat<\/h5>\n<p><strong><a href=\"https:\/\/www.facebook.com\/events\/166940893930159\/\" target=\"_blank\" rel=\"noopener\">Facebook Esem\u00e9ny<\/a><\/strong><\/p>\n","protected":false},"excerpt":{"rendered":"<p>Febru\u00e1r 14. 17:20 Corvinus Egyetem F\u0151v\u00e1m t\u00e9r 8. Budapesti Corvinus Egyetem E.3005 terem, Bp.,\u00a01093 [t\u00e9rk\u00e9p] H\u00e1zigazda K\u00f6zg\u00e1z Kino Filmklub Kapcsolat Facebook Esem\u00e9ny<\/p>\n","protected":false},"author":7,"featured_media":0,"parent":95,"menu_order":0,"comment_status":"closed","ping_status":"closed","template":"","meta":{"footnotes":""},"class_list":["post-424","page","type-page","status-publish","hentry","wpautop"],"aioseo_notices":[],"featured_image_src":null,"_links":{"self":[{"href":"http:\/\/atalakulo.hu\/holnap\/wp-json\/wp\/v2\/pages\/424","targetHints":{"allow":["GET"]}}],"collection":[{"href":"http:\/\/atalakulo.hu\/holnap\/wp-json\/wp\/v2\/pages"}],"about":[{"href":"http:\/\/atalakulo.hu\/holnap\/wp-json\/wp\/v2\/types\/page"}],"author":[{"embeddable":true,"href":"http:\/\/atalakulo.hu\/holnap\/wp-json\/wp\/v2\/users\/7"}],"replies":[{"embeddable":true,"href":"http:\/\/atalakulo.hu\/holnap\/wp-json\/wp\/v2\/comments?post=424"}],"version-history":[{"count":2,"href":"http:\/\/atalakulo.hu\/holnap\/wp-json\/wp\/v2\/pages\/424\/revisions"}],"predecessor-version":[{"id":428,"href":"http:\/\/atalakulo.hu\/holnap\/wp-json\/wp\/v2\/pages\/424\/revisions\/428"}],"up":[{"embeddable":true,"href":"http:\/\/atalakulo.hu\/holnap\/wp-json\/wp\/v2\/pages\/95"}],"wp:attachment":[{"href":"http:\/\/atalakulo.hu\/holnap\/wp-json\/wp\/v2\/media?parent=424"}],"curies":[{"name":"wp","href":"https:\/\/api.w.org\/{rel}","templated":true}]}}