{"id":43,"date":"2017-10-30T19:46:11","date_gmt":"2017-10-30T19:46:11","guid":{"rendered":"http:\/\/atalakulo.hu\/holnap\/?page_id=43"},"modified":"2018-02-13T16:57:31","modified_gmt":"2018-02-13T16:57:31","slug":"a-film","status":"publish","type":"page","link":"http:\/\/atalakulo.hu\/holnap\/a-film\/","title":{"rendered":"Holnap &#8211; A film"},"content":{"rendered":"<p><strong>Van olyan film, ami korszakot alkot. \u00a0Eml\u00e9kszel arra a napra, amikor kij\u00f6tt\u00e9l egy mozib\u00f3l \u00e9s m\u00e1sk\u00e9pp n\u00e9zt\u00e9l a vil\u00e1gra, mint amikor bement\u00e9l? Mondhatni, megv\u00e1ltozott az \u00e9leted?<\/strong><\/p>\n<p>A Holnap pont egy ilyen film.<\/p>\n<p>Egy fiatal filmes csapat keresi a jelenben azt, ami a j\u00f6v\u0151h\u00f6z fontos. Keresi azokat az embereket, akik tesznek az\u00e9rt, hogy holnap legyen mit enni, legyen mivel f\u0171teni, legyen biztons\u00e1g \u00e9s nem utols\u00f3 sorban egy egyenl\u0151 t\u00e1rsadalom. R\u00e1tal\u00e1l azokra, akik k\u00f6z\u00f6ss\u00e9gben, sz\u00f6vetkezetben, d\u00f6nt\u00e9shoz\u00f3i poz\u00edci\u00f3ban, b\u00e1tran \u00e9s vid\u00e1man alak\u00edtj\u00e1k a j\u00f6v\u0151t.<\/p>\n<p><img fetchpriority=\"high\" decoding=\"async\" class=\"alignnone wp-image-107 size-large\" src=\"http:\/\/atalakulo.hu\/holnap\/wp-content\/uploads\/2017\/10\/still-4-1024x540.jpg\" alt=\"\" width=\"525\" height=\"277\" srcset=\"http:\/\/atalakulo.hu\/holnap\/wp-content\/uploads\/2017\/10\/still-4-1024x540.jpg 1024w, http:\/\/atalakulo.hu\/holnap\/wp-content\/uploads\/2017\/10\/still-4-300x158.jpg 300w, http:\/\/atalakulo.hu\/holnap\/wp-content\/uploads\/2017\/10\/still-4-768x405.jpg 768w, http:\/\/atalakulo.hu\/holnap\/wp-content\/uploads\/2017\/10\/still-4.jpg 2048w\" sizes=\"(max-width: 525px) 100vw, 525px\" \/><\/p>\n<p>Igen, a j\u00f6v\u0151t: a holnap teremt\u0151ivel ismerked\u00fcnk k\u00e9t \u00f3r\u00e1n kereszt\u00fcl, a F\u00f6ld minden pontj\u00e1r\u00f3l. Mert sok ember van, aki tenni akar. De akik ezt k\u00f6z\u00f6ss\u00e9gben teszik, m\u00e1r sokra is jutottak.<\/p>\n<p><strong>Ez a film nem csak inspir\u00e1l, hanem provok\u00e1l.<\/strong><\/p>\n<p><img decoding=\"async\" class=\"alignnone wp-image-165 size-large\" src=\"http:\/\/atalakulo.hu\/holnap\/wp-content\/uploads\/2017\/11\/still-7.s-1024x540.jpg\" alt=\"\" width=\"525\" height=\"277\" srcset=\"http:\/\/atalakulo.hu\/holnap\/wp-content\/uploads\/2017\/11\/still-7.s-1024x540.jpg 1024w, http:\/\/atalakulo.hu\/holnap\/wp-content\/uploads\/2017\/11\/still-7.s-300x158.jpg 300w, http:\/\/atalakulo.hu\/holnap\/wp-content\/uploads\/2017\/11\/still-7.s-768x405.jpg 768w\" sizes=\"(max-width: 525px) 100vw, 525px\" \/><\/p>\n<p>Biztosan \u00e1ll\u00edtjuk, hogy lesz egy pont amikor felmer\u00fcl benned, hogy mit is tesz\u00fcnk hozza mi, itthon, Magyarorsz\u00e1gon? Azut\u00e1n elkezd fesz\u00edteni az \u00e9rz\u00e9s, hogy nek\u00fcnk is legyen olyan a Holnapunk, amit gyerekeink majd h\u00e1l\u00e1san \u00f6r\u00f6k\u00f6lnek meg t\u0151l\u00fcnk.<\/p>\n<p><img decoding=\"async\" class=\"alignnone wp-image-164 size-large\" src=\"http:\/\/atalakulo.hu\/holnap\/wp-content\/uploads\/2017\/11\/palanta4-1024x680.jpg\" alt=\"\" width=\"525\" height=\"349\" srcset=\"http:\/\/atalakulo.hu\/holnap\/wp-content\/uploads\/2017\/11\/palanta4-1024x680.jpg 1024w, http:\/\/atalakulo.hu\/holnap\/wp-content\/uploads\/2017\/11\/palanta4-300x199.jpg 300w, http:\/\/atalakulo.hu\/holnap\/wp-content\/uploads\/2017\/11\/palanta4-768x510.jpg 768w, http:\/\/atalakulo.hu\/holnap\/wp-content\/uploads\/2017\/11\/palanta4.jpg 2048w\" sizes=\"(max-width: 525px) 100vw, 525px\" \/><\/p>\n<h3><a href=\"https:\/\/www.demain-lefilm.com\/en\/film\" target=\"_blank\" rel=\"noopener\"><em>A<\/em> <em>Francia dokumentumfilm honlapja<\/em><\/a><\/h3>\n<h3><img loading=\"lazy\" decoding=\"async\" class=\"aligncenter size-full wp-image-38\" src=\"http:\/\/atalakulo.hu\/holnap\/wp-content\/uploads\/2017\/10\/demain_original_notitle.jpg\" alt=\"\" width=\"1280\" height=\"720\" srcset=\"http:\/\/atalakulo.hu\/holnap\/wp-content\/uploads\/2017\/10\/demain_original_notitle.jpg 1280w, http:\/\/atalakulo.hu\/holnap\/wp-content\/uploads\/2017\/10\/demain_original_notitle-300x169.jpg 300w, http:\/\/atalakulo.hu\/holnap\/wp-content\/uploads\/2017\/10\/demain_original_notitle-768x432.jpg 768w, http:\/\/atalakulo.hu\/holnap\/wp-content\/uploads\/2017\/10\/demain_original_notitle-1024x576.jpg 1024w\" sizes=\"(max-width: 767px) 89vw, (max-width: 1000px) 54vw, (max-width: 1071px) 543px, 580px\" \/><\/h3>\n","protected":false},"excerpt":{"rendered":"<p>Van olyan film, ami korszakot alkot. \u00a0Eml\u00e9kszel arra a napra, amikor kij\u00f6tt\u00e9l egy mozib\u00f3l \u00e9s m\u00e1sk\u00e9pp n\u00e9zt\u00e9l a vil\u00e1gra, mint amikor bement\u00e9l? Mondhatni, megv\u00e1ltozott az \u00e9leted? A Holnap pont egy ilyen film. Egy fiatal filmes csapat keresi a jelenben azt, ami a j\u00f6v\u0151h\u00f6z fontos. Keresi azokat az embereket, akik tesznek az\u00e9rt, hogy holnap legyen mit &hellip; <\/p>\n<p class=\"link-more\"><a href=\"http:\/\/atalakulo.hu\/holnap\/a-film\/\" class=\"more-link\"><span class=\"screen-reader-text\">&#8222;Holnap &#8211; A film&#8221;<\/span> b\u0151vebben<\/a><\/p>\n","protected":false},"author":1,"featured_media":0,"parent":0,"menu_order":0,"comment_status":"closed","ping_status":"closed","template":"","meta":{"footnotes":""},"class_list":["post-43","page","type-page","status-publish","hentry","wpautop"],"aioseo_notices":[],"featured_image_src":null,"_links":{"self":[{"href":"http:\/\/atalakulo.hu\/holnap\/wp-json\/wp\/v2\/pages\/43","targetHints":{"allow":["GET"]}}],"collection":[{"href":"http:\/\/atalakulo.hu\/holnap\/wp-json\/wp\/v2\/pages"}],"about":[{"href":"http:\/\/atalakulo.hu\/holnap\/wp-json\/wp\/v2\/types\/page"}],"author":[{"embeddable":true,"href":"http:\/\/atalakulo.hu\/holnap\/wp-json\/wp\/v2\/users\/1"}],"replies":[{"embeddable":true,"href":"http:\/\/atalakulo.hu\/holnap\/wp-json\/wp\/v2\/comments?post=43"}],"version-history":[{"count":16,"href":"http:\/\/atalakulo.hu\/holnap\/wp-json\/wp\/v2\/pages\/43\/revisions"}],"predecessor-version":[{"id":470,"href":"http:\/\/atalakulo.hu\/holnap\/wp-json\/wp\/v2\/pages\/43\/revisions\/470"}],"wp:attachment":[{"href":"http:\/\/atalakulo.hu\/holnap\/wp-json\/wp\/v2\/media?parent=43"}],"curies":[{"name":"wp","href":"https:\/\/api.w.org\/{rel}","templated":true}]}}