{"id":458,"date":"2018-02-13T14:10:55","date_gmt":"2018-02-13T14:10:55","guid":{"rendered":"http:\/\/atalakulo.hu\/holnap\/?page_id=458"},"modified":"2018-02-13T18:03:19","modified_gmt":"2018-02-13T18:03:19","slug":"holnap-utan-megoldasok","status":"publish","type":"page","link":"http:\/\/atalakulo.hu\/holnap\/holnap-utan-megoldasok\/","title":{"rendered":"Holnap ut\u00e1n &#8211; Megold\u00e1sok"},"content":{"rendered":"<p>A filmk\u00e9sz\u00edt\u0151k a k\u00fcl\u00f6nb\u00f6z\u0151 szektorok \u00e9s t\u00e9m\u00e1k &#8211; <strong>mez\u0151gazdas\u00e1g, energia, gazdas\u00e1g, oktat\u00e1s, demokr\u00e1cia<\/strong> &#8211; legsikeresebb k\u00eds\u00e9rletei alapj\u00e1n \u00edrtak egy \u00faj t\u00f6rt\u00e9netet arr\u00f3l, milyen lehetne a j\u00f6v\u0151.<\/p>\n<p>Biztosan \u00e1ll\u00edtjuk, hogy a film n\u00e9z\u00e9se k\u00f6zben lesz egy pont amikor felmer\u00fcl majd benned, hogy mit is tesz\u00fcnk hozz\u00e1 mi, itthon, Magyarorsz\u00e1gon? Azut\u00e1n lassan elkezd fesz\u00edteni az az \u00e9rz\u00e9s, hogy nek\u00fcnk is legyen olyan Holnapunk, amiben ennyire j\u00f3 \u00e9lni \u00e9s amire b\u00fcszk\u00e9k lehet\u00fcnk.<\/p>\n<p>Az al\u00e1bbiakban \u00f6sszeszed\u00fcnk n\u00e9h\u00e1ny rem\u00e9nyteli magyar p\u00e9ld\u00e1t.<\/p>\n<p>Az \u00c1talakul\u00f3 K\u00f6z\u00f6ss\u00e9gek honlapj\u00e1n pedig tov\u00e1bbi inform\u00e1ci\u00f3hoz, inspir\u00e1ci\u00f3hoz \u00e9s seg\u00e9danyagokhoz juthatsz:\u00a0<a href=\"http:\/\/kozossegek.atalakulo.hu\/\" target=\"_blank\" rel=\"noopener\">http:\/\/kozossegek.atalakulo.hu\/<\/a><\/p>\n<p><img fetchpriority=\"high\" decoding=\"async\" class=\"alignnone wp-image-488 size-full\" src=\"http:\/\/atalakulo.hu\/holnap\/wp-content\/uploads\/2018\/02\/11751447_1618430918396836_7216515244089996969_n.jpg\" alt=\"\" width=\"960\" height=\"720\" srcset=\"http:\/\/atalakulo.hu\/holnap\/wp-content\/uploads\/2018\/02\/11751447_1618430918396836_7216515244089996969_n.jpg 960w, http:\/\/atalakulo.hu\/holnap\/wp-content\/uploads\/2018\/02\/11751447_1618430918396836_7216515244089996969_n-300x225.jpg 300w, http:\/\/atalakulo.hu\/holnap\/wp-content\/uploads\/2018\/02\/11751447_1618430918396836_7216515244089996969_n-768x576.jpg 768w\" sizes=\"(max-width: 767px) 89vw, (max-width: 1000px) 54vw, (max-width: 1071px) 543px, 580px\" \/><\/p>\n<h5>\u00c9lelmiszer, mez\u0151gazdas\u00e1g<\/h5>\n<ul>\n<li><strong>Bike Maffia (<a href=\"http:\/\/bbm.hu\/\" target=\"_blank\" rel=\"noopener\">Budapest<\/a>, <a href=\"https:\/\/www.facebook.com\/pecsbikemaffia\/\" target=\"_blank\" rel=\"noopener\">P\u00e9cs<\/a>, <a href=\"https:\/\/www.facebook.com\/szegedbikemaffia\/\" target=\"_blank\" rel=\"noopener\">Szeged<\/a>, <a href=\"https:\/\/www.facebook.com\/debrecenbikemaffia\/\" target=\"_blank\" rel=\"noopener\">Debrecen<\/a>)<\/strong><br \/>\n\u00e9lelmiszer-hullad\u00e9k cs\u00f6kkent\u00e9s, j\u00f3t\u00e9konys\u00e1g, szoci\u00e1lis \u00fcgyek, bicikliz\u00e9s<\/li>\n<li style=\"list-style-type: none;\"><\/li>\n<li><strong><a href=\"https:\/\/www.facebook.com\/foodnotbombsbudapest\/\" target=\"_blank\" rel=\"noopener\">Food Not Bombs<\/a> (Bp) <\/strong><br \/>\n\u00e9lelmiszer-hullad\u00e9k cs\u00f6kkent\u00e9s, j\u00f3t\u00e9konys\u00e1g, szoci\u00e1lis \u00fcgyek, hajl\u00e9ktalans\u00e1g, k\u00f6z\u00f6ss\u00e9gi f\u0151z\u00e9s<\/li>\n<li><strong><a href=\"https:\/\/www.facebook.com\/Grundkert\/\" target=\"_blank\" rel=\"noopener\">Grundk3rt<\/a> (Bp)<\/strong><br \/>\nk\u00f6z\u00f6ss\u00e9gi kert, k\u00f6z\u00f6ss\u00e9g\u00e9p\u00edt\u00e9s, 8.ker, helyi \u00e9lelmiszer, tudatos \u00e9tkez\u00e9s, helyi programok<\/li>\n<li><a href=\"http:\/\/kozossegikertek.hu\/\" target=\"_blank\" rel=\"noopener\"><strong>K\u00c9K k\u00f6z\u00f6ss\u00e9gi kertek<\/strong><\/a><br \/>\nk\u00f6z\u00f6ss\u00e9gi kertek, h\u00e1l\u00f3zat, adatb\u00e1zis, k\u00f6z\u00f6ss\u00e9g\u00e9p\u00edt\u00e9s, helyi \u00e9lelmiszer, tudatos \u00e9tkez\u00e9s<\/li>\n<li><strong><a href=\"https:\/\/www.facebook.com\/permakultura.hu\/\" target=\"_blank\" rel=\"noopener\">Magyar Permakult\u00fara Egyes\u00fclet<\/a> <\/strong><br \/>\n\u00e9lelmiszer, \u00e9p\u00edt\u00e9szet, agro-\u00f6kol\u00f3gia, k\u00f6z\u00f6ss\u00e9g, tud\u00e1smegoszt\u00e1s<\/li>\n<li><strong><a href=\"https:\/\/www.facebook.com\/wekerleizoldsegkommando\/\" target=\"_blank\" rel=\"noopener\">Wekerlei Z\u00f6lds\u00e9gkommand\u00f3<\/a> (Bp)<\/strong><br \/>\n\u00e9lelmiszer-hullad\u00e9k cs\u00f6kkent\u00e9s, j\u00f3t\u00e9konys\u00e1g, szoci\u00e1lis \u00fcgyek, bicikliz\u00e9s<\/li>\n<\/ul>\n<p>&nbsp;<\/p>\n<ul>\n<li style=\"list-style-type: none;\">\n<h5>Energia, alternat\u00edv technol\u00f3gi\u00e1k<\/h5>\n<\/li>\n<li><strong><a href=\"https:\/\/www.facebook.com\/Energiahat%C3%A9kony-Wekerle-264905010193993\/\" target=\"_blank\" rel=\"noopener\"> Energiahat\u00e9kony Wekerle<\/a><\/strong><br \/>\nh\u0151kamera, ablakszigetel\u00e9s, szomsz\u00e9ds\u00e1gi \u00f6sszefog\u00e1s<\/li>\n<li><a href=\"https:\/\/www.energiaklub.hu\/\" target=\"_blank\" rel=\"noopener\"><strong>Energiaklub<\/strong><\/a><br \/>\n\u00e9rdek\u00e9rv\u00e9nyes\u00edt\u00e9s, energiaszab\u00e1lyoz\u00e1s, kutat\u00e1s, tud\u00e1smegoszt\u00e1s, ismeretterjeszt\u00e9s<\/li>\n<li><strong><a href=\"http:\/\/www.energiakozossegek.hu\" target=\"_blank\" rel=\"noopener\">Energiak\u00f6z\u00f6ss\u00e9gek\u00a0<\/a><\/strong><br \/>\nenergiamegtakar\u00edt\u00e1s, tudatos fogyaszt\u00f3k, k\u00f6z\u00f6ss\u00e9gszervez\u00e9s<\/li>\n<li><a href=\"http:\/\/faluhaz.eu\/\" target=\"_blank\" rel=\"noopener\"><strong>Faluh\u00e1z Mintaprojekt\u00a0<\/strong> <\/a><br \/>\nt\u00e1rsash\u00e1z fel\u00faj\u00edt\u00e1s, \u00f6nkorm\u00e1nyzat, EU, f\u0171t\u00e9s, energiahat\u00e9konys\u00e1g<\/li>\n<li><a href=\"https:\/\/mtvsz.hu\/kozossegi_energia\" target=\"_blank\" rel=\"noopener\"><strong>K\u00f6z\u00f6ss\u00e9gi Energia MTVSZ<\/strong><\/a><br \/>\nmeg\u00fajul\u00f3 energia, \u00f6nkorm\u00e1nyzatok, k\u00f6z\u00f6ss\u00e9gek, adatb\u00e1zis, \u00e9rdek\u00e9rv\u00e9nes\u00edt\u00e9s, kutat\u00e1s<\/li>\n<li><a href=\"http:\/\/kerekparosklub.hu\/\" target=\"_blank\" rel=\"noopener\"><strong>Magyar Ker\u00e9kp\u00e1ros Klub<\/strong><\/a><br \/>\n\u00e9rdek\u00e9rv\u00e9nyes\u00edt\u00e9s, bicikliz\u00e9s, biztos\u00edt\u00e1s, I bike Budapest<\/li>\n<li><a href=\"http:\/\/tudatosvasarlo.hu\/okokorok\" target=\"_blank\" rel=\"noopener\"><strong>\u00d6kok\u00f6r\u00f6k<\/strong>\u00a0<\/a><br \/>\nenergiamegtakar\u00edt\u00e1s, hullad\u00e9kcs\u00f6kkent\u00e9s, tudatos fogyaszt\u00f3k, k\u00f6z\u00f6ss\u00e9gszervez\u00e9s<\/li>\n<li><a href=\"https:\/\/www.facebook.com\/sarkollektiva\/\" target=\"_blank\" rel=\"noopener\"><strong>S\u00e1rkollekt\u00edva<\/strong><\/a><br \/>\nterm\u00e9szetes \u00e9s hagyom\u00e1nyos \u00e9p\u00edt\u00e9szet, v\u00e1lyog\u00e9p\u00edt\u00e9szet, \u00e9p\u00edt\u0151t\u00e1borok, kal\u00e1k\u00e1k, tud\u00e1smegoszt\u00e1s, h\u00e1l\u00f3zat<\/li>\n<\/ul>\n<h5>Gazdas\u00e1g<\/h5>\n<ul>\n<li><strong><a href=\"http:\/\/www.elotisza.hu\/\" target=\"_blank\" rel=\"noopener\"> \u00c9l\u0151tIsza\u00a0<\/a><\/strong><br \/>\nhelyi termel\u0151k h\u00e1l\u00f3zata, termel\u0151i piacok<\/li>\n<li><strong><a href=\"https:\/\/www.facebook.com\/events\/248583842267537\/\" target=\"_blank\" rel=\"noopener\">Gar\u00e1zsv\u00e1s\u00e1r fesztiv\u00e1l<\/a> (Wekerle, Bp)<\/strong><br \/>\nhullad\u00e9kcs\u00f6kkent\u00e9s, k\u00f6z\u00f6ss\u00e9gszervez\u00e9s, helyi gazdas\u00e1g<\/li>\n<li><strong><a href=\"http:\/\/golyapresszo.hu\/\" target=\"_blank\" rel=\"noopener\">G\u00f3lya Sz\u00f6vetkezeti Pressz\u00f3<\/a> (Bp)\u00a0<\/strong><br \/>\nsz\u00f6vetkezet, horizont\u00e1lis demokr\u00e1cia, helyi gazdas\u00e1g, tud\u00e1smegoszt\u00e1s, gyerek napk\u00f6zi, k\u00f6z\u00f6ss\u00e9gi h\u00e1z<\/li>\n<li><a href=\"http:\/\/haziko.farm\/\" target=\"_blank\" rel=\"noopener\"><strong>H\u00e1zik\u00f3<\/strong><\/a><br \/>\nhelyi \u00e9lelmiszer, kistermel\u0151k, catering tudatos c\u00e9geknek, helyi gazdas\u00e1g<\/li>\n<li><a href=\"http:\/\/www.nyiregyhazikosar.hu\/\" target=\"_blank\" rel=\"noopener\"><strong>Nyiregyh\u00e1zi kos\u00e1r k\u00f6z\u00f6ss\u00e9g<\/strong><\/a><br \/>\nhelyi \u00e9lelmiszer, kistermel\u0151k, tudatos v\u00e1s\u00e1rl\u00f3k, vegyszermentes mez\u0151gazdas\u00e1g<\/li>\n<li><strong><a href=\"http:\/\/szatyorbolt.hu\/\" target=\"_blank\" rel=\"noopener\">Szatyor Bolt \u00e9s Egyes\u00fclet<\/a> (Bp)<\/strong>\u00a0 helyi \u00e9lelmiszer, kistermel\u0151k, tudatos v\u00e1s\u00e1rl\u00f3k, vegyszermentes mez\u0151gazdas\u00e1g, Budapest, tud\u00e1smegoszt\u00e1s<\/li>\n<li><a href=\"http:\/\/tessekcsak.hu\/\" target=\"_blank\" rel=\"noopener\"><strong>Tess\u00e9k csak! k\u00e1rtya<\/strong><\/a><br \/>\nhelyi, k\u00e9zm\u0171ves, k\u00f6rnyezetbar\u00e1t term\u00e9kek, kedvezm\u00e9nyk\u00e1rtya<\/li>\n<\/ul>\n<h5>Oktat\u00e1s<\/h5>\n<ul>\n<li><strong><a href=\"http:\/\/www.kozeletiskolaja.hu\/\" target=\"_blank\" rel=\"noopener\">K\u00f6z\u00e9let Iskol\u00e1ja<\/a>\u00a0<\/strong><br \/>\nkritikai pedag\u00f3gia, tud\u00e1smegoszt\u00e1s, demokr\u00e1cia, emberi jogok<\/li>\n<li><a href=\"https:\/\/www.facebook.com\/TanodaPlatform\/\" target=\"_blank\" rel=\"noopener\"><strong>TanodaPlatform<\/strong><\/a><br \/>\nalternat\u00edv oktat\u00e1s, h\u00e1l\u00f3zat, h\u00e1t\u00e1rnyos helyzet\u0171 gyerekek<\/li>\n<li><a href=\"http:\/\/www.waldorf.hu\/intezmenyek\/iskolak\" target=\"_blank\" rel=\"noopener\"><strong>Waldorf Iskol\u00e1k<\/strong><\/a>\u00a0 alternat\u00edv oktat\u00e1s, h\u00e1l\u00f3zat<\/li>\n<\/ul>\n<h5>Demokr\u00e1cia, k\u00f6z\u00f6ss\u00e9gfejleszt\u00e9s\/-szervez\u00e9s<\/h5>\n<ul>\n<li><a href=\"http:\/\/avarosmindenkie.blog.hu\/\" target=\"_blank\" rel=\"noopener\"><strong>A V\u00e1ros Mindenki\u00e9<\/strong><\/a><br \/>\n\u00e9rdek\u00e9rv\u00e9nyes\u00edt\u00e9s, szoci\u00e1lis \u00fcgyek, hajl\u00e9ktalans\u00e1g, k\u00f6z\u00f6ss\u00e9gszervez\u00e9s<\/li>\n<li><strong><a href=\"http:\/\/kozossegek.atalakulo.hu\/\" target=\"_blank\" rel=\"noopener\">\u00c1talakul\u00f3 K\u00f6z\u00f6ss\u00e9gek<\/a><\/strong><br \/>\ntud\u00e1smegoszt\u00e1s, h\u00e1l\u00f3zat, k\u00f6z\u00f6ss\u00e9g\u00e9p\u00edt\u00e9s, h\u00e1l\u00f3zat, Transition Movement<\/li>\n<li><a href=\"https:\/\/www.facebook.com\/civilizacio2017\/\" target=\"_blank\" rel=\"noopener\"><strong>Civiliz\u00e1ci\u00f3<\/strong><\/a><br \/>\n\u00e9rdek\u00e9rv\u00e9nyes\u00edt\u00e9s, civil szervezetek, demkokr\u00e1cia, emberi jogok, figyelemfelkelt\u00e9s<\/li>\n<li><a href=\"https:\/\/www.cka.hu\/\" target=\"_blank\" rel=\"noopener\"><strong>Civil Koll\u00e9gium<\/strong><\/a><br \/>\ntud\u00e1smegoszt\u00e1s, kutat\u00e1s, k\u00f6z\u00f6ss\u00e9gszervez\u00e9s, \u00e9rdek\u00e9rv\u00e9nyes\u00edt\u00e9s<\/li>\n<li><strong><a href=\"http:\/\/gyuttmentfesztival.hu\/\" target=\"_blank\" rel=\"noopener\">Gyuttment Fesztiv\u00e1l \/ Mindenegy\u00fcttmegy Egyes\u00fclet<\/a><\/strong><br \/>\nvid\u00e9kre-k\u00fclt\u00f6z\u0151k, \u00fatkeres\u0151k, tud\u00e1smegoszt\u00e1s, permakult\u00fara, z\u00f6ld \u00e9p\u00edt\u00e9szet, k\u00f6z\u00f6ss\u00e9g\u00e9p\u00edt\u00e9s, h\u00e1l\u00f3zat<\/li>\n<li><a href=\"https:\/\/www.facebook.com\/pg\/kozmunkasmozgalomajovoert\" target=\"_blank\" rel=\"noopener\"><strong>K\u00f6zmunk\u00e1s mozgalom<\/strong> <\/a><br \/>\n\u00e9rdek\u00e9rv\u00e9nyes\u00edt\u00e9s, szoci\u00e1lis \u00fcgyek, k\u00f6z\u00f6ss\u00e9gszervez\u00e9s<\/li>\n<\/ul>\n","protected":false},"excerpt":{"rendered":"<p>A filmk\u00e9sz\u00edt\u0151k a k\u00fcl\u00f6nb\u00f6z\u0151 szektorok \u00e9s t\u00e9m\u00e1k &#8211; mez\u0151gazdas\u00e1g, energia, gazdas\u00e1g, oktat\u00e1s, demokr\u00e1cia &#8211; legsikeresebb k\u00eds\u00e9rletei alapj\u00e1n \u00edrtak egy \u00faj t\u00f6rt\u00e9netet arr\u00f3l, milyen lehetne a j\u00f6v\u0151. Biztosan \u00e1ll\u00edtjuk, hogy a film n\u00e9z\u00e9se k\u00f6zben lesz egy pont amikor felmer\u00fcl majd benned, hogy mit is tesz\u00fcnk hozz\u00e1 mi, itthon, Magyarorsz\u00e1gon? Azut\u00e1n lassan elkezd fesz\u00edteni az az \u00e9rz\u00e9s, &hellip; <\/p>\n<p class=\"link-more\"><a href=\"http:\/\/atalakulo.hu\/holnap\/holnap-utan-megoldasok\/\" class=\"more-link\"><span class=\"screen-reader-text\">&#8222;Holnap ut\u00e1n &#8211; Megold\u00e1sok&#8221;<\/span> b\u0151vebben<\/a><\/p>\n","protected":false},"author":7,"featured_media":0,"parent":0,"menu_order":0,"comment_status":"closed","ping_status":"closed","template":"","meta":{"footnotes":""},"class_list":["post-458","page","type-page","status-publish","hentry","wpautop"],"aioseo_notices":[],"featured_image_src":null,"_links":{"self":[{"href":"http:\/\/atalakulo.hu\/holnap\/wp-json\/wp\/v2\/pages\/458","targetHints":{"allow":["GET"]}}],"collection":[{"href":"http:\/\/atalakulo.hu\/holnap\/wp-json\/wp\/v2\/pages"}],"about":[{"href":"http:\/\/atalakulo.hu\/holnap\/wp-json\/wp\/v2\/types\/page"}],"author":[{"embeddable":true,"href":"http:\/\/atalakulo.hu\/holnap\/wp-json\/wp\/v2\/users\/7"}],"replies":[{"embeddable":true,"href":"http:\/\/atalakulo.hu\/holnap\/wp-json\/wp\/v2\/comments?post=458"}],"version-history":[{"count":16,"href":"http:\/\/atalakulo.hu\/holnap\/wp-json\/wp\/v2\/pages\/458\/revisions"}],"predecessor-version":[{"id":489,"href":"http:\/\/atalakulo.hu\/holnap\/wp-json\/wp\/v2\/pages\/458\/revisions\/489"}],"wp:attachment":[{"href":"http:\/\/atalakulo.hu\/holnap\/wp-json\/wp\/v2\/media?parent=458"}],"curies":[{"name":"wp","href":"https:\/\/api.w.org\/{rel}","templated":true}]}}