{"id":574,"date":"2018-04-19T20:03:56","date_gmt":"2018-04-19T20:03:56","guid":{"rendered":"http:\/\/atalakulo.hu\/holnap\/?page_id=574"},"modified":"2018-04-19T21:01:36","modified_gmt":"2018-04-19T21:01:36","slug":"nyim","status":"publish","type":"page","link":"http:\/\/atalakulo.hu\/holnap\/vetitesek\/nyim\/","title":{"rendered":"Nyim"},"content":{"rendered":"<h3><strong>2018. \u00e1prilis 22.<\/strong><br \/>\n15:30<\/h3>\n<p><b>Ny\u00edmi Kult\u00farh\u00e1z<br \/>\n<\/b>8612 Nyim, F\u0151 utca 28. [<a href=\"https:\/\/goo.gl\/maps\/kxi3fKReZxr\" target=\"_blank\" rel=\"noopener\">t\u00e9rk\u00e9p]<\/a><\/p>\n<h5>H\u00e1zigazda<\/h5>\n<p><a href=\"http:\/\/www.okofilmklub.hu\" target=\"_blank\" rel=\"noopener\"><strong> <a href=\"https:\/\/www.facebook.com\/nyimi.oko.kozosseg\/\" target=\"_blank\" rel=\"noopener\">Nyimi \u00d6ko K\u00f6z\u00f6ss\u00e9g<\/a><\/strong><\/a><\/p>\n<h5>Kapcsolat<\/h5>\n<p><strong><a href=\"https:\/\/www.facebook.com\/events\/160263127985789\/\" target=\"_blank\" rel=\"noopener\">Facebook Esem\u00e9ny<\/a><\/strong><\/p>\n","protected":false},"excerpt":{"rendered":"<p>2018. \u00e1prilis 22. 15:30 Ny\u00edmi Kult\u00farh\u00e1z 8612 Nyim, F\u0151 utca 28. [t\u00e9rk\u00e9p] H\u00e1zigazda Nyimi \u00d6ko K\u00f6z\u00f6ss\u00e9g Kapcsolat Facebook Esem\u00e9ny<\/p>\n","protected":false},"author":7,"featured_media":0,"parent":95,"menu_order":0,"comment_status":"closed","ping_status":"closed","template":"","meta":{"footnotes":""},"class_list":["post-574","page","type-page","status-publish","hentry","wpautop"],"aioseo_notices":[],"featured_image_src":null,"_links":{"self":[{"href":"http:\/\/atalakulo.hu\/holnap\/wp-json\/wp\/v2\/pages\/574","targetHints":{"allow":["GET"]}}],"collection":[{"href":"http:\/\/atalakulo.hu\/holnap\/wp-json\/wp\/v2\/pages"}],"about":[{"href":"http:\/\/atalakulo.hu\/holnap\/wp-json\/wp\/v2\/types\/page"}],"author":[{"embeddable":true,"href":"http:\/\/atalakulo.hu\/holnap\/wp-json\/wp\/v2\/users\/7"}],"replies":[{"embeddable":true,"href":"http:\/\/atalakulo.hu\/holnap\/wp-json\/wp\/v2\/comments?post=574"}],"version-history":[{"count":3,"href":"http:\/\/atalakulo.hu\/holnap\/wp-json\/wp\/v2\/pages\/574\/revisions"}],"predecessor-version":[{"id":578,"href":"http:\/\/atalakulo.hu\/holnap\/wp-json\/wp\/v2\/pages\/574\/revisions\/578"}],"up":[{"embeddable":true,"href":"http:\/\/atalakulo.hu\/holnap\/wp-json\/wp\/v2\/pages\/95"}],"wp:attachment":[{"href":"http:\/\/atalakulo.hu\/holnap\/wp-json\/wp\/v2\/media?parent=574"}],"curies":[{"name":"wp","href":"https:\/\/api.w.org\/{rel}","templated":true}]}}