{"id":581,"date":"2018-04-19T21:05:10","date_gmt":"2018-04-19T21:05:10","guid":{"rendered":"http:\/\/atalakulo.hu\/holnap\/?page_id=581"},"modified":"2018-04-24T17:36:06","modified_gmt":"2018-04-24T17:36:06","slug":"kocser","status":"publish","type":"page","link":"http:\/\/atalakulo.hu\/holnap\/vetitesek\/kocser\/","title":{"rendered":"Kocs\u00e9r"},"content":{"rendered":"<h3><strong>2018. \u00e1prilis 28.<\/strong><\/h3>\n<p><b>Kocs\u00e9ri k\u00f6nyvt\u00e1r<br \/>\n<\/b>Kocs\u00e9r, Kossuth Lajos utca 16., 2755 [<a href=\"https:\/\/goo.gl\/maps\/NXJimyYjHpF2\" target=\"_blank\" rel=\"noopener\">t\u00e9rk\u00e9p]<\/a><\/p>\n<h5>H\u00e1zigazda<\/h5>\n<p><a href=\"https:\/\/www.facebook.com\/groups\/1522166911333053\/\" target=\"_blank\" rel=\"noopener\"><strong>Legy\u00fcnk Kocs\u00e9r J\u00f3 Gazd\u00e1i<\/strong><\/a><\/p>\n<h5>Kapcsolat<\/h5>\n<p><a href=\"https:\/\/www.facebook.com\/photo.php?fbid=1641375332636537&amp;set=gm.2220225391527198&amp;type=3&amp;theater\" target=\"_blank\" rel=\"noopener\">Facebook sz\u00f3r\u00f3lap<\/a><\/p>\n","protected":false},"excerpt":{"rendered":"<p>2018. \u00e1prilis 28. Kocs\u00e9ri k\u00f6nyvt\u00e1r Kocs\u00e9r, Kossuth Lajos utca 16., 2755 [t\u00e9rk\u00e9p] H\u00e1zigazda Legy\u00fcnk Kocs\u00e9r J\u00f3 Gazd\u00e1i Kapcsolat Facebook sz\u00f3r\u00f3lap<\/p>\n","protected":false},"author":7,"featured_media":0,"parent":95,"menu_order":0,"comment_status":"closed","ping_status":"closed","template":"","meta":{"footnotes":""},"class_list":["post-581","page","type-page","status-publish","hentry","wpautop"],"aioseo_notices":[],"featured_image_src":null,"_links":{"self":[{"href":"http:\/\/atalakulo.hu\/holnap\/wp-json\/wp\/v2\/pages\/581","targetHints":{"allow":["GET"]}}],"collection":[{"href":"http:\/\/atalakulo.hu\/holnap\/wp-json\/wp\/v2\/pages"}],"about":[{"href":"http:\/\/atalakulo.hu\/holnap\/wp-json\/wp\/v2\/types\/page"}],"author":[{"embeddable":true,"href":"http:\/\/atalakulo.hu\/holnap\/wp-json\/wp\/v2\/users\/7"}],"replies":[{"embeddable":true,"href":"http:\/\/atalakulo.hu\/holnap\/wp-json\/wp\/v2\/comments?post=581"}],"version-history":[{"count":3,"href":"http:\/\/atalakulo.hu\/holnap\/wp-json\/wp\/v2\/pages\/581\/revisions"}],"predecessor-version":[{"id":618,"href":"http:\/\/atalakulo.hu\/holnap\/wp-json\/wp\/v2\/pages\/581\/revisions\/618"}],"up":[{"embeddable":true,"href":"http:\/\/atalakulo.hu\/holnap\/wp-json\/wp\/v2\/pages\/95"}],"wp:attachment":[{"href":"http:\/\/atalakulo.hu\/holnap\/wp-json\/wp\/v2\/media?parent=581"}],"curies":[{"name":"wp","href":"https:\/\/api.w.org\/{rel}","templated":true}]}}