{"id":600,"date":"2018-04-19T22:02:06","date_gmt":"2018-04-19T22:02:06","guid":{"rendered":"http:\/\/atalakulo.hu\/holnap\/?page_id=600"},"modified":"2018-04-19T22:02:06","modified_gmt":"2018-04-19T22:02:06","slug":"budapest-napfenyes","status":"publish","type":"page","link":"http:\/\/atalakulo.hu\/holnap\/vetitesek\/budapest-napfenyes\/","title":{"rendered":"Budapest &#8211; Napf\u00e9nyes"},"content":{"rendered":"<h3><strong>2018. \u00e1prilis 22.<\/strong><\/h3>\n<p>19:00<br \/>\n<b> Napf\u00e9nyes Rendezv\u00e9nyterem<br \/>\n<\/b>Budapest, Curia u. 2, 1053 [<a href=\"https:\/\/goo.gl\/maps\/hqQFwFDD4Ds\" target=\"_blank\" rel=\"noopener\">t\u00e9rk\u00e9p]<\/a><\/p>\n<h5>H\u00e1zigazda<\/h5>\n<p><a href=\"https:\/\/www.facebook.com\/napfenyesrendezvenyterem\/\" target=\"_blank\" rel=\"noopener\"><strong>Napf\u00e9nyes \u00c9tterem<\/strong><\/a><\/p>\n<h5>Kapcsolat<\/h5>\n<p><strong><a href=\"https:\/\/www.facebook.com\/events\/542969476103484\/\" target=\"_blank\" rel=\"noopener\">Facebook Esem\u00e9ny<\/a><\/strong><\/p>\n","protected":false},"excerpt":{"rendered":"<p>2018. \u00e1prilis 22. 19:00 Napf\u00e9nyes Rendezv\u00e9nyterem Budapest, Curia u. 2, 1053 [t\u00e9rk\u00e9p] H\u00e1zigazda Napf\u00e9nyes \u00c9tterem Kapcsolat Facebook Esem\u00e9ny<\/p>\n","protected":false},"author":7,"featured_media":0,"parent":95,"menu_order":0,"comment_status":"closed","ping_status":"closed","template":"","meta":{"footnotes":""},"class_list":["post-600","page","type-page","status-publish","hentry","wpautop"],"aioseo_notices":[],"featured_image_src":null,"_links":{"self":[{"href":"http:\/\/atalakulo.hu\/holnap\/wp-json\/wp\/v2\/pages\/600","targetHints":{"allow":["GET"]}}],"collection":[{"href":"http:\/\/atalakulo.hu\/holnap\/wp-json\/wp\/v2\/pages"}],"about":[{"href":"http:\/\/atalakulo.hu\/holnap\/wp-json\/wp\/v2\/types\/page"}],"author":[{"embeddable":true,"href":"http:\/\/atalakulo.hu\/holnap\/wp-json\/wp\/v2\/users\/7"}],"replies":[{"embeddable":true,"href":"http:\/\/atalakulo.hu\/holnap\/wp-json\/wp\/v2\/comments?post=600"}],"version-history":[{"count":1,"href":"http:\/\/atalakulo.hu\/holnap\/wp-json\/wp\/v2\/pages\/600\/revisions"}],"predecessor-version":[{"id":601,"href":"http:\/\/atalakulo.hu\/holnap\/wp-json\/wp\/v2\/pages\/600\/revisions\/601"}],"up":[{"embeddable":true,"href":"http:\/\/atalakulo.hu\/holnap\/wp-json\/wp\/v2\/pages\/95"}],"wp:attachment":[{"href":"http:\/\/atalakulo.hu\/holnap\/wp-json\/wp\/v2\/media?parent=600"}],"curies":[{"name":"wp","href":"https:\/\/api.w.org\/{rel}","templated":true}]}}