{"id":620,"date":"2018-04-25T21:14:29","date_gmt":"2018-04-25T21:14:29","guid":{"rendered":"http:\/\/atalakulo.hu\/holnap\/?page_id=620"},"modified":"2018-04-25T21:14:29","modified_gmt":"2018-04-25T21:14:29","slug":"nogradsap","status":"publish","type":"page","link":"http:\/\/atalakulo.hu\/holnap\/vetitesek\/nogradsap\/","title":{"rendered":"N\u00f3gr\u00e1ds\u00e1p"},"content":{"rendered":"<h3><strong>2018. m\u00e1jus 18.<\/strong><\/h3>\n<p><b>N\u00f3gr\u00e1ds\u00e1pi Fekete Istv\u00e1n \u00c1ltal\u00e1nos Iskola \u00e9s Szakiskola<br \/>\n<\/b>N\u00f3gr\u00e1ds\u00e1p, Hunyadi \u00fat 2, 2685 [<a href=\"https:\/\/goo.gl\/maps\/EyHjCpzkUd22\" target=\"_blank\" rel=\"noopener\">t\u00e9rk\u00e9p]<\/a><\/p>\n<h5>H\u00e1zigazda<\/h5>\n<p>Helyi k\u00f6z\u00f6ss\u00e9g<\/p>\n<h5>Kapcsolat<\/h5>\n","protected":false},"excerpt":{"rendered":"<p>2018. m\u00e1jus 18. N\u00f3gr\u00e1ds\u00e1pi Fekete Istv\u00e1n \u00c1ltal\u00e1nos Iskola \u00e9s Szakiskola N\u00f3gr\u00e1ds\u00e1p, Hunyadi \u00fat 2, 2685 [t\u00e9rk\u00e9p] H\u00e1zigazda Helyi k\u00f6z\u00f6ss\u00e9g Kapcsolat<\/p>\n","protected":false},"author":7,"featured_media":0,"parent":95,"menu_order":0,"comment_status":"closed","ping_status":"closed","template":"","meta":{"footnotes":""},"class_list":["post-620","page","type-page","status-publish","hentry","wpautop"],"aioseo_notices":[],"featured_image_src":null,"_links":{"self":[{"href":"http:\/\/atalakulo.hu\/holnap\/wp-json\/wp\/v2\/pages\/620","targetHints":{"allow":["GET"]}}],"collection":[{"href":"http:\/\/atalakulo.hu\/holnap\/wp-json\/wp\/v2\/pages"}],"about":[{"href":"http:\/\/atalakulo.hu\/holnap\/wp-json\/wp\/v2\/types\/page"}],"author":[{"embeddable":true,"href":"http:\/\/atalakulo.hu\/holnap\/wp-json\/wp\/v2\/users\/7"}],"replies":[{"embeddable":true,"href":"http:\/\/atalakulo.hu\/holnap\/wp-json\/wp\/v2\/comments?post=620"}],"version-history":[{"count":1,"href":"http:\/\/atalakulo.hu\/holnap\/wp-json\/wp\/v2\/pages\/620\/revisions"}],"predecessor-version":[{"id":621,"href":"http:\/\/atalakulo.hu\/holnap\/wp-json\/wp\/v2\/pages\/620\/revisions\/621"}],"up":[{"embeddable":true,"href":"http:\/\/atalakulo.hu\/holnap\/wp-json\/wp\/v2\/pages\/95"}],"wp:attachment":[{"href":"http:\/\/atalakulo.hu\/holnap\/wp-json\/wp\/v2\/media?parent=620"}],"curies":[{"name":"wp","href":"https:\/\/api.w.org\/{rel}","templated":true}]}}