{"id":623,"date":"2018-04-25T21:27:00","date_gmt":"2018-04-25T21:27:00","guid":{"rendered":"http:\/\/atalakulo.hu\/holnap\/?page_id=623"},"modified":"2018-05-16T14:15:56","modified_gmt":"2018-05-16T14:15:56","slug":"dunaujvaros","status":"publish","type":"page","link":"http:\/\/atalakulo.hu\/holnap\/vetitesek\/dunaujvaros\/","title":{"rendered":"Duna\u00fajv\u00e1ros"},"content":{"rendered":"<h3><strong>2018. m\u00e1jus 17.<br \/>\n<\/strong>18.00 &#8211; 20.45<\/h3>\n<p><b>Kort\u00e1rs M\u0171v\u00e9szeti Int\u00e9zet<br \/>\n<\/b>Duna\u00fajv\u00e1ros, Vasm\u0171 \u00fat 12, 2400 [<a href=\"https:\/\/goo.gl\/maps\/ytoxDVfQJyC2\" target=\"_blank\" rel=\"noopener\">t\u00e9rk\u00e9p]<\/a><\/p>\n<h5>H\u00e1zigazda<\/h5>\n<p><a href=\"https:\/\/www.facebook.com\/ICADunaujvaros\/\" target=\"_blank\" rel=\"noopener\"><strong>Kort\u00e1rs M\u0171v\u00e9szeti Int\u00e9zet<\/strong><\/a><\/p>\n<h5>Kapcsolat<\/h5>\n<p><a href=\"https:\/\/www.facebook.com\/events\/215648039027736\/\" target=\"_blank\" rel=\"noopener\"><strong>Fb esem\u00e9ny<\/strong><\/a><\/p>\n","protected":false},"excerpt":{"rendered":"<p>2018. m\u00e1jus 17. 18.00 &#8211; 20.45 Kort\u00e1rs M\u0171v\u00e9szeti Int\u00e9zet Duna\u00fajv\u00e1ros, Vasm\u0171 \u00fat 12, 2400 [t\u00e9rk\u00e9p] H\u00e1zigazda Kort\u00e1rs M\u0171v\u00e9szeti Int\u00e9zet Kapcsolat Fb esem\u00e9ny<\/p>\n","protected":false},"author":7,"featured_media":0,"parent":95,"menu_order":0,"comment_status":"closed","ping_status":"closed","template":"","meta":{"footnotes":""},"class_list":["post-623","page","type-page","status-publish","hentry","wpautop"],"aioseo_notices":[],"featured_image_src":null,"_links":{"self":[{"href":"http:\/\/atalakulo.hu\/holnap\/wp-json\/wp\/v2\/pages\/623","targetHints":{"allow":["GET"]}}],"collection":[{"href":"http:\/\/atalakulo.hu\/holnap\/wp-json\/wp\/v2\/pages"}],"about":[{"href":"http:\/\/atalakulo.hu\/holnap\/wp-json\/wp\/v2\/types\/page"}],"author":[{"embeddable":true,"href":"http:\/\/atalakulo.hu\/holnap\/wp-json\/wp\/v2\/users\/7"}],"replies":[{"embeddable":true,"href":"http:\/\/atalakulo.hu\/holnap\/wp-json\/wp\/v2\/comments?post=623"}],"version-history":[{"count":3,"href":"http:\/\/atalakulo.hu\/holnap\/wp-json\/wp\/v2\/pages\/623\/revisions"}],"predecessor-version":[{"id":635,"href":"http:\/\/atalakulo.hu\/holnap\/wp-json\/wp\/v2\/pages\/623\/revisions\/635"}],"up":[{"embeddable":true,"href":"http:\/\/atalakulo.hu\/holnap\/wp-json\/wp\/v2\/pages\/95"}],"wp:attachment":[{"href":"http:\/\/atalakulo.hu\/holnap\/wp-json\/wp\/v2\/media?parent=623"}],"curies":[{"name":"wp","href":"https:\/\/api.w.org\/{rel}","templated":true}]}}