{"id":9,"date":"2017-10-30T18:52:56","date_gmt":"2017-10-30T18:52:56","guid":{"rendered":"http:\/\/atalakulo.hu\/holnap\/?page_id=9"},"modified":"2017-11-16T21:33:49","modified_gmt":"2017-11-16T21:33:49","slug":"elerhetoseg","status":"publish","type":"page","link":"http:\/\/atalakulo.hu\/holnap\/elerhetoseg\/","title":{"rendered":"El\u00e9rhet\u0151s\u00e9g"},"content":{"rendered":"<p>holnap{kukac}atalakulo.hu<\/p>\n<p><img decoding=\"async\" class=\"alignnone size-medium wp-image-105\" src=\"http:\/\/atalakulo.hu\/holnap\/wp-content\/uploads\/2017\/10\/still-6-300x158.jpg\" alt=\"\" width=\"300\" height=\"158\" srcset=\"http:\/\/atalakulo.hu\/holnap\/wp-content\/uploads\/2017\/10\/still-6-300x158.jpg 300w, http:\/\/atalakulo.hu\/holnap\/wp-content\/uploads\/2017\/10\/still-6-768x405.jpg 768w, http:\/\/atalakulo.hu\/holnap\/wp-content\/uploads\/2017\/10\/still-6-1024x540.jpg 1024w\" sizes=\"(max-width: 300px) 100vw, 300px\" \/><\/p>\n","protected":false},"excerpt":{"rendered":"<p>holnap{kukac}atalakulo.hu<\/p>\n","protected":false},"author":1,"featured_media":0,"parent":0,"menu_order":0,"comment_status":"closed","ping_status":"closed","template":"","meta":{"footnotes":""},"class_list":["post-9","page","type-page","status-publish","hentry","wpautop"],"aioseo_notices":[],"featured_image_src":null,"_links":{"self":[{"href":"http:\/\/atalakulo.hu\/holnap\/wp-json\/wp\/v2\/pages\/9","targetHints":{"allow":["GET"]}}],"collection":[{"href":"http:\/\/atalakulo.hu\/holnap\/wp-json\/wp\/v2\/pages"}],"about":[{"href":"http:\/\/atalakulo.hu\/holnap\/wp-json\/wp\/v2\/types\/page"}],"author":[{"embeddable":true,"href":"http:\/\/atalakulo.hu\/holnap\/wp-json\/wp\/v2\/users\/1"}],"replies":[{"embeddable":true,"href":"http:\/\/atalakulo.hu\/holnap\/wp-json\/wp\/v2\/comments?post=9"}],"version-history":[{"count":6,"href":"http:\/\/atalakulo.hu\/holnap\/wp-json\/wp\/v2\/pages\/9\/revisions"}],"predecessor-version":[{"id":168,"href":"http:\/\/atalakulo.hu\/holnap\/wp-json\/wp\/v2\/pages\/9\/revisions\/168"}],"wp:attachment":[{"href":"http:\/\/atalakulo.hu\/holnap\/wp-json\/wp\/v2\/media?parent=9"}],"curies":[{"name":"wp","href":"https:\/\/api.w.org\/{rel}","templated":true}]}}