{"id":268,"date":"2025-01-30T21:45:55","date_gmt":"2025-01-30T20:45:55","guid":{"rendered":"https:\/\/atalakulo.hu\/holnap\/civilla\/?page_id=268"},"modified":"2025-02-03T14:18:29","modified_gmt":"2025-02-03T13:18:29","slug":"idopont-foglalas","status":"publish","type":"page","link":"https:\/\/atalakulo.hu\/holnap\/civilla\/idopont-foglalas\/","title":{"rendered":"Id\u0151pont foglal\u00e1s"},"content":{"rendered":"\t\t<div data-elementor-type=\"wp-page\" data-elementor-id=\"268\" class=\"elementor elementor-268\" data-elementor-post-type=\"page\">\n\t\t\t\t<div class=\"elementor-element elementor-element-f819a26 e-flex e-con-boxed e-con e-parent\" data-id=\"f819a26\" data-element_type=\"container\" data-e-type=\"container\">\n\t\t\t\t\t<div class=\"e-con-inner\">\n\t\t\t\t<div class=\"elementor-element elementor-element-b38018a elementor-widget elementor-widget-text-editor\" data-id=\"b38018a\" data-element_type=\"widget\" data-e-type=\"widget\" data-widget_type=\"text-editor.default\">\n\t\t\t\t<div class=\"elementor-widget-container\">\n\t\t\t\t\t\t\t\t\t<p style=\"text-align: center;\">Ha szeretn\u00e9l esem\u00e9nyt szervezni a CIVILL\u00c1BA, akkor itt tudsz jelezni fel\u00e9nk.\u00a0<\/p>\t\t\t\t\t\t\t\t<\/div>\n\t\t\t\t<\/div>\n\t\t\t\t\t<\/div>\n\t\t\t\t<\/div>\n\t\t<div class=\"elementor-element elementor-element-5f9bfb7 e-flex e-con-boxed e-con e-parent\" data-id=\"5f9bfb7\" data-element_type=\"container\" data-e-type=\"container\">\n\t\t\t\t\t<div class=\"e-con-inner\">\n\t\t\t\t<div class=\"elementor-element elementor-element-1b9df4f elementor-widget elementor-widget-text-editor\" data-id=\"1b9df4f\" data-element_type=\"widget\" data-e-type=\"widget\" data-widget_type=\"text-editor.default\">\n\t\t\t\t<div class=\"elementor-widget-container\">\n\t\t\t\t\t\t\t\t\t<p><strong>Az id\u0151pont egyeztet\u00e9s menete:<\/strong><\/p><p>1. Jel\u00f6lj meg egy sz\u00e1modra alkalmas el\u00e9rhet\u0151 id\u0151pontot a napt\u00e1rban.\u00a0<\/p><p>2. Add meg az adataidat, amin kereszt\u00fcl el\u00e9r\u00fcnk t\u00e9ged.<\/p><p>3. Megjegyz\u00e9sbe \u00edrd le r\u00f6viden, hogy milyen esem\u00e9nyt szeretn\u00e9l tartani n\u00e1lunk.\u00a0<\/p><p>4. Miut\u00e1n elk\u00fcldted nek\u00fcnk az id\u0151pont foglal\u00e1sodat, kapni fogsz err\u0151l egy visszaigazol\u00f3 e-mailt.\u00a0<\/p><p>5. Az id\u0151pont foglal\u00e1s egy telefonos egyeztet\u00e9s ut\u00e1n lesz v\u00e9gleges, h\u00edvni fogunk!<\/p>\t\t\t\t\t\t\t\t<\/div>\n\t\t\t\t<\/div>\n\t\t\t\t\t<\/div>\n\t\t\t\t<\/div>\n\t\t<div class=\"elementor-element elementor-element-bd0971f e-flex e-con-boxed e-con e-parent\" data-id=\"bd0971f\" data-element_type=\"container\" data-e-type=\"container\">\n\t\t\t\t\t<div class=\"e-con-inner\">\n\t\t\t\t<div class=\"elementor-element elementor-element-3ff4a6c elementor-widget elementor-widget-ssa-booking\" data-id=\"3ff4a6c\" data-element_type=\"widget\" data-e-type=\"widget\" data-widget_type=\"ssa-booking.default\">\n\t\t\t\t<div class=\"elementor-widget-container\">\n\t\t\t\t\t\t\t<div class=\"elementor-ssa-booking-wrapper\">\n\t\t\t<div >\n\t\t\t\t<div class=\"ssa-booking\">\n\t\t\t\t\t<iframe src=\"https:\/\/atalakulo.hu\/holnap\/civilla\/wp-json\/ssa\/v1\/embed-inner?integration&type&label&types&edit&view&payment_provider&ssa_locale=hu_HU&ssa_is_rtl&sid=c525b8ab6718cc56724ae9f9edb2c2eb2f386038&availability_start_date&availability_end_date&suggest_first_available&suggest_first_available_within_minutes&flow&fallback_flow&time_view&date_view&appointment_types_view=cardList&version&accent_color&background&padding=px&font&booking_url=https%3A%2F%2Fatalakulo.hu%2Fholnap%2Fcivilla%2Fidopont-foglalas%2F&booking_post_id=268&booking_title=Id%C5%91pont+foglal%C3%A1s&_wpnonce=761df719a2&redirect_post_id&defer&mepr_membership_id#\/\" height=\"400px\" width=\"100%\" name=\"ssa_booking\" loading=\"eager\" frameborder=\"0\" data-skip-lazy=\"1\" class=\"ssa_booking_iframe skip-lazy\" title=\"Foglaljon id\u0151pontot\"><\/iframe>\t\t\t\t<\/div>\n\t\t\t<\/div>\n\t\t<\/div>\n\t\t\t\t\t\t<\/div>\n\t\t\t\t<\/div>\n\t\t\t\t\t<\/div>\n\t\t\t\t<\/div>\n\t\t\t\t<\/div>\n\t\t","protected":false},"excerpt":{"rendered":"<p>Ha szeretn\u00e9l esem\u00e9nyt szervezni a CIVILL\u00c1BA, akkor itt tudsz jelezni fel\u00e9nk.\u00a0 Az id\u0151pont egyeztet\u00e9s menete: 1. Jel\u00f6lj meg egy sz\u00e1modra alkalmas el\u00e9rhet\u0151 id\u0151pontot a napt\u00e1rban.\u00a0 2. Add meg az adataidat, amin kereszt\u00fcl el\u00e9r\u00fcnk t\u00e9ged. 3. Megjegyz\u00e9sbe \u00edrd le r\u00f6viden, hogy milyen esem\u00e9nyt szeretn\u00e9l tartani n\u00e1lunk.\u00a0 4. Miut\u00e1n elk\u00fcldted nek\u00fcnk az id\u0151pont foglal\u00e1sodat, kapni fogsz err\u0151l &hellip; <\/p>\n","protected":false},"author":8,"featured_media":0,"parent":0,"menu_order":0,"comment_status":"closed","ping_status":"closed","template":"","meta":{"_monsterinsights_skip_tracking":false,"_monsterinsights_sitenote_active":false,"_monsterinsights_sitenote_note":"","_monsterinsights_sitenote_category":0,"footnotes":""},"class_list":["post-268","page","type-page","status-publish","hentry","wpautop"],"aioseo_notices":[],"featured_image_src":null,"rttpg_featured_image_url":null,"rttpg_author":{"display_name":"feketelaci","author_link":"https:\/\/atalakulo.hu\/holnap\/civilla\/author\/feketelaci\/"},"rttpg_comment":0,"rttpg_category":null,"rttpg_excerpt":"Ha szeretn\u00e9l esem\u00e9nyt szervezni a CIVILL\u00c1BA, akkor itt tudsz jelezni fel\u00e9nk.\u00a0 Az id\u0151pont egyeztet\u00e9s menete: 1. Jel\u00f6lj meg egy sz\u00e1modra alkalmas el\u00e9rhet\u0151 id\u0151pontot a napt\u00e1rban.\u00a0 2. Add meg az adataidat, amin kereszt\u00fcl el\u00e9r\u00fcnk t\u00e9ged. 3. Megjegyz\u00e9sbe \u00edrd le r\u00f6viden, hogy milyen esem\u00e9nyt szeretn\u00e9l tartani n\u00e1lunk.\u00a0 4. Miut\u00e1n elk\u00fcldted nek\u00fcnk az id\u0151pont foglal\u00e1sodat, kapni fogsz err\u0151l&hellip;","_links":{"self":[{"href":"https:\/\/atalakulo.hu\/holnap\/civilla\/wp-json\/wp\/v2\/pages\/268","targetHints":{"allow":["GET"]}}],"collection":[{"href":"https:\/\/atalakulo.hu\/holnap\/civilla\/wp-json\/wp\/v2\/pages"}],"about":[{"href":"https:\/\/atalakulo.hu\/holnap\/civilla\/wp-json\/wp\/v2\/types\/page"}],"author":[{"embeddable":true,"href":"https:\/\/atalakulo.hu\/holnap\/civilla\/wp-json\/wp\/v2\/users\/8"}],"replies":[{"embeddable":true,"href":"https:\/\/atalakulo.hu\/holnap\/civilla\/wp-json\/wp\/v2\/comments?post=268"}],"version-history":[{"count":23,"href":"https:\/\/atalakulo.hu\/holnap\/civilla\/wp-json\/wp\/v2\/pages\/268\/revisions"}],"predecessor-version":[{"id":804,"href":"https:\/\/atalakulo.hu\/holnap\/civilla\/wp-json\/wp\/v2\/pages\/268\/revisions\/804"}],"wp:attachment":[{"href":"https:\/\/atalakulo.hu\/holnap\/civilla\/wp-json\/wp\/v2\/media?parent=268"}],"curies":[{"name":"wp","href":"https:\/\/api.w.org\/{rel}","templated":true}]}}