{"id":81,"date":"2025-01-08T15:22:51","date_gmt":"2025-01-08T14:22:51","guid":{"rendered":"https:\/\/atalakulo.hu\/holnap\/civilla\/?page_id=81"},"modified":"2025-02-03T16:38:30","modified_gmt":"2025-02-03T15:38:30","slug":"rolunk","status":"publish","type":"page","link":"https:\/\/atalakulo.hu\/holnap\/civilla\/rolunk\/","title":{"rendered":"R\u00f3lunk"},"content":{"rendered":"\t\t<div data-elementor-type=\"wp-page\" data-elementor-id=\"81\" class=\"elementor elementor-81\" data-elementor-post-type=\"page\">\n\t\t\t\t<div class=\"elementor-element elementor-element-c69a6cd e-flex e-con-boxed e-con e-parent\" data-id=\"c69a6cd\" data-element_type=\"container\" data-e-type=\"container\">\n\t\t\t\t\t<div class=\"e-con-inner\">\n\t\t<div class=\"elementor-element elementor-element-254362d e-con-full e-flex e-con e-child\" data-id=\"254362d\" data-element_type=\"container\" data-e-type=\"container\">\n\t\t\t\t<div class=\"elementor-element elementor-element-97376ef elementor-widget__width-initial elementor-widget elementor-widget-wp-widget-bttk_author_bio\" data-id=\"97376ef\" data-element_type=\"widget\" data-e-type=\"widget\" data-widget_type=\"wp-widget-bttk_author_bio.default\">\n\t\t\t\t<div class=\"elementor-widget-container\">\n\t\t\t\t\t<h5>CIVILLA<\/h5>        <div class=\"bttk-author-bio-holder\">\n            <div class=\"image-holder\">\n                <img fetchpriority=\"high\" decoding=\"async\" width=\"1875\" height=\"1194\" src=\"https:\/\/atalakulo.hu\/holnap\/civilla\/wp-content\/uploads\/sites\/4\/2025\/01\/kicsi-1.jpg\" class=\"attachment-full size-full\" alt=\"k\u00f6z\u00f6ss\u00e9gi h\u00e1z\" srcset=\"https:\/\/atalakulo.hu\/holnap\/civilla\/wp-content\/uploads\/sites\/4\/2025\/01\/kicsi-1.jpg 1875w, https:\/\/atalakulo.hu\/holnap\/civilla\/wp-content\/uploads\/sites\/4\/2025\/01\/kicsi-1-300x191.jpg 300w, https:\/\/atalakulo.hu\/holnap\/civilla\/wp-content\/uploads\/sites\/4\/2025\/01\/kicsi-1-1024x652.jpg 1024w, https:\/\/atalakulo.hu\/holnap\/civilla\/wp-content\/uploads\/sites\/4\/2025\/01\/kicsi-1-768x489.jpg 768w, https:\/\/atalakulo.hu\/holnap\/civilla\/wp-content\/uploads\/sites\/4\/2025\/01\/kicsi-1-1536x978.jpg 1536w, https:\/\/atalakulo.hu\/holnap\/civilla\/wp-content\/uploads\/sites\/4\/2025\/01\/kicsi-1-50x32.jpg 50w, https:\/\/atalakulo.hu\/holnap\/civilla\/wp-content\/uploads\/sites\/4\/2025\/01\/kicsi-1-1600x1019.jpg 1600w\" sizes=\"(max-width: 1875px) 100vw, 1875px\" \/>            <\/div> \n            <div class=\"text-holder\">\n                <div class=\"title-holder\">k\u00f6z\u00f6ss\u00e9gi h\u00e1z<\/div> \n                <div class=\"author-bio-content\">\n                    <p>Kecskem\u00e9t, K\u00e1polna utca 22.<br \/>\n(70) 884 5976<br \/>\ninfo@civilla.hu<\/p>\n                <\/div>\n                                \n                \n    \t        <div class=\"author-bio-socicons\">\n                                            <ul class=\"author-socicons\">\n        \t        \t                \t\t            <li class=\"social-share-list\">\n                \t\t                <a rel=noopener target=_blank href=\"https:\/\/www.facebook.com\/civillakecskemet?locale=hu_HU\">\n                                            <i class=\"fab fa-facebook\"><\/i>\n                                        <\/a>\n                \t\t                \n                \t\t            <\/li>\n            \t\t                                    <\/ul>\n                    \t        <\/div>\n            <\/div>\n\t    <\/div>\n        \t\t\t\t<\/div>\n\t\t\t\t<\/div>\n\t\t\t\t<\/div>\n\t\t<div class=\"elementor-element elementor-element-a6cece8 e-con-full e-flex e-con e-child\" data-id=\"a6cece8\" data-element_type=\"container\" data-e-type=\"container\">\n\t\t<div class=\"elementor-element elementor-element-e61d72c e-con-full e-flex e-con e-child\" data-id=\"e61d72c\" data-element_type=\"container\" data-e-type=\"container\">\n\t\t\t\t<div class=\"elementor-element elementor-element-05d32a7 elementor-widget elementor-widget-google_maps\" data-id=\"05d32a7\" data-element_type=\"widget\" data-e-type=\"widget\" data-widget_type=\"google_maps.default\">\n\t\t\t\t<div class=\"elementor-widget-container\">\n\t\t\t\t\t\t\t<div class=\"elementor-custom-embed\">\n\t\t\t<iframe loading=\"lazy\"\n\t\t\t\t\tsrc=\"https:\/\/maps.google.com\/maps?q=Hungary%2C%20Kecskem%C3%A9t%2C%20K%C3%A1polna%20utca%2022&#038;t=m&#038;z=16&#038;output=embed&#038;iwloc=near\"\n\t\t\t\t\ttitle=\"Hungary, Kecskem\u00e9t, K\u00e1polna utca 22\"\n\t\t\t\t\taria-label=\"Hungary, Kecskem\u00e9t, K\u00e1polna utca 22\"\n\t\t\t><\/iframe>\n\t\t<\/div>\n\t\t\t\t\t\t<\/div>\n\t\t\t\t<\/div>\n\t\t\t\t<\/div>\n\t\t\t\t<\/div>\n\t\t\t\t\t<\/div>\n\t\t\t\t<\/div>\n\t\t<div class=\"elementor-element elementor-element-51fd808 e-flex e-con-boxed e-con e-parent\" data-id=\"51fd808\" data-element_type=\"container\" data-e-type=\"container\">\n\t\t\t\t\t<div class=\"e-con-inner\">\n\t\t\t\t<div class=\"elementor-element elementor-element-cd78ea4 elementor-widget elementor-widget-text-editor\" data-id=\"cd78ea4\" data-element_type=\"widget\" data-e-type=\"widget\" data-widget_type=\"text-editor.default\">\n\t\t\t\t<div class=\"elementor-widget-container\">\n\t\t\t\t\t\t\t\t\t<p>\u00c9letk\u00e9pek<\/p>\t\t\t\t\t\t\t\t<\/div>\n\t\t\t\t<\/div>\n\t\t\t\t\t<\/div>\n\t\t\t\t<\/div>\n\t\t<div class=\"elementor-element elementor-element-59155d9 e-flex e-con-boxed e-con e-parent\" data-id=\"59155d9\" data-element_type=\"container\" data-e-type=\"container\">\n\t\t\t\t\t<div class=\"e-con-inner\">\n\t\t\t\t<div class=\"elementor-element elementor-element-b753a63 elementor-widget elementor-widget-image-gallery\" data-id=\"b753a63\" data-element_type=\"widget\" data-e-type=\"widget\" data-widget_type=\"image-gallery.default\">\n\t\t\t\t<div class=\"elementor-widget-container\">\n\t\t\t\t\t\t\t<div class=\"elementor-image-gallery\">\n\t\t\t\r\n    \t<style type='text\/css'>\r\n    \t\t#gallery-1 {\r\n    \t\t\tmargin: auto;\r\n    \t\t}\r\n    \t\t#gallery-1 .gallery-item {\r\n    \t\t\tfloat: left;\r\n    \t\t\tmargin-top: 10px;\r\n    \t\t\ttext-align: center;\r\n    \t\t\twidth: 33%;\r\n    \t\t}\r\n    \t\t#gallery-1 img {\r\n    \t\t\tborder: 2px solid #cfcfcf;\r\n    \t\t}\r\n    \t\t#gallery-1 .gallery-caption {\r\n    \t\t\tmargin-left: 0;\r\n    \t\t}\r\n    \t\t\/* see gallery_shortcode() in wp-includes\/media.php *\/\r\n    \t<\/style>\n\t\t<div id='gallery-1' class='gallery galleryid-81 gallery-columns-3 gallery-size-post-category-slider-size'><dl class='gallery-item'>\r\n    \t\t<dt class='gallery-icon landscape'>\r\n    \t\t\t<img decoding=\"async\" width=\"330\" height=\"350\" src=\"https:\/\/atalakulo.hu\/holnap\/civilla\/wp-content\/uploads\/sites\/4\/2025\/02\/magcserebere_okt_24_2024-1-330x350.jpg\" class=\"attachment-post-category-slider-size size-post-category-slider-size\" alt=\"\" \/>\r\n    \t\t<\/dt><\/dl><dl class='gallery-item'>\r\n    \t\t<dt class='gallery-icon portrait'>\r\n    \t\t\t<img decoding=\"async\" width=\"330\" height=\"350\" src=\"https:\/\/atalakulo.hu\/holnap\/civilla\/wp-content\/uploads\/sites\/4\/2025\/02\/1681493164982-330x350.jpeg\" class=\"attachment-post-category-slider-size size-post-category-slider-size\" alt=\"\" \/>\r\n    \t\t<\/dt><\/dl><dl class='gallery-item'>\r\n    \t\t<dt class='gallery-icon portrait'>\r\n    \t\t\t<img loading=\"lazy\" decoding=\"async\" width=\"330\" height=\"350\" src=\"https:\/\/atalakulo.hu\/holnap\/civilla\/wp-content\/uploads\/sites\/4\/2025\/02\/IMG_0641-330x350.jpg\" class=\"attachment-post-category-slider-size size-post-category-slider-size\" alt=\"\" \/>\r\n    \t\t<\/dt><\/dl><br style=\"clear: both\" \/><dl class='gallery-item'>\r\n    \t\t<dt class='gallery-icon portrait'>\r\n    \t\t\t<img loading=\"lazy\" decoding=\"async\" width=\"330\" height=\"350\" src=\"https:\/\/atalakulo.hu\/holnap\/civilla\/wp-content\/uploads\/sites\/4\/2025\/02\/1681490329744-330x350.jpg\" class=\"attachment-post-category-slider-size size-post-category-slider-size\" alt=\"\" \/>\r\n    \t\t<\/dt><\/dl><dl class='gallery-item'>\r\n    \t\t<dt class='gallery-icon portrait'>\r\n    \t\t\t<img loading=\"lazy\" decoding=\"async\" width=\"330\" height=\"350\" src=\"https:\/\/atalakulo.hu\/holnap\/civilla\/wp-content\/uploads\/sites\/4\/2025\/02\/IMG_0624-330x350.jpg\" class=\"attachment-post-category-slider-size size-post-category-slider-size\" alt=\"\" \/>\r\n    \t\t<\/dt><\/dl><dl class='gallery-item'>\r\n    \t\t<dt class='gallery-icon landscape'>\r\n    \t\t\t<img loading=\"lazy\" decoding=\"async\" width=\"330\" height=\"350\" src=\"https:\/\/atalakulo.hu\/holnap\/civilla\/wp-content\/uploads\/sites\/4\/2025\/02\/IMG_0631-330x350.jpg\" class=\"attachment-post-category-slider-size size-post-category-slider-size\" alt=\"\" \/>\r\n    \t\t<\/dt><\/dl><br style=\"clear: both\" \/><dl class='gallery-item'>\r\n    \t\t<dt class='gallery-icon landscape'>\r\n    \t\t\t<img loading=\"lazy\" decoding=\"async\" width=\"330\" height=\"350\" src=\"https:\/\/atalakulo.hu\/holnap\/civilla\/wp-content\/uploads\/sites\/4\/2025\/02\/IMG_4048-1-330x350.jpg\" class=\"attachment-post-category-slider-size size-post-category-slider-size\" alt=\"\" \/>\r\n    \t\t<\/dt><\/dl><dl class='gallery-item'>\r\n    \t\t<dt class='gallery-icon landscape'>\r\n    \t\t\t<img loading=\"lazy\" decoding=\"async\" width=\"330\" height=\"350\" src=\"https:\/\/atalakulo.hu\/holnap\/civilla\/wp-content\/uploads\/sites\/4\/2025\/02\/IMG_0632-330x350.jpg\" class=\"attachment-post-category-slider-size size-post-category-slider-size\" alt=\"\" \/>\r\n    \t\t<\/dt><\/dl><dl class='gallery-item'>\r\n    \t\t<dt class='gallery-icon landscape'>\r\n    \t\t\t<img loading=\"lazy\" decoding=\"async\" width=\"330\" height=\"350\" src=\"https:\/\/atalakulo.hu\/holnap\/civilla\/wp-content\/uploads\/sites\/4\/2025\/02\/IMG_4037-1-330x350.jpg\" class=\"attachment-post-category-slider-size size-post-category-slider-size\" alt=\"\" \/>\r\n    \t\t<\/dt><\/dl><br style=\"clear: both\" \/><dl class='gallery-item'>\r\n    \t\t<dt class='gallery-icon landscape'>\r\n    \t\t\t<img loading=\"lazy\" decoding=\"async\" width=\"330\" height=\"350\" src=\"https:\/\/atalakulo.hu\/holnap\/civilla\/wp-content\/uploads\/sites\/4\/2025\/02\/IMG_0638-330x350.jpg\" class=\"attachment-post-category-slider-size size-post-category-slider-size\" alt=\"\" \/>\r\n    \t\t<\/dt><\/dl><dl class='gallery-item'>\r\n    \t\t<dt class='gallery-icon landscape'>\r\n    \t\t\t<img loading=\"lazy\" decoding=\"async\" width=\"330\" height=\"350\" src=\"https:\/\/atalakulo.hu\/holnap\/civilla\/wp-content\/uploads\/sites\/4\/2025\/02\/IMG_4057-1-330x350.jpg\" class=\"attachment-post-category-slider-size size-post-category-slider-size\" alt=\"\" \/>\r\n    \t\t<\/dt><\/dl><dl class='gallery-item'>\r\n    \t\t<dt class='gallery-icon landscape'>\r\n    \t\t\t<img loading=\"lazy\" decoding=\"async\" width=\"330\" height=\"350\" src=\"https:\/\/atalakulo.hu\/holnap\/civilla\/wp-content\/uploads\/sites\/4\/2025\/02\/IMG_1394-1-330x350.jpg\" class=\"attachment-post-category-slider-size size-post-category-slider-size\" alt=\"\" \/>\r\n    \t\t<\/dt><\/dl><br style=\"clear: both\" \/>\r\n    \t<\/div>\n\t\t<\/div>\n\t\t\t\t\t\t<\/div>\n\t\t\t\t<\/div>\n\t\t\t\t\t<\/div>\n\t\t\t\t<\/div>\n\t\t<div class=\"elementor-element elementor-element-1739faa e-flex e-con-boxed e-con e-parent\" data-id=\"1739faa\" data-element_type=\"container\" data-e-type=\"container\">\n\t\t\t\t\t<div class=\"e-con-inner\">\n\t\t\t\t\t<\/div>\n\t\t\t\t<\/div>\n\t\t\t\t<\/div>\n\t\t","protected":false},"excerpt":{"rendered":"<p>\u00c9letk\u00e9pek<\/p>\n","protected":false},"author":27,"featured_media":0,"parent":0,"menu_order":0,"comment_status":"closed","ping_status":"closed","template":"","meta":{"_monsterinsights_skip_tracking":false,"_monsterinsights_sitenote_active":false,"_monsterinsights_sitenote_note":"","_monsterinsights_sitenote_category":0,"footnotes":""},"class_list":["post-81","page","type-page","status-publish","hentry","wpautop"],"aioseo_notices":[],"featured_image_src":null,"rttpg_featured_image_url":null,"rttpg_author":{"display_name":"galkati","author_link":"https:\/\/atalakulo.hu\/holnap\/civilla\/author\/galkati\/"},"rttpg_comment":0,"rttpg_category":null,"rttpg_excerpt":"\u00c9letk\u00e9pek","_links":{"self":[{"href":"https:\/\/atalakulo.hu\/holnap\/civilla\/wp-json\/wp\/v2\/pages\/81","targetHints":{"allow":["GET"]}}],"collection":[{"href":"https:\/\/atalakulo.hu\/holnap\/civilla\/wp-json\/wp\/v2\/pages"}],"about":[{"href":"https:\/\/atalakulo.hu\/holnap\/civilla\/wp-json\/wp\/v2\/types\/page"}],"author":[{"embeddable":true,"href":"https:\/\/atalakulo.hu\/holnap\/civilla\/wp-json\/wp\/v2\/users\/27"}],"replies":[{"embeddable":true,"href":"https:\/\/atalakulo.hu\/holnap\/civilla\/wp-json\/wp\/v2\/comments?post=81"}],"version-history":[{"count":46,"href":"https:\/\/atalakulo.hu\/holnap\/civilla\/wp-json\/wp\/v2\/pages\/81\/revisions"}],"predecessor-version":[{"id":640,"href":"https:\/\/atalakulo.hu\/holnap\/civilla\/wp-json\/wp\/v2\/pages\/81\/revisions\/640"}],"wp:attachment":[{"href":"https:\/\/atalakulo.hu\/holnap\/civilla\/wp-json\/wp\/v2\/media?parent=81"}],"curies":[{"name":"wp","href":"https:\/\/api.w.org\/{rel}","templated":true}]}}