{"id":85,"date":"2025-01-08T15:24:08","date_gmt":"2025-01-08T14:24:08","guid":{"rendered":"https:\/\/atalakulo.hu\/holnap\/civilla\/?page_id=85"},"modified":"2025-03-04T18:23:20","modified_gmt":"2025-03-04T17:23:20","slug":"kuldetesunk","status":"publish","type":"page","link":"https:\/\/atalakulo.hu\/holnap\/civilla\/rolunk\/kuldetesunk\/","title":{"rendered":"K\u00fcldet\u00e9s\u00fcnk"},"content":{"rendered":"\t\t<div data-elementor-type=\"wp-page\" data-elementor-id=\"85\" class=\"elementor elementor-85\" data-elementor-post-type=\"page\">\n\t\t\t\t<div class=\"elementor-element elementor-element-73006392 e-flex e-con-boxed e-con e-parent\" data-id=\"73006392\" data-element_type=\"container\" data-e-type=\"container\">\n\t\t\t\t\t<div class=\"e-con-inner\">\n\t\t\t\t<div class=\"elementor-element elementor-element-62769350 elementor-widget elementor-widget-text-editor\" data-id=\"62769350\" data-element_type=\"widget\" data-e-type=\"widget\" data-widget_type=\"text-editor.default\">\n\t\t\t\t<div class=\"elementor-widget-container\">\n\t\t\t\t\t\t\t\t\t<blockquote><p style=\"text-align: left;\">A CiVilla p\u00e9ld\u00e1t mutat a k\u00f6z\u00f6ss\u00e9gi \u00f6sszefog\u00e1sra, teret ad az \u00f6nk\u00e9pz\u00e9sre, k\u00e9pz\u00e9sre, \u00e9s hozz\u00e1j\u00e1rul a tudatos \u00e9letvitellel kapcsolatos szeml\u00e9letform\u00e1l\u00e1shoz.<\/p><\/blockquote>\t\t\t\t\t\t\t\t<\/div>\n\t\t\t\t<\/div>\n\t\t\t\t\t<\/div>\n\t\t\t\t<\/div>\n\t\t<div class=\"elementor-element elementor-element-e3fe7ce e-flex e-con-boxed e-con e-parent\" data-id=\"e3fe7ce\" data-element_type=\"container\" data-e-type=\"container\">\n\t\t\t\t\t<div class=\"e-con-inner\">\n\t\t\t\t<div class=\"elementor-element elementor-element-5c54556 elementor-widget elementor-widget-text-editor\" data-id=\"5c54556\" data-element_type=\"widget\" data-e-type=\"widget\" data-widget_type=\"text-editor.default\">\n\t\t\t\t<div class=\"elementor-widget-container\">\n\t\t\t\t\t\t\t\t\t<p style=\"text-align: center;\"><span style=\"font-weight: 400;\">Folyamatosan m\u0171k\u00f6d\u0151 civil k\u00f6z\u00f6ss\u00e9gi h\u00e1zat \u00e9s f\u00fcggetlen k\u00f6z\u00f6ss\u00e9gi teret \u00e1lmodtunk meg, ami befogad sz\u00e1mos kecskem\u00e9ti civil szervezetet. \u00daj civil k\u00f6z\u00f6ss\u00e9gi h\u00e1z, ami f\u00fcggetlen\u00fcl m\u0171k\u00f6dik, \u00faj min\u0151s\u00e9get jelent Kecskem\u00e9ten, ahol az \u00e1lland\u00f3 hellyel nem rendelkez\u0151 szervezetek, \u00e9s kisk\u00f6z\u00f6ss\u00e9gek, fiatalok, akt\u00edv feln\u0151ttek, illetve nyitottan gondolkod\u00f3 sz\u00e9pkor\u00faak r\u00e9szt vehetnek a v\u00e1ros k\u00f6z\u00f6s \u00fcgyeinek demokratikus megbesz\u00e9l\u00e9s\u00e9ben, k\u00fcl\u00f6nf\u00e9le form\u00e1kban diskurzust folytathatnak k\u00f6z\u00f6s emberi \u00e9rt\u00e9keink meger\u0151s\u00edt\u00e9s\u00e9r\u0151l. Fejleszthetik a vitakult\u00far\u00e1t, \u00e9rv\u00e9nyes\u00edthetik szabads\u00e1g jogaikat, bele\u00e9rtve a kisebbs\u00e9gek\u00e9t is. B\u00edzunk benne, hogy a CIVILLA, amit egy\u00fcttm\u0171k\u00f6d\u0151 szervezetek m\u0171k\u00f6dtetnek, r\u00e9szv\u00e9telre \u00f6szt\u00f6nzi majd a helyi k\u00f6z\u00f6ss\u00e9geket.<\/span><\/p><p><span style=\"color: var( --e-global-color-text ); font-family: var( --e-global-typography-text-font-family ), Sans-serif; text-align: var(--text-align); font-size: 14pt;\">\u00a0<\/span><\/p>\t\t\t\t\t\t\t\t<\/div>\n\t\t\t\t<\/div>\n\t\t\t\t\t<\/div>\n\t\t\t\t<\/div>\n\t\t<div class=\"elementor-element elementor-element-85bb213 e-con-full e-flex e-con e-parent\" data-id=\"85bb213\" data-element_type=\"container\" data-e-type=\"container\" data-settings=\"{&quot;background_background&quot;:&quot;classic&quot;}\">\n\t\t\t\t<div class=\"elementor-element elementor-element-9e5e1b1 elementor-widget elementor-widget-heading\" data-id=\"9e5e1b1\" data-element_type=\"widget\" data-e-type=\"widget\" data-widget_type=\"heading.default\">\n\t\t\t\t<div class=\"elementor-widget-container\">\n\t\t\t\t\t<h2 class=\"elementor-heading-title elementor-size-default\">Akik eddig n\u00e1lunk j\u00e1rtak, azt jelezt\u00e9k vissza, hogy nagy \u00f6r\u00f6m sz\u00e1mukra, hogy l\u00e9trej\u00f6tt a v\u00e1rosunkban egy ilyen hely! <\/h2>\t\t\t\t<\/div>\n\t\t\t\t<\/div>\n\t\t\t\t<\/div>\n\t\t<div class=\"elementor-element elementor-element-58760c8 e-con-full e-flex e-con e-parent\" data-id=\"58760c8\" data-element_type=\"container\" data-e-type=\"container\">\n\t\t\t\t<div class=\"elementor-element elementor-element-7e9d95c elementor-widget elementor-widget-rating\" data-id=\"7e9d95c\" data-element_type=\"widget\" data-e-type=\"widget\" data-widget_type=\"rating.default\">\n\t\t\t\t<div class=\"elementor-widget-container\">\n\t\t\t\t\t\t\t<div class=\"e-rating\" itemtype=\"https:\/\/schema.org\/Rating\" itemscope=\"\" itemprop=\"reviewRating\">\n\t\t\t<meta itemprop=\"worstRating\" content=\"0\">\n\t\t\t<meta itemprop=\"bestRating\" content=\"5\">\n\t\t\t<div class=\"e-rating-wrapper\" itemprop=\"ratingValue\" content=\"5\" role=\"img\" aria-label=\"Rated 5 out of 5\">\n\t\t\t\t\t\t\t<div class=\"e-icon\">\n\t\t\t\t<div class=\"e-icon-wrapper e-icon-marked\">\n\t\t\t\t\t<svg aria-hidden=\"true\" class=\"e-font-icon-svg e-fas-star\" viewBox=\"0 0 576 512\" xmlns=\"http:\/\/www.w3.org\/2000\/svg\"><path d=\"M259.3 17.8L194 150.2 47.9 171.5c-26.2 3.8-36.7 36.1-17.7 54.6l105.7 103-25 145.5c-4.5 26.3 23.2 46 46.4 33.7L288 439.6l130.7 68.7c23.2 12.2 50.9-7.4 46.4-33.7l-25-145.5 105.7-103c19-18.5 8.5-50.8-17.7-54.6L382 150.2 316.7 17.8c-11.7-23.6-45.6-23.9-57.4 0z\"><\/path><\/svg>\t\t\t\t<\/div>\n\t\t\t\t<div class=\"e-icon-wrapper e-icon-unmarked\">\n\t\t\t\t\t<svg aria-hidden=\"true\" class=\"e-font-icon-svg e-fas-star\" viewBox=\"0 0 576 512\" xmlns=\"http:\/\/www.w3.org\/2000\/svg\"><path d=\"M259.3 17.8L194 150.2 47.9 171.5c-26.2 3.8-36.7 36.1-17.7 54.6l105.7 103-25 145.5c-4.5 26.3 23.2 46 46.4 33.7L288 439.6l130.7 68.7c23.2 12.2 50.9-7.4 46.4-33.7l-25-145.5 105.7-103c19-18.5 8.5-50.8-17.7-54.6L382 150.2 316.7 17.8c-11.7-23.6-45.6-23.9-57.4 0z\"><\/path><\/svg>\t\t\t\t<\/div>\n\t\t\t<\/div>\n\t\t\t\t\t\t<div class=\"e-icon\">\n\t\t\t\t<div class=\"e-icon-wrapper e-icon-marked\">\n\t\t\t\t\t<svg aria-hidden=\"true\" class=\"e-font-icon-svg e-fas-star\" viewBox=\"0 0 576 512\" xmlns=\"http:\/\/www.w3.org\/2000\/svg\"><path d=\"M259.3 17.8L194 150.2 47.9 171.5c-26.2 3.8-36.7 36.1-17.7 54.6l105.7 103-25 145.5c-4.5 26.3 23.2 46 46.4 33.7L288 439.6l130.7 68.7c23.2 12.2 50.9-7.4 46.4-33.7l-25-145.5 105.7-103c19-18.5 8.5-50.8-17.7-54.6L382 150.2 316.7 17.8c-11.7-23.6-45.6-23.9-57.4 0z\"><\/path><\/svg>\t\t\t\t<\/div>\n\t\t\t\t<div class=\"e-icon-wrapper e-icon-unmarked\">\n\t\t\t\t\t<svg aria-hidden=\"true\" class=\"e-font-icon-svg e-fas-star\" viewBox=\"0 0 576 512\" xmlns=\"http:\/\/www.w3.org\/2000\/svg\"><path d=\"M259.3 17.8L194 150.2 47.9 171.5c-26.2 3.8-36.7 36.1-17.7 54.6l105.7 103-25 145.5c-4.5 26.3 23.2 46 46.4 33.7L288 439.6l130.7 68.7c23.2 12.2 50.9-7.4 46.4-33.7l-25-145.5 105.7-103c19-18.5 8.5-50.8-17.7-54.6L382 150.2 316.7 17.8c-11.7-23.6-45.6-23.9-57.4 0z\"><\/path><\/svg>\t\t\t\t<\/div>\n\t\t\t<\/div>\n\t\t\t\t\t\t<div class=\"e-icon\">\n\t\t\t\t<div class=\"e-icon-wrapper e-icon-marked\">\n\t\t\t\t\t<svg aria-hidden=\"true\" class=\"e-font-icon-svg e-fas-star\" viewBox=\"0 0 576 512\" xmlns=\"http:\/\/www.w3.org\/2000\/svg\"><path d=\"M259.3 17.8L194 150.2 47.9 171.5c-26.2 3.8-36.7 36.1-17.7 54.6l105.7 103-25 145.5c-4.5 26.3 23.2 46 46.4 33.7L288 439.6l130.7 68.7c23.2 12.2 50.9-7.4 46.4-33.7l-25-145.5 105.7-103c19-18.5 8.5-50.8-17.7-54.6L382 150.2 316.7 17.8c-11.7-23.6-45.6-23.9-57.4 0z\"><\/path><\/svg>\t\t\t\t<\/div>\n\t\t\t\t<div class=\"e-icon-wrapper e-icon-unmarked\">\n\t\t\t\t\t<svg aria-hidden=\"true\" class=\"e-font-icon-svg e-fas-star\" viewBox=\"0 0 576 512\" xmlns=\"http:\/\/www.w3.org\/2000\/svg\"><path d=\"M259.3 17.8L194 150.2 47.9 171.5c-26.2 3.8-36.7 36.1-17.7 54.6l105.7 103-25 145.5c-4.5 26.3 23.2 46 46.4 33.7L288 439.6l130.7 68.7c23.2 12.2 50.9-7.4 46.4-33.7l-25-145.5 105.7-103c19-18.5 8.5-50.8-17.7-54.6L382 150.2 316.7 17.8c-11.7-23.6-45.6-23.9-57.4 0z\"><\/path><\/svg>\t\t\t\t<\/div>\n\t\t\t<\/div>\n\t\t\t\t\t\t<div class=\"e-icon\">\n\t\t\t\t<div class=\"e-icon-wrapper e-icon-marked\">\n\t\t\t\t\t<svg aria-hidden=\"true\" class=\"e-font-icon-svg e-fas-star\" viewBox=\"0 0 576 512\" xmlns=\"http:\/\/www.w3.org\/2000\/svg\"><path d=\"M259.3 17.8L194 150.2 47.9 171.5c-26.2 3.8-36.7 36.1-17.7 54.6l105.7 103-25 145.5c-4.5 26.3 23.2 46 46.4 33.7L288 439.6l130.7 68.7c23.2 12.2 50.9-7.4 46.4-33.7l-25-145.5 105.7-103c19-18.5 8.5-50.8-17.7-54.6L382 150.2 316.7 17.8c-11.7-23.6-45.6-23.9-57.4 0z\"><\/path><\/svg>\t\t\t\t<\/div>\n\t\t\t\t<div class=\"e-icon-wrapper e-icon-unmarked\">\n\t\t\t\t\t<svg aria-hidden=\"true\" class=\"e-font-icon-svg e-fas-star\" viewBox=\"0 0 576 512\" xmlns=\"http:\/\/www.w3.org\/2000\/svg\"><path d=\"M259.3 17.8L194 150.2 47.9 171.5c-26.2 3.8-36.7 36.1-17.7 54.6l105.7 103-25 145.5c-4.5 26.3 23.2 46 46.4 33.7L288 439.6l130.7 68.7c23.2 12.2 50.9-7.4 46.4-33.7l-25-145.5 105.7-103c19-18.5 8.5-50.8-17.7-54.6L382 150.2 316.7 17.8c-11.7-23.6-45.6-23.9-57.4 0z\"><\/path><\/svg>\t\t\t\t<\/div>\n\t\t\t<\/div>\n\t\t\t\t\t\t<div class=\"e-icon\">\n\t\t\t\t<div class=\"e-icon-wrapper e-icon-marked\">\n\t\t\t\t\t<svg aria-hidden=\"true\" class=\"e-font-icon-svg e-fas-star\" viewBox=\"0 0 576 512\" xmlns=\"http:\/\/www.w3.org\/2000\/svg\"><path d=\"M259.3 17.8L194 150.2 47.9 171.5c-26.2 3.8-36.7 36.1-17.7 54.6l105.7 103-25 145.5c-4.5 26.3 23.2 46 46.4 33.7L288 439.6l130.7 68.7c23.2 12.2 50.9-7.4 46.4-33.7l-25-145.5 105.7-103c19-18.5 8.5-50.8-17.7-54.6L382 150.2 316.7 17.8c-11.7-23.6-45.6-23.9-57.4 0z\"><\/path><\/svg>\t\t\t\t<\/div>\n\t\t\t\t<div class=\"e-icon-wrapper e-icon-unmarked\">\n\t\t\t\t\t<svg aria-hidden=\"true\" class=\"e-font-icon-svg e-fas-star\" viewBox=\"0 0 576 512\" xmlns=\"http:\/\/www.w3.org\/2000\/svg\"><path d=\"M259.3 17.8L194 150.2 47.9 171.5c-26.2 3.8-36.7 36.1-17.7 54.6l105.7 103-25 145.5c-4.5 26.3 23.2 46 46.4 33.7L288 439.6l130.7 68.7c23.2 12.2 50.9-7.4 46.4-33.7l-25-145.5 105.7-103c19-18.5 8.5-50.8-17.7-54.6L382 150.2 316.7 17.8c-11.7-23.6-45.6-23.9-57.4 0z\"><\/path><\/svg>\t\t\t\t<\/div>\n\t\t\t<\/div>\n\t\t\t\t\t\t<\/div>\n\t\t<\/div>\n\t\t\t\t\t\t<\/div>\n\t\t\t\t<\/div>\n\t\t\t\t<\/div>\n\t\t\t\t<\/div>\n\t\t","protected":false},"excerpt":{"rendered":"<p>A CiVilla p\u00e9ld\u00e1t mutat a k\u00f6z\u00f6ss\u00e9gi \u00f6sszefog\u00e1sra, teret ad az \u00f6nk\u00e9pz\u00e9sre, k\u00e9pz\u00e9sre, \u00e9s hozz\u00e1j\u00e1rul a tudatos \u00e9letvitellel kapcsolatos szeml\u00e9letform\u00e1l\u00e1shoz. Folyamatosan m\u0171k\u00f6d\u0151 civil k\u00f6z\u00f6ss\u00e9gi h\u00e1zat \u00e9s f\u00fcggetlen k\u00f6z\u00f6ss\u00e9gi teret \u00e1lmodtunk meg, ami befogad sz\u00e1mos kecskem\u00e9ti civil szervezetet. \u00daj civil k\u00f6z\u00f6ss\u00e9gi h\u00e1z, ami f\u00fcggetlen\u00fcl m\u0171k\u00f6dik, \u00faj min\u0151s\u00e9get jelent Kecskem\u00e9ten, ahol az \u00e1lland\u00f3 hellyel nem rendelkez\u0151 szervezetek, \u00e9s &hellip; <\/p>\n","protected":false},"author":27,"featured_media":0,"parent":81,"menu_order":0,"comment_status":"closed","ping_status":"closed","template":"","meta":{"_monsterinsights_skip_tracking":false,"_monsterinsights_sitenote_active":false,"_monsterinsights_sitenote_note":"","_monsterinsights_sitenote_category":0,"footnotes":""},"class_list":["post-85","page","type-page","status-publish","hentry","wpautop"],"aioseo_notices":[],"featured_image_src":null,"rttpg_featured_image_url":null,"rttpg_author":{"display_name":"galkati","author_link":"https:\/\/atalakulo.hu\/holnap\/civilla\/author\/galkati\/"},"rttpg_comment":0,"rttpg_category":null,"rttpg_excerpt":"A CiVilla p\u00e9ld\u00e1t mutat a k\u00f6z\u00f6ss\u00e9gi \u00f6sszefog\u00e1sra, teret ad az \u00f6nk\u00e9pz\u00e9sre, k\u00e9pz\u00e9sre, \u00e9s hozz\u00e1j\u00e1rul a tudatos \u00e9letvitellel kapcsolatos szeml\u00e9letform\u00e1l\u00e1shoz. Folyamatosan m\u0171k\u00f6d\u0151 civil k\u00f6z\u00f6ss\u00e9gi h\u00e1zat \u00e9s f\u00fcggetlen k\u00f6z\u00f6ss\u00e9gi teret \u00e1lmodtunk meg, ami befogad sz\u00e1mos kecskem\u00e9ti civil szervezetet. \u00daj civil k\u00f6z\u00f6ss\u00e9gi h\u00e1z, ami f\u00fcggetlen\u00fcl m\u0171k\u00f6dik, \u00faj min\u0151s\u00e9get jelent Kecskem\u00e9ten, ahol az \u00e1lland\u00f3 hellyel nem rendelkez\u0151 szervezetek, \u00e9s&hellip;","_links":{"self":[{"href":"https:\/\/atalakulo.hu\/holnap\/civilla\/wp-json\/wp\/v2\/pages\/85","targetHints":{"allow":["GET"]}}],"collection":[{"href":"https:\/\/atalakulo.hu\/holnap\/civilla\/wp-json\/wp\/v2\/pages"}],"about":[{"href":"https:\/\/atalakulo.hu\/holnap\/civilla\/wp-json\/wp\/v2\/types\/page"}],"author":[{"embeddable":true,"href":"https:\/\/atalakulo.hu\/holnap\/civilla\/wp-json\/wp\/v2\/users\/27"}],"replies":[{"embeddable":true,"href":"https:\/\/atalakulo.hu\/holnap\/civilla\/wp-json\/wp\/v2\/comments?post=85"}],"version-history":[{"count":30,"href":"https:\/\/atalakulo.hu\/holnap\/civilla\/wp-json\/wp\/v2\/pages\/85\/revisions"}],"predecessor-version":[{"id":942,"href":"https:\/\/atalakulo.hu\/holnap\/civilla\/wp-json\/wp\/v2\/pages\/85\/revisions\/942"}],"up":[{"embeddable":true,"href":"https:\/\/atalakulo.hu\/holnap\/civilla\/wp-json\/wp\/v2\/pages\/81"}],"wp:attachment":[{"href":"https:\/\/atalakulo.hu\/holnap\/civilla\/wp-json\/wp\/v2\/media?parent=85"}],"curies":[{"name":"wp","href":"https:\/\/api.w.org\/{rel}","templated":true}]}}